{"id":54722,"date":"2022-09-27T16:05:04","date_gmt":"2022-09-27T19:05:04","guid":{"rendered":"https:\/\/www.argensend.com\/?post_type=product&#038;p=54722"},"modified":"2024-12-06T16:30:49","modified_gmt":"2024-12-06T19:30:49","slug":"lidherma-water-drops","status":"publish","type":"product","link":"https:\/\/www.argensend.com\/en\/product\/lidherma-water-drops\/","title":{"rendered":"Lidherma &#8211; Water Drops"},"content":{"rendered":"","protected":false},"excerpt":{"rendered":"<div class=\"copete\">Gel fluido de textura sedosa con un innovador activo biotecnol\u00f3gico bifuncional osmopretector, que brinda hidrataci\u00f3n instant\u00e1nea y prolongada.<\/div>\n<div><\/div>\n<div class=\"texto\">Adem\u00e1s, contiene \u00c1cido Hialur\u00f3nico de bajo peso molecular (BPM) cuya trama retiene las mol\u00e9culas de agua, y Carrageninas extra\u00eddas de algas de aguas profundas, que mejoran la elasticidad y la firmeza de la piel. Brinda una hidrataci\u00f3n intensa y prolongada. Aplicar sobre la piel limpia del rostro,cuello y escote. Repetir cada vez que se desee.<\/div>\n<div><\/div>\n<div>\n<ul>\n<li>.\u00a0Funci\u00f3n:\u00a0<a href=\"https:\/\/www.lidherma.com\/productos\/categoria\/funcion\/hidratacion.html\" rel=\"1\">Hidrataci\u00f3n<\/a><\/li>\n<li>.\u00a0L\u00edneas:\u00a0<a href=\"https:\/\/www.lidherma.com\/productos\/categoria\/lineas\/biosmotic.html\" rel=\"2\">Biosmotic<\/a><\/li>\n<li>.\u00a0Tipo de piel:\u00a0<a href=\"https:\/\/www.lidherma.com\/productos\/categoria\/tipo-de-piel\/seca.html\" rel=\"3\">Seca<\/a>,\u00a0<a href=\"https:\/\/www.lidherma.com\/productos\/categoria\/tipo-de-piel\/normal.html\" rel=\"3\">Normal<\/a>,\u00a0<a href=\"https:\/\/www.lidherma.com\/productos\/categoria\/tipo-de-piel\/grasa.html\" rel=\"3\">Grasa<\/a>,\u00a0<a href=\"https:\/\/www.lidherma.com\/productos\/categoria\/tipo-de-piel\/mixta.html\" rel=\"3\">Mixta<\/a><\/li>\n<li>.\u00a0Soluci\u00f3n para:\u00a0<a href=\"https:\/\/www.lidherma.com\/productos\/categoria\/solucion-para\/con-arrugas-yo-lineas-de-expresion.html\" rel=\"4\">Con arrugas y\/o l\u00ed\u00adneas de expresi\u00f3n<\/a>,\u00a0<a href=\"https:\/\/www.lidherma.com\/productos\/categoria\/solucion-para\/involutivas.html\" rel=\"4\">Involutivas<\/a>,\u00a0<a href=\"https:\/\/www.lidherma.com\/productos\/categoria\/solucion-para\/fotodanadas.html\" rel=\"4\">Fotoda\u00f1adas<\/a>,\u00a0<a href=\"https:\/\/www.lidherma.com\/productos\/categoria\/solucion-para\/deshidratadas.html\" rel=\"4\">Deshidratadas<\/a><\/li>\n<li>.\u00a0Efecto:\u00a0<a href=\"https:\/\/www.lidherma.com\/productos\/categoria\/efecto\/antiage.html\" rel=\"5\">Antiage<\/a>,\u00a0<a href=\"https:\/\/www.lidherma.com\/productos\/categoria\/efecto\/humectante.html\" rel=\"5\">Humectante<\/a><\/li>\n<li>.\u00a0Tipo:\u00a0<a href=\"https:\/\/www.lidherma.com\/productos\/categoria\/tipo\/rostro.html\" rel=\"24\">Rostro<\/a><\/li>\n<\/ul>\n<ul>\n<li><img decoding=\"async\" data-src=\"https:\/\/www.lidherma.com\/resources\/redesign\/images\/check.png\" src=\"data:image\/svg+xml;base64,PHN2ZyB3aWR0aD0iMSIgaGVpZ2h0PSIxIiB4bWxucz0iaHR0cDovL3d3dy53My5vcmcvMjAwMC9zdmciPjwvc3ZnPg==\" class=\"lazyload\" \/>\u00a0Gel fluido de textura sedosa.<\/li>\n<li><img decoding=\"async\" data-src=\"https:\/\/www.lidherma.com\/resources\/redesign\/images\/check.png\" src=\"data:image\/svg+xml;base64,PHN2ZyB3aWR0aD0iMSIgaGVpZ2h0PSIxIiB4bWxucz0iaHR0cDovL3d3dy53My5vcmcvMjAwMC9zdmciPjwvc3ZnPg==\" class=\"lazyload\" \/>\u00a0Hidrataci\u00f3n instant\u00e1nea, profunda y duradera.<\/li>\n<li><img decoding=\"async\" data-src=\"https:\/\/www.lidherma.com\/resources\/redesign\/images\/check.png\" src=\"data:image\/svg+xml;base64,PHN2ZyB3aWR0aD0iMSIgaGVpZ2h0PSIxIiB4bWxucz0iaHR0cDovL3d3dy53My5vcmcvMjAwMC9zdmciPjwvc3ZnPg==\" class=\"lazyload\" \/>\u00a0Para uso frecuente.<\/li>\n<li><img decoding=\"async\" data-src=\"https:\/\/www.lidherma.com\/resources\/redesign\/images\/check.png\" src=\"data:image\/svg+xml;base64,PHN2ZyB3aWR0aD0iMSIgaGVpZ2h0PSIxIiB4bWxucz0iaHR0cDovL3d3dy53My5vcmcvMjAwMC9zdmciPjwvc3ZnPg==\" class=\"lazyload\" \/>\u00a0Con \u00c1cido Hialur\u00f3nico BPM.<\/li>\n<\/ul>\n<p>Silky-textured fluid gel with an innovative bifunctional osmopretective biotechnological active ingredient that provides instant and prolonged hydration.<\/p>\n<p>In addition, it contains low molecular weight Hyaluronic Acid (LMW) whose weft retains water molecules, and Carrageenans extracted from deep-sea algae, which improve skin elasticity and firmness. Provides intense and prolonged hydration. Apply to cleansed skin on the face, neck and d\u00e9collet\u00e9. Repeat as often as desired.<\/p>\n<\/div>","protected":false},"featured_media":54723,"comment_status":"closed","ping_status":"closed","template":"","meta":{"_acf_changed":false,"om_disable_all_campaigns":false,"_monsterinsights_skip_tracking":false,"_monsterinsights_sitenote_active":false,"_monsterinsights_sitenote_note":"","_monsterinsights_sitenote_category":0},"etheme_brands":[],"product_brand":[],"product_cat":[8935,8818,4453],"product_tag":[9260,1863,9271,3246,1612,5030,9270,3014,456,1618,4265,4685,6494,9259,9274,807,4266,4673],"class_list":{"0":"post-54722","1":"product","2":"type-product","3":"status-publish","4":"has-post-thumbnail","6":"product_cat-belleza-y-salud","7":"product_cat-perfumeria","8":"product_cat-salud-y-belleza-vegana","9":"product_tag-age","10":"product_tag-anti","11":"product_tag-arrugas","12":"product_tag-beauty","13":"product_tag-belleza","14":"product_tag-c","15":"product_tag-contorno","16":"product_tag-cream","17":"product_tag-crema","18":"product_tag-cuidado","19":"product_tag-face","20":"product_tag-facial","21":"product_tag-hidratacion","22":"product_tag-lidherma","23":"product_tag-limpiador","24":"product_tag-salud","25":"product_tag-skin","26":"product_tag-vitamina","28":"first","29":"instock","30":"taxable","31":"shipping-taxable","32":"purchasable","33":"product-type-simple"},"acf":[],"aioseo_notices":[],"_links":{"self":[{"href":"https:\/\/www.argensend.com\/en\/wp-json\/wp\/v2\/product\/54722","targetHints":{"allow":["GET"]}}],"collection":[{"href":"https:\/\/www.argensend.com\/en\/wp-json\/wp\/v2\/product"}],"about":[{"href":"https:\/\/www.argensend.com\/en\/wp-json\/wp\/v2\/types\/product"}],"replies":[{"embeddable":true,"href":"https:\/\/www.argensend.com\/en\/wp-json\/wp\/v2\/comments?post=54722"}],"version-history":[{"count":1,"href":"https:\/\/www.argensend.com\/en\/wp-json\/wp\/v2\/product\/54722\/revisions"}],"predecessor-version":[{"id":87872,"href":"https:\/\/www.argensend.com\/en\/wp-json\/wp\/v2\/product\/54722\/revisions\/87872"}],"wp:featuredmedia":[{"embeddable":true,"href":"https:\/\/www.argensend.com\/en\/wp-json\/wp\/v2\/media\/54723"}],"wp:attachment":[{"href":"https:\/\/www.argensend.com\/en\/wp-json\/wp\/v2\/media?parent=54722"}],"wp:term":[{"taxonomy":"brand","embeddable":true,"href":"https:\/\/www.argensend.com\/en\/wp-json\/wp\/v2\/etheme_brands?post=54722"},{"taxonomy":"product_brand","embeddable":true,"href":"https:\/\/www.argensend.com\/en\/wp-json\/wp\/v2\/product_brand?post=54722"},{"taxonomy":"product_cat","embeddable":true,"href":"https:\/\/www.argensend.com\/en\/wp-json\/wp\/v2\/product_cat?post=54722"},{"taxonomy":"product_tag","embeddable":true,"href":"https:\/\/www.argensend.com\/en\/wp-json\/wp\/v2\/product_tag?post=54722"}],"curies":[{"name":"wp","href":"https:\/\/api.w.org\/{rel}","templated":true}]}}