{"id":55147,"date":"2022-10-14T15:20:30","date_gmt":"2022-10-14T18:20:30","guid":{"rendered":"https:\/\/www.argensend.com\/?post_type=product&#038;p=55147"},"modified":"2024-12-06T16:31:06","modified_gmt":"2024-12-06T19:31:06","slug":"lidherma-plasma-soft-face-cream","status":"publish","type":"product","link":"https:\/\/www.argensend.com\/en\/product\/lidherma-plasma-soft-face-cream\/","title":{"rendered":"Lidherma &#8211; Plasma Soft Face Cream"},"content":{"rendered":"","protected":false},"excerpt":{"rendered":"<div class=\"copete\">\n<div class=\"copete\"><span>Crema muy liviana y fresca que combina la potencia y la efectividad de los activos que brindan una intensa protecci\u00f3n frente a los cambios celulares producidos por el envejecimiento, con el alt\u00edsimo poder de hidrataci\u00f3n del \u00e1cido hialur\u00f3nico de ultra bajo peso molecular biovectorizado.<\/span><\/div>\n<div class=\"texto\">Otorga energ\u00eda y vitalidad a las pieles de todo tipo, incluso las m\u00e1s grasas. Indicada en pieles j\u00f3venes como tratamiento preventivo.<\/div>\n<div>EN:<\/div>\n<div>Very light and fresh cream that combines the power and effectiveness of active ingredients that provide intense protection against cellular changes caused by aging, with the extremely high moisturizing power of biovectorized ultra-low molecular weight hyaluronic acid.<br \/>\nGives energy and vitality to all skin types, even the oiliest. Indicated for young skin as a preventive treatment.<\/div>\n<\/div>","protected":false},"featured_media":55148,"comment_status":"closed","ping_status":"closed","template":"","meta":{"_acf_changed":false,"om_disable_all_campaigns":false,"_monsterinsights_skip_tracking":false,"_monsterinsights_sitenote_active":false,"_monsterinsights_sitenote_note":"","_monsterinsights_sitenote_category":0},"etheme_brands":[],"product_brand":[],"product_cat":[8935],"product_tag":[9260,1863,1612,1618,68,211,4266,9206],"class_list":{"0":"post-55147","1":"product","2":"type-product","3":"status-publish","4":"has-post-thumbnail","6":"product_cat-belleza-y-salud","7":"product_tag-age","8":"product_tag-anti","9":"product_tag-belleza","10":"product_tag-cuidado","11":"product_tag-de","12":"product_tag-piel","13":"product_tag-skin","14":"product_tag-skincare","16":"first","17":"instock","18":"taxable","19":"shipping-taxable","20":"purchasable","21":"product-type-simple"},"acf":[],"aioseo_notices":[],"_links":{"self":[{"href":"https:\/\/www.argensend.com\/en\/wp-json\/wp\/v2\/product\/55147","targetHints":{"allow":["GET"]}}],"collection":[{"href":"https:\/\/www.argensend.com\/en\/wp-json\/wp\/v2\/product"}],"about":[{"href":"https:\/\/www.argensend.com\/en\/wp-json\/wp\/v2\/types\/product"}],"replies":[{"embeddable":true,"href":"https:\/\/www.argensend.com\/en\/wp-json\/wp\/v2\/comments?post=55147"}],"version-history":[{"count":1,"href":"https:\/\/www.argensend.com\/en\/wp-json\/wp\/v2\/product\/55147\/revisions"}],"predecessor-version":[{"id":78360,"href":"https:\/\/www.argensend.com\/en\/wp-json\/wp\/v2\/product\/55147\/revisions\/78360"}],"wp:featuredmedia":[{"embeddable":true,"href":"https:\/\/www.argensend.com\/en\/wp-json\/wp\/v2\/media\/55148"}],"wp:attachment":[{"href":"https:\/\/www.argensend.com\/en\/wp-json\/wp\/v2\/media?parent=55147"}],"wp:term":[{"taxonomy":"brand","embeddable":true,"href":"https:\/\/www.argensend.com\/en\/wp-json\/wp\/v2\/etheme_brands?post=55147"},{"taxonomy":"product_brand","embeddable":true,"href":"https:\/\/www.argensend.com\/en\/wp-json\/wp\/v2\/product_brand?post=55147"},{"taxonomy":"product_cat","embeddable":true,"href":"https:\/\/www.argensend.com\/en\/wp-json\/wp\/v2\/product_cat?post=55147"},{"taxonomy":"product_tag","embeddable":true,"href":"https:\/\/www.argensend.com\/en\/wp-json\/wp\/v2\/product_tag?post=55147"}],"curies":[{"name":"wp","href":"https:\/\/api.w.org\/{rel}","templated":true}]}}