{"id":55165,"date":"2022-10-14T15:40:53","date_gmt":"2022-10-14T18:40:53","guid":{"rendered":"https:\/\/www.argensend.com\/?post_type=product&#038;p=55165"},"modified":"2024-12-06T16:31:09","modified_gmt":"2024-12-06T19:31:09","slug":"lidherma-dherma-tense-treatment-x-10-units","status":"publish","type":"product","link":"https:\/\/www.argensend.com\/en\/product\/lidherma-dherma-tense-treatment-x-10-units\/","title":{"rendered":"Lidherma &#8211; Dherma Tense Treatment 10 Unidades"},"content":{"rendered":"","protected":false},"excerpt":{"rendered":"<p style=\"font-weight: 400;\">Soluci\u00f3n sedosa de alta concentraci\u00f3n que combina activos de gran poder tensor.<\/p>\n<p>Otorga un efecto de turgencia, firmeza y cohesi\u00f3n apreciable y duradero. Simula el efecto de un lifting sin cirug\u00eda. Ayuda a atenuar las arrugas y la p\u00e9rdida de firmeza producidas por la disminuci\u00f3n de la s\u00edntesis de prote\u00ednas de sost\u00e9n y la alteraci\u00f3n de la uni\u00f3n dermoepid\u00e9rmica (UDE). Puede ser utilizada con o sin aparatolog\u00eda.<\/p>\n<p>EN:<\/p>\n<p>Highly concentrated silky solution that combines active ingredients with great tensor power.<br \/>\nProvides a noticeable and long-lasting effect of turgor, firmness and cohesion. Simulates the effect of a facelift without surgery. Helps attenuate wrinkles and loss of firmness caused by a decrease in the synthesis of support proteins and alteration of the dermoepidermal junction (DEU). It can be used with or without appliances.<\/p>\n<p>&nbsp;<\/p>","protected":false},"featured_media":55166,"comment_status":"closed","ping_status":"closed","template":"","meta":{"_acf_changed":false,"om_disable_all_campaigns":false,"_monsterinsights_skip_tracking":false,"_monsterinsights_sitenote_active":false,"_monsterinsights_sitenote_note":"","_monsterinsights_sitenote_category":0},"etheme_brands":[],"product_brand":[],"product_cat":[8935],"product_tag":[9260,1863,1612,1618,68,211,4266,9206],"class_list":{"0":"post-55165","1":"product","2":"type-product","3":"status-publish","4":"has-post-thumbnail","6":"product_cat-belleza-y-salud","7":"product_tag-age","8":"product_tag-anti","9":"product_tag-belleza","10":"product_tag-cuidado","11":"product_tag-de","12":"product_tag-piel","13":"product_tag-skin","14":"product_tag-skincare","16":"first","17":"instock","18":"taxable","19":"shipping-taxable","20":"purchasable","21":"product-type-simple"},"acf":[],"aioseo_notices":[],"_links":{"self":[{"href":"https:\/\/www.argensend.com\/en\/wp-json\/wp\/v2\/product\/55165","targetHints":{"allow":["GET"]}}],"collection":[{"href":"https:\/\/www.argensend.com\/en\/wp-json\/wp\/v2\/product"}],"about":[{"href":"https:\/\/www.argensend.com\/en\/wp-json\/wp\/v2\/types\/product"}],"replies":[{"embeddable":true,"href":"https:\/\/www.argensend.com\/en\/wp-json\/wp\/v2\/comments?post=55165"}],"version-history":[{"count":2,"href":"https:\/\/www.argensend.com\/en\/wp-json\/wp\/v2\/product\/55165\/revisions"}],"predecessor-version":[{"id":104185,"href":"https:\/\/www.argensend.com\/en\/wp-json\/wp\/v2\/product\/55165\/revisions\/104185"}],"wp:featuredmedia":[{"embeddable":true,"href":"https:\/\/www.argensend.com\/en\/wp-json\/wp\/v2\/media\/55166"}],"wp:attachment":[{"href":"https:\/\/www.argensend.com\/en\/wp-json\/wp\/v2\/media?parent=55165"}],"wp:term":[{"taxonomy":"brand","embeddable":true,"href":"https:\/\/www.argensend.com\/en\/wp-json\/wp\/v2\/etheme_brands?post=55165"},{"taxonomy":"product_brand","embeddable":true,"href":"https:\/\/www.argensend.com\/en\/wp-json\/wp\/v2\/product_brand?post=55165"},{"taxonomy":"product_cat","embeddable":true,"href":"https:\/\/www.argensend.com\/en\/wp-json\/wp\/v2\/product_cat?post=55165"},{"taxonomy":"product_tag","embeddable":true,"href":"https:\/\/www.argensend.com\/en\/wp-json\/wp\/v2\/product_tag?post=55165"}],"curies":[{"name":"wp","href":"https:\/\/api.w.org\/{rel}","templated":true}]}}