{"id":55167,"date":"2022-10-14T15:46:30","date_gmt":"2022-10-14T18:46:30","guid":{"rendered":"https:\/\/www.argensend.com\/?post_type=product&#038;p=55167"},"modified":"2024-12-06T16:31:09","modified_gmt":"2024-12-06T19:31:09","slug":"lidherma-dherma-tense-instant-serum","status":"publish","type":"product","link":"https:\/\/www.argensend.com\/en\/product\/lidherma-dherma-tense-instant-serum\/","title":{"rendered":"Lidherma &#8211; Dherma Tense Instant Serum"},"content":{"rendered":"","protected":false},"excerpt":{"rendered":"<div class=\"copete\">Fluido sedoso que provee a la piel del rostro un efecto visible de firmeza y tensi\u00f3n.<\/div>\n<div class=\"texto\">Ayuda a atenuar las arrugas y la p\u00e9rdida de firmeza producidas por la disminuci\u00f3n de la s\u00edntesis de las prote\u00ednas de sost\u00e9n y la alteraci\u00f3n de la uni\u00f3n dermoepid\u00e9rmica. Contiene activos que producen una inmediata sensaci\u00f3n tensora y contribuyen a mejorar la densidad, elasticidad y sost\u00e9n de la piel. Permite observar una piel turgente y luminosa al instante.<\/div>\n<div>EN:<\/div>\n<div>Silky fluid that provides facial skin with a visible firming and tightening effect.<br \/>\nHelps attenuate wrinkles and loss of firmness caused by a decrease in the synthesis of support proteins and alteration of the dermoepidermal junction. It contains active ingredients that produce an immediate tightening sensation and contribute to improve skin density, elasticity and support. It allows to observe a turgid and luminous skin instantly.<\/div>","protected":false},"featured_media":55168,"comment_status":"closed","ping_status":"closed","template":"","meta":{"_acf_changed":false,"om_disable_all_campaigns":false,"_monsterinsights_skip_tracking":false,"_monsterinsights_sitenote_active":false,"_monsterinsights_sitenote_note":"","_monsterinsights_sitenote_category":0},"etheme_brands":[],"product_brand":[],"product_cat":[8935],"product_tag":[9260,1863,1612,1618,68,211,4266,9206],"class_list":{"0":"post-55167","1":"product","2":"type-product","3":"status-publish","4":"has-post-thumbnail","6":"product_cat-belleza-y-salud","7":"product_tag-age","8":"product_tag-anti","9":"product_tag-belleza","10":"product_tag-cuidado","11":"product_tag-de","12":"product_tag-piel","13":"product_tag-skin","14":"product_tag-skincare","16":"first","17":"instock","18":"taxable","19":"shipping-taxable","20":"purchasable","21":"product-type-simple"},"acf":[],"aioseo_notices":[],"_links":{"self":[{"href":"https:\/\/www.argensend.com\/en\/wp-json\/wp\/v2\/product\/55167","targetHints":{"allow":["GET"]}}],"collection":[{"href":"https:\/\/www.argensend.com\/en\/wp-json\/wp\/v2\/product"}],"about":[{"href":"https:\/\/www.argensend.com\/en\/wp-json\/wp\/v2\/types\/product"}],"replies":[{"embeddable":true,"href":"https:\/\/www.argensend.com\/en\/wp-json\/wp\/v2\/comments?post=55167"}],"version-history":[{"count":1,"href":"https:\/\/www.argensend.com\/en\/wp-json\/wp\/v2\/product\/55167\/revisions"}],"predecessor-version":[{"id":89166,"href":"https:\/\/www.argensend.com\/en\/wp-json\/wp\/v2\/product\/55167\/revisions\/89166"}],"wp:featuredmedia":[{"embeddable":true,"href":"https:\/\/www.argensend.com\/en\/wp-json\/wp\/v2\/media\/55168"}],"wp:attachment":[{"href":"https:\/\/www.argensend.com\/en\/wp-json\/wp\/v2\/media?parent=55167"}],"wp:term":[{"taxonomy":"brand","embeddable":true,"href":"https:\/\/www.argensend.com\/en\/wp-json\/wp\/v2\/etheme_brands?post=55167"},{"taxonomy":"product_brand","embeddable":true,"href":"https:\/\/www.argensend.com\/en\/wp-json\/wp\/v2\/product_brand?post=55167"},{"taxonomy":"product_cat","embeddable":true,"href":"https:\/\/www.argensend.com\/en\/wp-json\/wp\/v2\/product_cat?post=55167"},{"taxonomy":"product_tag","embeddable":true,"href":"https:\/\/www.argensend.com\/en\/wp-json\/wp\/v2\/product_tag?post=55167"}],"curies":[{"name":"wp","href":"https:\/\/api.w.org\/{rel}","templated":true}]}}