{"id":55170,"date":"2022-10-14T15:51:00","date_gmt":"2022-10-14T18:51:00","guid":{"rendered":"https:\/\/www.argensend.com\/?post_type=product&#038;p=55170"},"modified":"2024-12-06T16:31:10","modified_gmt":"2024-12-06T19:31:10","slug":"lidherma-dherma-tense-cream","status":"publish","type":"product","link":"https:\/\/www.argensend.com\/en\/product\/lidherma-dherma-tense-cream\/","title":{"rendered":"Lidherma &#8211; Dherma Tense Cream"},"content":{"rendered":"","protected":false},"excerpt":{"rendered":"<div class=\"copete\">Crema de uso diario formulada con m\u00faltiples activos que brindan resistencia, firmeza y cohesi\u00f3n a la piel.<\/div>\n<div class=\"texto\">Reestructura la uni\u00f3n dermo-epid\u00e9rmica, lo que otorga al rostro un aspecto de lozan\u00eda y juventud.<\/div>\n<div>EN:<\/div>\n<div>Daily use cream formulated with multiple active ingredients that provide resistance, firmness and cohesion to the skin.<br \/>\nRestructures the dermo-epidermal junction, giving the face a youthful and fresh appearance.<\/div>","protected":false},"featured_media":55171,"comment_status":"closed","ping_status":"closed","template":"","meta":{"_acf_changed":false,"om_disable_all_campaigns":false,"_monsterinsights_skip_tracking":false,"_monsterinsights_sitenote_active":false,"_monsterinsights_sitenote_note":"","_monsterinsights_sitenote_category":0},"etheme_brands":[],"product_brand":[],"product_cat":[8935],"product_tag":[9260,1863,1612,1618,68,211,4266,9206],"class_list":{"0":"post-55170","1":"product","2":"type-product","3":"status-publish","4":"has-post-thumbnail","6":"product_cat-belleza-y-salud","7":"product_tag-age","8":"product_tag-anti","9":"product_tag-belleza","10":"product_tag-cuidado","11":"product_tag-de","12":"product_tag-piel","13":"product_tag-skin","14":"product_tag-skincare","16":"first","17":"instock","18":"taxable","19":"shipping-taxable","20":"purchasable","21":"product-type-simple"},"acf":[],"aioseo_notices":[],"_links":{"self":[{"href":"https:\/\/www.argensend.com\/en\/wp-json\/wp\/v2\/product\/55170","targetHints":{"allow":["GET"]}}],"collection":[{"href":"https:\/\/www.argensend.com\/en\/wp-json\/wp\/v2\/product"}],"about":[{"href":"https:\/\/www.argensend.com\/en\/wp-json\/wp\/v2\/types\/product"}],"replies":[{"embeddable":true,"href":"https:\/\/www.argensend.com\/en\/wp-json\/wp\/v2\/comments?post=55170"}],"version-history":[{"count":1,"href":"https:\/\/www.argensend.com\/en\/wp-json\/wp\/v2\/product\/55170\/revisions"}],"predecessor-version":[{"id":89165,"href":"https:\/\/www.argensend.com\/en\/wp-json\/wp\/v2\/product\/55170\/revisions\/89165"}],"wp:featuredmedia":[{"embeddable":true,"href":"https:\/\/www.argensend.com\/en\/wp-json\/wp\/v2\/media\/55171"}],"wp:attachment":[{"href":"https:\/\/www.argensend.com\/en\/wp-json\/wp\/v2\/media?parent=55170"}],"wp:term":[{"taxonomy":"brand","embeddable":true,"href":"https:\/\/www.argensend.com\/en\/wp-json\/wp\/v2\/etheme_brands?post=55170"},{"taxonomy":"product_brand","embeddable":true,"href":"https:\/\/www.argensend.com\/en\/wp-json\/wp\/v2\/product_brand?post=55170"},{"taxonomy":"product_cat","embeddable":true,"href":"https:\/\/www.argensend.com\/en\/wp-json\/wp\/v2\/product_cat?post=55170"},{"taxonomy":"product_tag","embeddable":true,"href":"https:\/\/www.argensend.com\/en\/wp-json\/wp\/v2\/product_tag?post=55170"}],"curies":[{"name":"wp","href":"https:\/\/api.w.org\/{rel}","templated":true}]}}