{"id":55180,"date":"2022-10-14T16:02:47","date_gmt":"2022-10-14T19:02:47","guid":{"rendered":"https:\/\/www.argensend.com\/?post_type=product&#038;p=55180"},"modified":"2024-12-06T16:31:10","modified_gmt":"2024-12-06T19:31:10","slug":"lidherma-hydrapore-contorno-de-ojos-hydrapore-eye-contour","status":"publish","type":"product","link":"https:\/\/www.argensend.com\/en\/product\/lidherma-hydrapore-contorno-de-ojos-hydrapore-eye-contour\/","title":{"rendered":"Lidherma &#8211; Hydrapore contorno de Ojos"},"content":{"rendered":"","protected":false},"excerpt":{"rendered":"<div class=\"copete\">\n<div class=\"copete\">Fluido refrescante con potentes activos que hidratan profundamente la zona periocular.<\/div>\n<div class=\"texto\">Contiene una combinaci\u00f3n de ingredientes que ayudan a reparar la barrera lip\u00eddica y a mantener una hidrataci\u00f3n confortable y prolongada. Su aplicador, un pr\u00e1ctico roll on de acero, permite realizar un suave masaje que deja la mirada despejada y fresca.<\/div>\n<div>EN:<br \/>\nRefreshing fluid with powerful active ingredients that deeply hydrate the periocular area.<br \/>\nIt contains a combination of ingredients that help repair the lipid barrier and maintain a comfortable and prolonged hydration. Its applicator, a practical steel roll-on, allows for a gentle massage that leaves the eyes clear and fresh.<\/div>\n<\/div>","protected":false},"featured_media":55181,"comment_status":"closed","ping_status":"closed","template":"","meta":{"_acf_changed":false,"om_disable_all_campaigns":false,"_monsterinsights_skip_tracking":false,"_monsterinsights_sitenote_active":false,"_monsterinsights_sitenote_note":"","_monsterinsights_sitenote_category":0},"etheme_brands":[],"product_brand":[],"product_cat":[8935],"product_tag":[9260,1863,1612,1618,68,211,4266,9206],"class_list":{"0":"post-55180","1":"product","2":"type-product","3":"status-publish","4":"has-post-thumbnail","6":"product_cat-belleza-y-salud","7":"product_tag-age","8":"product_tag-anti","9":"product_tag-belleza","10":"product_tag-cuidado","11":"product_tag-de","12":"product_tag-piel","13":"product_tag-skin","14":"product_tag-skincare","16":"first","17":"instock","18":"taxable","19":"shipping-taxable","20":"purchasable","21":"product-type-simple"},"acf":[],"aioseo_notices":[],"_links":{"self":[{"href":"https:\/\/www.argensend.com\/en\/wp-json\/wp\/v2\/product\/55180","targetHints":{"allow":["GET"]}}],"collection":[{"href":"https:\/\/www.argensend.com\/en\/wp-json\/wp\/v2\/product"}],"about":[{"href":"https:\/\/www.argensend.com\/en\/wp-json\/wp\/v2\/types\/product"}],"replies":[{"embeddable":true,"href":"https:\/\/www.argensend.com\/en\/wp-json\/wp\/v2\/comments?post=55180"}],"version-history":[{"count":2,"href":"https:\/\/www.argensend.com\/en\/wp-json\/wp\/v2\/product\/55180\/revisions"}],"predecessor-version":[{"id":104187,"href":"https:\/\/www.argensend.com\/en\/wp-json\/wp\/v2\/product\/55180\/revisions\/104187"}],"wp:featuredmedia":[{"embeddable":true,"href":"https:\/\/www.argensend.com\/en\/wp-json\/wp\/v2\/media\/55181"}],"wp:attachment":[{"href":"https:\/\/www.argensend.com\/en\/wp-json\/wp\/v2\/media?parent=55180"}],"wp:term":[{"taxonomy":"brand","embeddable":true,"href":"https:\/\/www.argensend.com\/en\/wp-json\/wp\/v2\/etheme_brands?post=55180"},{"taxonomy":"product_brand","embeddable":true,"href":"https:\/\/www.argensend.com\/en\/wp-json\/wp\/v2\/product_brand?post=55180"},{"taxonomy":"product_cat","embeddable":true,"href":"https:\/\/www.argensend.com\/en\/wp-json\/wp\/v2\/product_cat?post=55180"},{"taxonomy":"product_tag","embeddable":true,"href":"https:\/\/www.argensend.com\/en\/wp-json\/wp\/v2\/product_tag?post=55180"}],"curies":[{"name":"wp","href":"https:\/\/api.w.org\/{rel}","templated":true}]}}