{"id":55318,"date":"2022-10-17T21:05:19","date_gmt":"2022-10-18T00:05:19","guid":{"rendered":"https:\/\/www.argensend.com\/?post_type=product&#038;p=55318"},"modified":"2024-12-06T16:31:28","modified_gmt":"2024-12-06T19:31:28","slug":"skala-potao-desmaiado-mascara-vegana-x-1kg","status":"publish","type":"product","link":"https:\/\/www.argensend.com\/en\/product\/skala-potao-desmaiado-mascara-vegana-x-1kg\/","title":{"rendered":"Skala &#8211; Potao Desmaiado M\u00e1scara Vegana 1kg"},"content":{"rendered":"","protected":false},"excerpt":{"rendered":"<p>SKALA EXPERT CREMA 2 EN 1 POTAO DESMAIADO X 1000GR<br \/>\nCrema Hidratante y Para Peinar Anti Frizz Para Todo Tipo de Cabellos<\/p>\n<p>Skala Expert Crema Potao Desmaiado para todo tipo de cabellos, tiene en su f\u00f3rmula una combinaci\u00f3n de aceites que ayudan a eliminar el frizz, devolver vida al cabello opaco, hidratar profundamente y reducir el volumen.<\/p>\n<p>Mix de aceites<br \/>\nAceite de Ricino: Fortalece e ayuda en el combate a la ca\u00edda por quiebra de cabello.<br \/>\nAceite de Arg\u00e1n: Rico en \u00e1cidos grasos y Vitamina E. Ultra-reparaci\u00f3n y brillo.<br \/>\nAceite de Coco: Trae a el cabello reparaci\u00f3n, brillo, suavidad, hidrataci\u00f3n y facilidad para peinar.<\/p>\n<p>\u203a100% Vegano<br \/>\n\u203aSin Sulfatos<br \/>\n\u203aSin Parabenos<br \/>\n\u203aSin Petrolatos<br \/>\n\u203aSin Siliconas<br \/>\n\u203aApto Co-Wash<br \/>\n\u203aNo Testeado En Animales<\/p>\n<p>-MODO DE USO-<br \/>\nSe puede utilizar como acondicionador dejando actuar 3 minutos y enjuagar; como mascara de tratamiento dejando actuar 15 minutos y enjuagar.<\/p>","protected":false},"featured_media":55319,"comment_status":"closed","ping_status":"closed","template":"","meta":{"_acf_changed":false,"om_disable_all_campaigns":false,"_monsterinsights_skip_tracking":false,"_monsterinsights_sitenote_active":false,"_monsterinsights_sitenote_note":"","_monsterinsights_sitenote_category":0},"etheme_brands":[],"product_brand":[],"product_cat":[4453],"product_tag":[1022,456,467,9199,3931,6494,3356,1868,9201,8849,8847,9198,652,9200],"class_list":{"0":"post-55318","1":"product","2":"type-product","3":"status-publish","4":"has-post-thumbnail","6":"product_cat-salud-y-belleza-vegana","7":"product_tag-cabello","8":"product_tag-crema","9":"product_tag-crema-en-pote","10":"product_tag-curlers","11":"product_tag-hair","12":"product_tag-hidratacion","13":"product_tag-mascara","14":"product_tag-oleo","15":"product_tag-ondas","16":"product_tag-peinar","17":"product_tag-rulos","18":"product_tag-skala","19":"product_tag-vegan","20":"product_tag-waves","22":"first","23":"instock","24":"taxable","25":"shipping-taxable","26":"purchasable","27":"product-type-simple"},"acf":[],"aioseo_notices":[],"_links":{"self":[{"href":"https:\/\/www.argensend.com\/en\/wp-json\/wp\/v2\/product\/55318","targetHints":{"allow":["GET"]}}],"collection":[{"href":"https:\/\/www.argensend.com\/en\/wp-json\/wp\/v2\/product"}],"about":[{"href":"https:\/\/www.argensend.com\/en\/wp-json\/wp\/v2\/types\/product"}],"replies":[{"embeddable":true,"href":"https:\/\/www.argensend.com\/en\/wp-json\/wp\/v2\/comments?post=55318"}],"version-history":[{"count":3,"href":"https:\/\/www.argensend.com\/en\/wp-json\/wp\/v2\/product\/55318\/revisions"}],"predecessor-version":[{"id":104203,"href":"https:\/\/www.argensend.com\/en\/wp-json\/wp\/v2\/product\/55318\/revisions\/104203"}],"wp:featuredmedia":[{"embeddable":true,"href":"https:\/\/www.argensend.com\/en\/wp-json\/wp\/v2\/media\/55319"}],"wp:attachment":[{"href":"https:\/\/www.argensend.com\/en\/wp-json\/wp\/v2\/media?parent=55318"}],"wp:term":[{"taxonomy":"brand","embeddable":true,"href":"https:\/\/www.argensend.com\/en\/wp-json\/wp\/v2\/etheme_brands?post=55318"},{"taxonomy":"product_brand","embeddable":true,"href":"https:\/\/www.argensend.com\/en\/wp-json\/wp\/v2\/product_brand?post=55318"},{"taxonomy":"product_cat","embeddable":true,"href":"https:\/\/www.argensend.com\/en\/wp-json\/wp\/v2\/product_cat?post=55318"},{"taxonomy":"product_tag","embeddable":true,"href":"https:\/\/www.argensend.com\/en\/wp-json\/wp\/v2\/product_tag?post=55318"}],"curies":[{"name":"wp","href":"https:\/\/api.w.org\/{rel}","templated":true}]}}