{"id":55404,"date":"2022-10-19T12:14:19","date_gmt":"2022-10-19T15:14:19","guid":{"rendered":"https:\/\/www.argensend.com\/?post_type=product&#038;p=55404"},"modified":"2024-12-06T16:31:29","modified_gmt":"2024-12-06T19:31:29","slug":"skala-dona-mascara-vegana-crema-de-peinar-nutritiva-x-1kg","status":"publish","type":"product","link":"https:\/\/www.argensend.com\/en\/product\/skala-dona-mascara-vegana-crema-de-peinar-nutritiva-x-1kg\/","title":{"rendered":"Skala &#8211; Dona M\u00e1scara Vegana Crema de Peinar Nutritiva 1kg"},"content":{"rendered":"","protected":false},"excerpt":{"rendered":"<p>TRATAMIENTO CAPILAR SKALA &#8211; 100% VEGANOS &#8211; 0% ORIGEN ANIMAL.<br \/>\nF\u00f3rmula libre de sulfatos, parabenos, siliconas, petrolato y \u00f3leo mineral. POTE DE 1 KG.<br \/>\nAGREGA PRODUCTOS MISMO VENDEDOR Y TU ENVIO ES GRATIS!<\/p>\n<p>Crema de tratamiento Dona Skala<br \/>\n2 en 1 &#8211; Crema para peinar y crema de tratamiento.<\/p>\n<p>Para ondulado y liso.<br \/>\n100% liberado.<\/p>\n<p>El Super Pot\u00e3o Dona Skala fue formulado especialmente para tu cabello busca de un producto que sea tu aliado. Es una nutrici\u00f3n en forma de maceta, con su poderoso complejo de aceites vegetales que ayuda a fortalecer. Su f\u00f3rmula no contiene sulfatos, parabenos, siliconas, petrolatos ni aceites minerales.<\/p>\n<p>&#8212;&#8212;&#8212;&#8212;&#8212;&#8212;&#8212;&#8212;&#8212;&#8212;&#8212;&#8212;&#8212;&#8212;&#8212;&#8212;&#8212;&#8212;&#8212;&#8212;&#8212;&#8212;&#8212;&#8212;&#8212;&#8212;&#8212;&#8212;&#8212;&#8212;&#8212;&#8212;&#8212;&#8212;&#8212;&#8212;&#8212;&#8212;&#8212;&#8212;&#8212;&#8212;&#8212;&#8212;&#8212;&#8212;&#8212;&#8212;&#8212;&#8212;&#8212;&#8212;&#8212;&#8212;&#8212;&#8212;&#8212;<\/p>\n<p>SKALA HAIR TREATMENT &#8211; 100% VEGAN &#8211; 0% ANIMAL ORIGIN.<br \/>\nFormula free of sulfates, parabens, silicones, petrolatum and mineral oil. POT OF 1 KG.<br \/>\nADD PRODUCTS FROM THE SAME SELLER AND YOUR SHIPPING IS FREE!<\/p>\n<p>Dona Skala Treatment Cream<br \/>\n2 in 1 &#8211; Styling cream and treatment cream.<\/p>\n<p>For wavy and straight hair.<br \/>\n100% free.<\/p>\n<p>The Super Pot\u00e3o Dona Skala was specially formulated for your hair looking for a product that is your ally. It is a potted nutrition, with its powerful complex of vegetable oils that helps to strengthen. Its formula is free of sulfates, parabens, silicones, petrolatum and mineral oils.<\/p>","protected":false},"featured_media":55405,"comment_status":"closed","ping_status":"closed","template":"","meta":{"_acf_changed":false,"om_disable_all_campaigns":false,"_monsterinsights_skip_tracking":false,"_monsterinsights_sitenote_active":false,"_monsterinsights_sitenote_note":"","_monsterinsights_sitenote_category":0},"etheme_brands":[],"product_brand":[],"product_cat":[8813],"product_tag":[1022,9423,456,467,9199,3931,6325,9201,8847,9198,5845,9200],"class_list":{"0":"post-55404","1":"product","2":"type-product","3":"status-publish","4":"has-post-thumbnail","6":"product_cat-salud-y-belleza-kosher","7":"product_tag-cabello","8":"product_tag-cabello-liso","9":"product_tag-crema","10":"product_tag-crema-en-pote","11":"product_tag-curlers","12":"product_tag-hair","13":"product_tag-liso","14":"product_tag-ondas","15":"product_tag-rulos","16":"product_tag-skala","17":"product_tag-straight","18":"product_tag-waves","20":"first","21":"instock","22":"taxable","23":"shipping-taxable","24":"purchasable","25":"product-type-simple"},"acf":[],"aioseo_notices":[],"_links":{"self":[{"href":"https:\/\/www.argensend.com\/en\/wp-json\/wp\/v2\/product\/55404","targetHints":{"allow":["GET"]}}],"collection":[{"href":"https:\/\/www.argensend.com\/en\/wp-json\/wp\/v2\/product"}],"about":[{"href":"https:\/\/www.argensend.com\/en\/wp-json\/wp\/v2\/types\/product"}],"replies":[{"embeddable":true,"href":"https:\/\/www.argensend.com\/en\/wp-json\/wp\/v2\/comments?post=55404"}],"version-history":[{"count":3,"href":"https:\/\/www.argensend.com\/en\/wp-json\/wp\/v2\/product\/55404\/revisions"}],"predecessor-version":[{"id":104210,"href":"https:\/\/www.argensend.com\/en\/wp-json\/wp\/v2\/product\/55404\/revisions\/104210"}],"wp:featuredmedia":[{"embeddable":true,"href":"https:\/\/www.argensend.com\/en\/wp-json\/wp\/v2\/media\/55405"}],"wp:attachment":[{"href":"https:\/\/www.argensend.com\/en\/wp-json\/wp\/v2\/media?parent=55404"}],"wp:term":[{"taxonomy":"brand","embeddable":true,"href":"https:\/\/www.argensend.com\/en\/wp-json\/wp\/v2\/etheme_brands?post=55404"},{"taxonomy":"product_brand","embeddable":true,"href":"https:\/\/www.argensend.com\/en\/wp-json\/wp\/v2\/product_brand?post=55404"},{"taxonomy":"product_cat","embeddable":true,"href":"https:\/\/www.argensend.com\/en\/wp-json\/wp\/v2\/product_cat?post=55404"},{"taxonomy":"product_tag","embeddable":true,"href":"https:\/\/www.argensend.com\/en\/wp-json\/wp\/v2\/product_tag?post=55404"}],"curies":[{"name":"wp","href":"https:\/\/api.w.org\/{rel}","templated":true}]}}