{"id":55468,"date":"2022-10-21T11:21:34","date_gmt":"2022-10-21T14:21:34","guid":{"rendered":"https:\/\/argensend.com\/?post_type=product&#038;p=55468"},"modified":"2024-12-06T16:31:32","modified_gmt":"2024-12-06T19:31:32","slug":"mascara-capilar-dove-poder-de-las-plantas-fuerza-bambu-x-190-g","status":"publish","type":"product","link":"https:\/\/www.argensend.com\/en\/product\/mascara-capilar-dove-poder-de-las-plantas-fuerza-bambu-x-190-g\/","title":{"rendered":"Dove &#8211; M\u00e1scara Capilar Poder de las Plantas Fuerza + Bamb\u00fa 190gr"},"content":{"rendered":"","protected":false},"excerpt":{"rendered":"<p>Descripci\u00f3n:<br \/>\nNutre y fortalece el cabello d\u00e9bil y quebradizo, dej\u00e1ndolo fuerte, sedoso y naturalmente saludable.<\/p>\n<p>Beneficios:<br \/>\nNutre en profundidad la fibra capilar. Con un 97% de ingredientes de origen natural*, libre de silicio y con aceite de coco enriquecido, recubre la fibra capilar de forma eficaz y potente, reponiendo los l\u00edpidos perdidos y proporcionando un sorprendente resultado de suavidad, fuerza y ??resistencia de los hilos.<\/p>","protected":false},"featured_media":55469,"comment_status":"closed","ping_status":"closed","template":"","meta":{"_acf_changed":false,"om_disable_all_campaigns":false,"_monsterinsights_skip_tracking":false,"_monsterinsights_sitenote_active":false,"_monsterinsights_sitenote_note":"","_monsterinsights_sitenote_category":0},"etheme_brands":[],"product_brand":[],"product_cat":[8935,8819,8820,8813],"product_tag":[6421,3931,3356,9424,7710,3928],"class_list":{"0":"post-55468","1":"product","2":"type-product","3":"status-publish","4":"has-post-thumbnail","6":"product_cat-belleza-y-salud","7":"product_cat-farmacia","8":"product_cat-jabones-y-shampoo","9":"product_cat-salud-y-belleza-kosher","10":"product_tag-dove","11":"product_tag-hair","12":"product_tag-mascara","13":"product_tag-mascara-capilar","14":"product_tag-nutricion","15":"product_tag-pelo","17":"first","18":"instock","19":"taxable","20":"shipping-taxable","21":"purchasable","22":"product-type-simple"},"acf":[],"aioseo_notices":[],"_links":{"self":[{"href":"https:\/\/www.argensend.com\/en\/wp-json\/wp\/v2\/product\/55468","targetHints":{"allow":["GET"]}}],"collection":[{"href":"https:\/\/www.argensend.com\/en\/wp-json\/wp\/v2\/product"}],"about":[{"href":"https:\/\/www.argensend.com\/en\/wp-json\/wp\/v2\/types\/product"}],"replies":[{"embeddable":true,"href":"https:\/\/www.argensend.com\/en\/wp-json\/wp\/v2\/comments?post=55468"}],"version-history":[{"count":4,"href":"https:\/\/www.argensend.com\/en\/wp-json\/wp\/v2\/product\/55468\/revisions"}],"predecessor-version":[{"id":107477,"href":"https:\/\/www.argensend.com\/en\/wp-json\/wp\/v2\/product\/55468\/revisions\/107477"}],"wp:featuredmedia":[{"embeddable":true,"href":"https:\/\/www.argensend.com\/en\/wp-json\/wp\/v2\/media\/55469"}],"wp:attachment":[{"href":"https:\/\/www.argensend.com\/en\/wp-json\/wp\/v2\/media?parent=55468"}],"wp:term":[{"taxonomy":"brand","embeddable":true,"href":"https:\/\/www.argensend.com\/en\/wp-json\/wp\/v2\/etheme_brands?post=55468"},{"taxonomy":"product_brand","embeddable":true,"href":"https:\/\/www.argensend.com\/en\/wp-json\/wp\/v2\/product_brand?post=55468"},{"taxonomy":"product_cat","embeddable":true,"href":"https:\/\/www.argensend.com\/en\/wp-json\/wp\/v2\/product_cat?post=55468"},{"taxonomy":"product_tag","embeddable":true,"href":"https:\/\/www.argensend.com\/en\/wp-json\/wp\/v2\/product_tag?post=55468"}],"curies":[{"name":"wp","href":"https:\/\/api.w.org\/{rel}","templated":true}]}}