{"id":55527,"date":"2022-10-22T15:51:42","date_gmt":"2022-10-22T18:51:42","guid":{"rendered":"https:\/\/argensend.com\/?post_type=product&#038;p=55527"},"modified":"2024-12-06T16:31:34","modified_gmt":"2024-12-06T19:31:34","slug":"munecos-x-3-funko-pop-futbol-mundial-argentina-messi-maradona-di-maria-funko-3d-3d-toy","status":"publish","type":"product","link":"https:\/\/www.argensend.com\/en\/product\/munecos-x-3-funko-pop-futbol-mundial-argentina-messi-maradona-di-maria-funko-3d-3d-toy\/","title":{"rendered":"Funko Pop &#8211; F\u00fatbol Mundial Argentina Messi, Maradona y Di Maria (Mu\u00f1eco 3d)"},"content":{"rendered":"","protected":false},"excerpt":{"rendered":"<p>Este producto tiene una demora m\u00e1xima de 7 dias h\u00e1biles de elaboraci\u00f3n.<\/p>\n<p>\u2026\u2026\u2026\u2026\u2026\u2026\u2026\u2026\u2026\u2026\u2026\u2026\u2026\u2026\u2026\u2026\u2026\u2026\u2026\u2026\u2026\u2026\u2026\u2026\u2026\u2026\u2026\u2026<\/p>\n<p>This product has a maximum production delay of 7 working days.<\/p>","protected":false},"featured_media":55528,"comment_status":"closed","ping_status":"closed","template":"","meta":{"_acf_changed":false,"om_disable_all_campaigns":false,"_monsterinsights_skip_tracking":false,"_monsterinsights_sitenote_active":false,"_monsterinsights_sitenote_note":"","_monsterinsights_sitenote_category":0},"etheme_brands":[],"product_brand":[],"product_cat":[3944,1016],"product_tag":[203,234,224,7890,5874,2102,6733,1050,3350,3816,3666,1213,3352,3252,3351],"class_list":{"0":"post-55527","1":"product","2":"type-product","3":"status-publish","4":"has-post-thumbnail","6":"product_cat-articulos-decorativos","7":"product_cat-maradona","8":"product_tag-argentina","9":"product_tag-argentine","10":"product_tag-argentino","11":"product_tag-collection","12":"product_tag-diego-maradona","13":"product_tag-equipo","14":"product_tag-funko","15":"product_tag-futbol","16":"product_tag-muneco","17":"product_tag-nacional","18":"product_tag-national","19":"product_tag-seleccion","20":"product_tag-soccer","21":"product_tag-team","22":"product_tag-toy","24":"first","25":"instock","26":"sale","27":"taxable","28":"shipping-taxable","29":"purchasable","30":"product-type-simple"},"acf":[],"aioseo_notices":[],"_links":{"self":[{"href":"https:\/\/www.argensend.com\/en\/wp-json\/wp\/v2\/product\/55527","targetHints":{"allow":["GET"]}}],"collection":[{"href":"https:\/\/www.argensend.com\/en\/wp-json\/wp\/v2\/product"}],"about":[{"href":"https:\/\/www.argensend.com\/en\/wp-json\/wp\/v2\/types\/product"}],"replies":[{"embeddable":true,"href":"https:\/\/www.argensend.com\/en\/wp-json\/wp\/v2\/comments?post=55527"}],"version-history":[{"count":3,"href":"https:\/\/www.argensend.com\/en\/wp-json\/wp\/v2\/product\/55527\/revisions"}],"predecessor-version":[{"id":101919,"href":"https:\/\/www.argensend.com\/en\/wp-json\/wp\/v2\/product\/55527\/revisions\/101919"}],"wp:featuredmedia":[{"embeddable":true,"href":"https:\/\/www.argensend.com\/en\/wp-json\/wp\/v2\/media\/55528"}],"wp:attachment":[{"href":"https:\/\/www.argensend.com\/en\/wp-json\/wp\/v2\/media?parent=55527"}],"wp:term":[{"taxonomy":"brand","embeddable":true,"href":"https:\/\/www.argensend.com\/en\/wp-json\/wp\/v2\/etheme_brands?post=55527"},{"taxonomy":"product_brand","embeddable":true,"href":"https:\/\/www.argensend.com\/en\/wp-json\/wp\/v2\/product_brand?post=55527"},{"taxonomy":"product_cat","embeddable":true,"href":"https:\/\/www.argensend.com\/en\/wp-json\/wp\/v2\/product_cat?post=55527"},{"taxonomy":"product_tag","embeddable":true,"href":"https:\/\/www.argensend.com\/en\/wp-json\/wp\/v2\/product_tag?post=55527"}],"curies":[{"name":"wp","href":"https:\/\/api.w.org\/{rel}","templated":true}]}}