{"id":55560,"date":"2022-10-22T22:31:17","date_gmt":"2022-10-23T01:31:17","guid":{"rendered":"https:\/\/www.argensend.com\/?post_type=product&#038;p=55560"},"modified":"2024-12-06T16:31:35","modified_gmt":"2024-12-06T19:31:35","slug":"raices-juliana-awada","status":"publish","type":"product","link":"https:\/\/www.argensend.com\/en\/product\/raices-juliana-awada\/","title":{"rendered":"Raices &#8211; Juliana Awada"},"content":{"rendered":"<p>Ra\u00edces es un camino posible, el que yo he seguido, para alcanzar el bienestar general. Como a todos, a menudo mi cuerpo me ha reclamado modificar algunos h\u00e1bitos y no subestimar sus se\u00f1ales. Sin imponer un estilo mandatorio o excluyente de otras opciones, aqu\u00ed comparto lo que a m\u00ed me sirve cada d\u00eda con la esperanza de que tambi\u00e9n pueda ayudar o inspirar a otros. Desde la infancia, incorpor\u00e9 los beneficios de estar en contacto con la naturaleza y la idea de que vivir en armon\u00eda con ella es una fuente insuperable de calidad de vida. Comer lo que nuestras propias manos siembran y cosechan es una satisfacci\u00f3n \u00fanica. En este libro encontrar\u00e1n los m\u00e9todos y las t\u00e9cnicas que aprend\u00ed de otros para que esta transmisi\u00f3n virtuosa de conocimientos permita que cada vez sean m\u00e1s los que descubran el amor a la tierra y la generosidad de la naturaleza.<\/p>","protected":false},"excerpt":{"rendered":"<p>Este libro es el resultado de m\u00e1s de un a\u00f1o de reflexiones sobre mi presidencia. En sus p\u00e1ginas cuento la historia tal y como la viv\u00ed. Es la cr\u00f3nica de nuestros logros y de las duras batallas que tuvimos que dar contra el populismo.<\/p>\n<p><em>EN:<\/em> This book is the result of more than a year of reflections on my presidency. In its pages I tell the story as I lived it. It is the chronicle of our achievements and the tough battles we had to fight against populism.<\/p>","protected":false},"featured_media":55561,"comment_status":"closed","ping_status":"closed","template":"","meta":{"_acf_changed":false,"om_disable_all_campaigns":false,"_monsterinsights_skip_tracking":false,"_monsterinsights_sitenote_active":false,"_monsterinsights_sitenote_note":"","_monsterinsights_sitenote_category":0},"etheme_brands":[],"product_brand":[],"product_cat":[685],"product_tag":[203,814,812,811,815,817,816,813],"class_list":{"0":"post-55560","1":"product","2":"type-product","3":"status-publish","4":"has-post-thumbnail","6":"product_cat-libros","7":"product_tag-argentina","8":"product_tag-first-time","9":"product_tag-macri","10":"product_tag-mauricio","11":"product_tag-planeta","12":"product_tag-president","13":"product_tag-presidente","14":"product_tag-primer-tiempo","16":"first","17":"instock","18":"taxable","19":"shipping-taxable","20":"purchasable","21":"product-type-simple"},"acf":[],"aioseo_notices":[],"_links":{"self":[{"href":"https:\/\/www.argensend.com\/en\/wp-json\/wp\/v2\/product\/55560","targetHints":{"allow":["GET"]}}],"collection":[{"href":"https:\/\/www.argensend.com\/en\/wp-json\/wp\/v2\/product"}],"about":[{"href":"https:\/\/www.argensend.com\/en\/wp-json\/wp\/v2\/types\/product"}],"replies":[{"embeddable":true,"href":"https:\/\/www.argensend.com\/en\/wp-json\/wp\/v2\/comments?post=55560"}],"version-history":[{"count":1,"href":"https:\/\/www.argensend.com\/en\/wp-json\/wp\/v2\/product\/55560\/revisions"}],"predecessor-version":[{"id":77737,"href":"https:\/\/www.argensend.com\/en\/wp-json\/wp\/v2\/product\/55560\/revisions\/77737"}],"wp:featuredmedia":[{"embeddable":true,"href":"https:\/\/www.argensend.com\/en\/wp-json\/wp\/v2\/media\/55561"}],"wp:attachment":[{"href":"https:\/\/www.argensend.com\/en\/wp-json\/wp\/v2\/media?parent=55560"}],"wp:term":[{"taxonomy":"brand","embeddable":true,"href":"https:\/\/www.argensend.com\/en\/wp-json\/wp\/v2\/etheme_brands?post=55560"},{"taxonomy":"product_brand","embeddable":true,"href":"https:\/\/www.argensend.com\/en\/wp-json\/wp\/v2\/product_brand?post=55560"},{"taxonomy":"product_cat","embeddable":true,"href":"https:\/\/www.argensend.com\/en\/wp-json\/wp\/v2\/product_cat?post=55560"},{"taxonomy":"product_tag","embeddable":true,"href":"https:\/\/www.argensend.com\/en\/wp-json\/wp\/v2\/product_tag?post=55560"}],"curies":[{"name":"wp","href":"https:\/\/api.w.org\/{rel}","templated":true}]}}