{"id":55570,"date":"2022-10-22T22:53:39","date_gmt":"2022-10-23T01:53:39","guid":{"rendered":"https:\/\/www.argensend.com\/?post_type=product&#038;p=55570"},"modified":"2024-12-06T16:31:35","modified_gmt":"2024-12-06T19:31:35","slug":"pack-18-stickers-messi-maradona-argentina","status":"publish","type":"product","link":"https:\/\/www.argensend.com\/en\/product\/pack-18-stickers-messi-maradona-argentina\/","title":{"rendered":"Pack 18 Stickers Messi Maradona Argentina"},"content":{"rendered":"","protected":false},"excerpt":{"rendered":"<p>Este set de calcoman\u00edas es ideal para decorar y ponerle onda a todo lo que desees, desde notebooks hasta cuadernos, carpetas, frascos, muebles, valijas y mucho m\u00e1s. Se entregan en bolsa transparente listas para usarse. Los dise\u00f1os son surtidos, pudiendo encontrar entre ellos a personajes de Los Simpsons, logos de bandas famosas, superh\u00e9roes, marcas reconocidas y personajes de pel\u00edculas.<\/p>\n<p>Aclaraci\u00f3n: las \u00faltimas dos im\u00e1genes son a modo de ejemplo y muestran la forma en la que podr\u00edan ser usadas las calcoman\u00edas.<\/p>\n<p>Medida aproximada de los stickers: 6 cm Alto<\/p>","protected":false},"featured_media":55571,"comment_status":"closed","ping_status":"closed","template":"","meta":{"_acf_changed":false,"om_disable_all_campaigns":false,"_monsterinsights_skip_tracking":false,"_monsterinsights_sitenote_active":false,"_monsterinsights_sitenote_note":"","_monsterinsights_sitenote_category":0},"etheme_brands":[],"product_brand":[],"product_cat":[9012,8792,3944,1212],"product_tag":[972,1977,203,3471,9359,3364,68,3382,3363,9361,4501,1050,5010,4472,1979,165,6101,9360,1060,1213,1368,1051],"class_list":{"0":"post-55570","1":"product","2":"type-product","3":"status-publish","4":"has-post-thumbnail","6":"product_cat-argentina-campeon-del-mundo","7":"product_cat-arte","8":"product_cat-articulos-decorativos","9":"product_cat-seleccion-argentina","10":"product_tag-972","11":"product_tag-afa","12":"product_tag-argentina","13":"product_tag-bandera","14":"product_tag-calcomania","15":"product_tag-d10s","16":"product_tag-de","17":"product_tag-diez","18":"product_tag-dios","19":"product_tag-empanada","20":"product_tag-fanatico","21":"product_tag-futbol","22":"product_tag-hincha","23":"product_tag-mano","24":"product_tag-maradona","25":"product_tag-mate","26":"product_tag-pais","27":"product_tag-pegatina","28":"product_tag-pelota","29":"product_tag-seleccion","30":"product_tag-sticker","31":"product_tag-termo","33":"first","34":"outofstock","35":"taxable","36":"shipping-taxable","37":"purchasable","38":"product-type-simple"},"acf":[],"aioseo_notices":[],"_links":{"self":[{"href":"https:\/\/www.argensend.com\/en\/wp-json\/wp\/v2\/product\/55570","targetHints":{"allow":["GET"]}}],"collection":[{"href":"https:\/\/www.argensend.com\/en\/wp-json\/wp\/v2\/product"}],"about":[{"href":"https:\/\/www.argensend.com\/en\/wp-json\/wp\/v2\/types\/product"}],"replies":[{"embeddable":true,"href":"https:\/\/www.argensend.com\/en\/wp-json\/wp\/v2\/comments?post=55570"}],"version-history":[{"count":1,"href":"https:\/\/www.argensend.com\/en\/wp-json\/wp\/v2\/product\/55570\/revisions"}],"predecessor-version":[{"id":87267,"href":"https:\/\/www.argensend.com\/en\/wp-json\/wp\/v2\/product\/55570\/revisions\/87267"}],"wp:featuredmedia":[{"embeddable":true,"href":"https:\/\/www.argensend.com\/en\/wp-json\/wp\/v2\/media\/55571"}],"wp:attachment":[{"href":"https:\/\/www.argensend.com\/en\/wp-json\/wp\/v2\/media?parent=55570"}],"wp:term":[{"taxonomy":"brand","embeddable":true,"href":"https:\/\/www.argensend.com\/en\/wp-json\/wp\/v2\/etheme_brands?post=55570"},{"taxonomy":"product_brand","embeddable":true,"href":"https:\/\/www.argensend.com\/en\/wp-json\/wp\/v2\/product_brand?post=55570"},{"taxonomy":"product_cat","embeddable":true,"href":"https:\/\/www.argensend.com\/en\/wp-json\/wp\/v2\/product_cat?post=55570"},{"taxonomy":"product_tag","embeddable":true,"href":"https:\/\/www.argensend.com\/en\/wp-json\/wp\/v2\/product_tag?post=55570"}],"curies":[{"name":"wp","href":"https:\/\/api.w.org\/{rel}","templated":true}]}}