{"id":55650,"date":"2022-10-24T13:07:42","date_gmt":"2022-10-24T16:07:42","guid":{"rendered":"https:\/\/www.argensend.com\/?post_type=product&#038;p=55650"},"modified":"2024-12-06T16:31:40","modified_gmt":"2024-12-06T19:31:40","slug":"dove-acondicionador-hidratacion-intensa-x-400-ml-intense-moisturizing-conditioner-13-52-fl-oz","status":"publish","type":"product","link":"https:\/\/www.argensend.com\/en\/product\/dove-acondicionador-hidratacion-intensa-x-400-ml-intense-moisturizing-conditioner-13-52-fl-oz\/","title":{"rendered":"Dove &#8211; Acondicionador Hidrataci\u00f3n Intensa 400ml"},"content":{"rendered":"","protected":false},"excerpt":{"rendered":"<p>El Acondicionador Dove ayuda a proteger el cabello del desgaste y de los da\u00f1os diario.<\/p>\n<h3>Beneficios:<\/h3>\n<p>Nutre para dejar el cabello sedoso y 5 veces m\u00e1s suave. Hidrataci\u00f3n intensa que te permitir\u00e1 reparar el pelo y las puntas abiertas. Dove te brindar\u00e1 una protecci\u00f3n contra el quiebre, frizz y pelo seco. Utiliza el acondicionador hidratante para conseguir una reparaci\u00f3n y nutrici\u00f3n profunda en tu pelo.<\/p>\n<p>EN:<\/p>\n<p>Dove Conditioner helps protect hair from daily wear and tear and damage.<\/p>\n<p>Benefits:<br \/>\nNourishes to leave hair silky and 5 times softer. Intense hydration that will allow you to repair hair and split ends. Dove will give you protection against breakage, frizz and dry hair. Use the moisturizing conditioner to get deep repair and nourishment to your hair.<\/p>","protected":false},"featured_media":55652,"comment_status":"closed","ping_status":"closed","template":"","meta":{"_acf_changed":false,"om_disable_all_campaigns":false,"_monsterinsights_skip_tracking":false,"_monsterinsights_sitenote_active":false,"_monsterinsights_sitenote_note":"","_monsterinsights_sitenote_category":0},"etheme_brands":[],"product_brand":[],"product_cat":[8935,8820],"product_tag":[5427,1855,6421,6931,6494,3925,9426],"class_list":{"0":"post-55650","1":"product","2":"type-product","3":"status-publish","4":"has-post-thumbnail","6":"product_cat-belleza-y-salud","7":"product_cat-jabones-y-shampoo","8":"product_tag-acondicionador","9":"product_tag-bano","10":"product_tag-dove","11":"product_tag-ducha","12":"product_tag-hidratacion","13":"product_tag-shampoo","14":"product_tag-shower","16":"first","17":"instock","18":"taxable","19":"shipping-taxable","20":"purchasable","21":"product-type-simple"},"acf":[],"aioseo_notices":[],"_links":{"self":[{"href":"https:\/\/www.argensend.com\/en\/wp-json\/wp\/v2\/product\/55650","targetHints":{"allow":["GET"]}}],"collection":[{"href":"https:\/\/www.argensend.com\/en\/wp-json\/wp\/v2\/product"}],"about":[{"href":"https:\/\/www.argensend.com\/en\/wp-json\/wp\/v2\/types\/product"}],"replies":[{"embeddable":true,"href":"https:\/\/www.argensend.com\/en\/wp-json\/wp\/v2\/comments?post=55650"}],"version-history":[{"count":2,"href":"https:\/\/www.argensend.com\/en\/wp-json\/wp\/v2\/product\/55650\/revisions"}],"predecessor-version":[{"id":104240,"href":"https:\/\/www.argensend.com\/en\/wp-json\/wp\/v2\/product\/55650\/revisions\/104240"}],"wp:featuredmedia":[{"embeddable":true,"href":"https:\/\/www.argensend.com\/en\/wp-json\/wp\/v2\/media\/55652"}],"wp:attachment":[{"href":"https:\/\/www.argensend.com\/en\/wp-json\/wp\/v2\/media?parent=55650"}],"wp:term":[{"taxonomy":"brand","embeddable":true,"href":"https:\/\/www.argensend.com\/en\/wp-json\/wp\/v2\/etheme_brands?post=55650"},{"taxonomy":"product_brand","embeddable":true,"href":"https:\/\/www.argensend.com\/en\/wp-json\/wp\/v2\/product_brand?post=55650"},{"taxonomy":"product_cat","embeddable":true,"href":"https:\/\/www.argensend.com\/en\/wp-json\/wp\/v2\/product_cat?post=55650"},{"taxonomy":"product_tag","embeddable":true,"href":"https:\/\/www.argensend.com\/en\/wp-json\/wp\/v2\/product_tag?post=55650"}],"curies":[{"name":"wp","href":"https:\/\/api.w.org\/{rel}","templated":true}]}}