{"id":55653,"date":"2022-10-24T13:07:57","date_gmt":"2022-10-24T16:07:57","guid":{"rendered":"https:\/\/www.argensend.com\/?post_type=product&#038;p=55653"},"modified":"2024-12-06T16:31:40","modified_gmt":"2024-12-06T19:31:40","slug":"dove-acondicionador-oleo-nutricion-x-200-ml-nourishing-oil-conditioner-6-76-fl-oz","status":"publish","type":"product","link":"https:\/\/www.argensend.com\/en\/product\/dove-acondicionador-oleo-nutricion-x-200-ml-nourishing-oil-conditioner-6-76-fl-oz\/","title":{"rendered":"Dove &#8211; Acondicionador \u00d3leo Nutrici\u00f3n &#8211; 200ml"},"content":{"rendered":"","protected":false},"excerpt":{"rendered":"<p>Acondicionador Dove \u00d3leo Nutrici\u00f3n deja tu pelo sedoso, hidratado y brilloso. La crema de enjuague que ayuda a suavizar el pelo \u00e1spero y controla el frizz. No deja sensaci\u00f3n grasosa y el pelo queda sumamente suave, sedoso y d\u00f3cil con cada uso. Nutre progresivamente el pelo hasta lo m\u00e1s profundo mejor\u00e1ndolo de los da\u00f1os. Deja tu cabello sin grasitud y lo protegen del desgaste.<\/p>\n<p>EN:<\/p>\n<p>Dove Oil Nourishing Conditioner leaves your hair silky, moisturized and shiny. The rinsing cream that helps smooth rough hair and controls frizz. It leaves no greasy feeling and hair is left extremely soft, silky and manageable with each use. It progressively nourishes the hair deep down improving it from damage. Leaves your hair free of greasiness and protects it from wear and tear.<\/p>","protected":false},"featured_media":55654,"comment_status":"closed","ping_status":"closed","template":"","meta":{"_acf_changed":false,"om_disable_all_campaigns":false,"_monsterinsights_skip_tracking":false,"_monsterinsights_sitenote_active":false,"_monsterinsights_sitenote_note":"","_monsterinsights_sitenote_category":0},"etheme_brands":[],"product_brand":[],"product_cat":[8935,8820],"product_tag":[5427,1855,6421,6931,6494,3925,9426],"class_list":{"0":"post-55653","1":"product","2":"type-product","3":"status-publish","4":"has-post-thumbnail","6":"product_cat-belleza-y-salud","7":"product_cat-jabones-y-shampoo","8":"product_tag-acondicionador","9":"product_tag-bano","10":"product_tag-dove","11":"product_tag-ducha","12":"product_tag-hidratacion","13":"product_tag-shampoo","14":"product_tag-shower","16":"first","17":"instock","18":"taxable","19":"shipping-taxable","20":"purchasable","21":"product-type-simple"},"acf":[],"aioseo_notices":[],"_links":{"self":[{"href":"https:\/\/www.argensend.com\/en\/wp-json\/wp\/v2\/product\/55653","targetHints":{"allow":["GET"]}}],"collection":[{"href":"https:\/\/www.argensend.com\/en\/wp-json\/wp\/v2\/product"}],"about":[{"href":"https:\/\/www.argensend.com\/en\/wp-json\/wp\/v2\/types\/product"}],"replies":[{"embeddable":true,"href":"https:\/\/www.argensend.com\/en\/wp-json\/wp\/v2\/comments?post=55653"}],"version-history":[{"count":2,"href":"https:\/\/www.argensend.com\/en\/wp-json\/wp\/v2\/product\/55653\/revisions"}],"predecessor-version":[{"id":104241,"href":"https:\/\/www.argensend.com\/en\/wp-json\/wp\/v2\/product\/55653\/revisions\/104241"}],"wp:featuredmedia":[{"embeddable":true,"href":"https:\/\/www.argensend.com\/en\/wp-json\/wp\/v2\/media\/55654"}],"wp:attachment":[{"href":"https:\/\/www.argensend.com\/en\/wp-json\/wp\/v2\/media?parent=55653"}],"wp:term":[{"taxonomy":"brand","embeddable":true,"href":"https:\/\/www.argensend.com\/en\/wp-json\/wp\/v2\/etheme_brands?post=55653"},{"taxonomy":"product_brand","embeddable":true,"href":"https:\/\/www.argensend.com\/en\/wp-json\/wp\/v2\/product_brand?post=55653"},{"taxonomy":"product_cat","embeddable":true,"href":"https:\/\/www.argensend.com\/en\/wp-json\/wp\/v2\/product_cat?post=55653"},{"taxonomy":"product_tag","embeddable":true,"href":"https:\/\/www.argensend.com\/en\/wp-json\/wp\/v2\/product_tag?post=55653"}],"curies":[{"name":"wp","href":"https:\/\/api.w.org\/{rel}","templated":true}]}}