{"id":55655,"date":"2022-10-24T13:12:06","date_gmt":"2022-10-24T16:12:06","guid":{"rendered":"https:\/\/www.argensend.com\/?post_type=product&#038;p=55655"},"modified":"2024-12-06T16:31:40","modified_gmt":"2024-12-06T19:31:40","slug":"dove-shampoo-hidratacion-intensa-x-200-ml-intense-moisturizing-shampoo-6-76-fl-oz","status":"publish","type":"product","link":"https:\/\/www.argensend.com\/en\/product\/dove-shampoo-hidratacion-intensa-x-200-ml-intense-moisturizing-shampoo-6-76-fl-oz\/","title":{"rendered":"Dove &#8211; Shampoo Hidrataci\u00f3n Intensa &#8211; 200ml"},"content":{"rendered":"","protected":false},"excerpt":{"rendered":"<p>El cepillado diario, el peinado y la exposici\u00f3n al sol son algunas de las cosas que pueden contribuir al desgaste de nuestro pelo. Pero lograr un pelo sedoso puede no ser tan dif\u00edcil como parece: \u00bfsab\u00edas que con el shampoo hidratante indicado pod\u00e9s ayudar a proteger tu pelo y mantenerlo con mayor suavidad y manejable todos los d\u00edas? Creamos el shampoo Dove Hidrataci\u00f3n Intensa para ayudar a hidratarlo, nutrirlo y protegerlo d\u00e1ndote un pelo sedoso que es hasta 5 veces m\u00e1s suave despu\u00e9s del primer lavado.<\/p>\n<p>Su formulaci\u00f3n \u00fanica con Pro-Hidro Complex suaviza y nutre progresivamente en profundidad, ayudando a que tu pelo se vuelva m\u00e1s saludable lavado tras lavado. Aplic\u00e1 el shampoo Dove Hidrataci\u00f3n Intensa en el pelo mojado, masaje\u00e1 y enjuag\u00e1. Para mejores resultados, us\u00e1 tambi\u00e9n el Acondicionador Dove Hidrataci\u00f3n Intensa. Para experimentar los beneficios totales, usar con el acondicionador Dove Hidrataci\u00f3n Intensa.<\/p>\n<p>El pelo est\u00e1 expuesto durante todo el a\u00f1o a factores ambientales que pueden da\u00f1arlo. Por eso Dove te propone cuidarlo: reparalo, nutrilo e hidratalo con los productos adecuados para lucir un pelo extraordinario, porque nuestro pelo refleja c\u00f3mo somos y c\u00f3mo nos sentimos en cada momento.<br \/>\nSu formulaci\u00f3n nutre profundamente el cabello dej\u00e1ndolo liviano y con movimiento natural.<\/p>\n<p>-El shampoo dove ayuda a proteger el cabello del desgaste y de los da\u00f1os diario.<\/p>\n<p>-Nutre para dejar el cabello sedoso y con 5 veces mayor suavidad.<\/p>\n<p>-Dove hidrataci\u00f3n intensa te permitir\u00e1 reparar el pelo y las puntas abiertas.<\/p>\n<p>-Su formulaci\u00f3n revitaliza profundamente el cabello dej\u00e1ndolo liviano y con brillo.<\/p>\n<p>-Dove te brindar\u00e1 una protecci\u00f3n contra el quiebre, frizz y pelo seco.<\/p>\n<p>-Utiliz\u00e1 el shampoo para conseguir una hidrataci\u00f3n profunda en tu pelo.<\/p>\n<p>EN:<\/p>\n<p>Daily brushing, styling and sun exposure are some of the things that can contribute to wear and tear on our hair. But achieving silky hair may not be as difficult as it seems: did you know that with the right moisturizing shampoo you can help protect your hair and keep it softer and more manageable every day? We created Dove Intense Moisture shampoo to help moisturize, nourish and protect your hair, giving you silky hair that&#8217;s up to 5 times softer after the first wash.<\/p>\n<p>Its unique formulation with Pro-Hydro Complex progressively softens and deeply nourishes, helping your hair become healthier wash after wash. Apply Dove Intense Moisture shampoo to wet hair, massage and rinse. For best results, also use Dove Intense Moisture Conditioner. To experience the full benefits, use with Dove Intense Moisture Conditioner.<\/p>\n<p>Hair is exposed all year round to environmental factors that can damage it. That&#8217;s why Dove proposes to take care of it: repair, nourish and moisturize it with the right products to show off extraordinary hair, because our hair reflects how we are and how we feel at every moment.<br \/>\nIts formulation deeply nourishes the hair leaving it light and with natural movement.<\/p>\n<p>-dove shampoo helps protect hair from daily wear and tear and damage.<\/p>\n<p>-Nourishes to leave hair silky and 5 times softer.<\/p>\n<p>-Dove intense hydration will allow you to repair hair and split ends.<\/p>\n<p>-Its formulation deeply revitalizes hair leaving it light and shiny.<\/p>\n<p>-Dove will provide protection against breakage, frizz and dry hair.<\/p>\n<p>-Use the shampoo to deeply moisturize your hair.<\/p>","protected":false},"featured_media":55656,"comment_status":"closed","ping_status":"closed","template":"","meta":{"_acf_changed":false,"om_disable_all_campaigns":false,"_monsterinsights_skip_tracking":false,"_monsterinsights_sitenote_active":false,"_monsterinsights_sitenote_note":"","_monsterinsights_sitenote_category":0},"etheme_brands":[],"product_brand":[],"product_cat":[8935,8820],"product_tag":[5427,1855,6421,6931,6494,3925,9426],"class_list":{"0":"post-55655","1":"product","2":"type-product","3":"status-publish","4":"has-post-thumbnail","6":"product_cat-belleza-y-salud","7":"product_cat-jabones-y-shampoo","8":"product_tag-acondicionador","9":"product_tag-bano","10":"product_tag-dove","11":"product_tag-ducha","12":"product_tag-hidratacion","13":"product_tag-shampoo","14":"product_tag-shower","16":"first","17":"instock","18":"taxable","19":"shipping-taxable","20":"purchasable","21":"product-type-simple"},"acf":[],"aioseo_notices":[],"_links":{"self":[{"href":"https:\/\/www.argensend.com\/en\/wp-json\/wp\/v2\/product\/55655","targetHints":{"allow":["GET"]}}],"collection":[{"href":"https:\/\/www.argensend.com\/en\/wp-json\/wp\/v2\/product"}],"about":[{"href":"https:\/\/www.argensend.com\/en\/wp-json\/wp\/v2\/types\/product"}],"replies":[{"embeddable":true,"href":"https:\/\/www.argensend.com\/en\/wp-json\/wp\/v2\/comments?post=55655"}],"version-history":[{"count":2,"href":"https:\/\/www.argensend.com\/en\/wp-json\/wp\/v2\/product\/55655\/revisions"}],"predecessor-version":[{"id":104242,"href":"https:\/\/www.argensend.com\/en\/wp-json\/wp\/v2\/product\/55655\/revisions\/104242"}],"wp:featuredmedia":[{"embeddable":true,"href":"https:\/\/www.argensend.com\/en\/wp-json\/wp\/v2\/media\/55656"}],"wp:attachment":[{"href":"https:\/\/www.argensend.com\/en\/wp-json\/wp\/v2\/media?parent=55655"}],"wp:term":[{"taxonomy":"brand","embeddable":true,"href":"https:\/\/www.argensend.com\/en\/wp-json\/wp\/v2\/etheme_brands?post=55655"},{"taxonomy":"product_brand","embeddable":true,"href":"https:\/\/www.argensend.com\/en\/wp-json\/wp\/v2\/product_brand?post=55655"},{"taxonomy":"product_cat","embeddable":true,"href":"https:\/\/www.argensend.com\/en\/wp-json\/wp\/v2\/product_cat?post=55655"},{"taxonomy":"product_tag","embeddable":true,"href":"https:\/\/www.argensend.com\/en\/wp-json\/wp\/v2\/product_tag?post=55655"}],"curies":[{"name":"wp","href":"https:\/\/api.w.org\/{rel}","templated":true}]}}