{"id":55972,"date":"2022-11-02T10:30:11","date_gmt":"2022-11-02T13:30:11","guid":{"rendered":"https:\/\/www.argensend.com\/?post_type=product&#038;p=55972"},"modified":"2025-04-21T13:55:33","modified_gmt":"2025-04-21T16:55:33","slug":"vrink-leche-de-almendras-vainilla-1litro-almond-milk-vanilla-1liter","status":"publish","type":"product","link":"https:\/\/www.argensend.com\/en\/product\/vrink-leche-de-almendras-vainilla-1litro-almond-milk-vanilla-1liter\/","title":{"rendered":"Vrink &#8211; Leche de Almendras Vainilla 1Litro"},"content":{"rendered":"","protected":false},"excerpt":{"rendered":"<p>Vrink Vainilla es como la leche pero de almendras y con sabor a vainilla. Tiene s\u00f3lo 62 calor\u00edas por porci\u00f3n y al ser de origen vegetal no tiene lactosa ni colesterol. Ideal para quienes eligen alimentarse mejor y con m\u00e1s sabor.<\/p>\n<p>Pod\u00e9s usarla para cocinar utilizando la misma medida que con la leche de vaca en recetas como flanes, budines o postres. Es especial para cortar el caf\u00e9 d\u00e1ndole un toque de sabor vainilla y haciendo tu desayuno mucho m\u00e1s liviano y saludable. \u00a1Probala!<\/p>\n<p>EN:<\/p>\n<p>Vrink Vanilla is like almond milk but with vanilla flavor. It has only 62 calories per serving and, being of vegetable origin, it has no lactose or cholesterol. It is ideal for those who choose to eat better and with more flavor.<\/p>\n<p>You can use it for cooking using the same measure as cow&#8217;s milk in recipes such as custards, puddings or desserts. It is special to cut coffee giving it a touch of vanilla flavor and making your breakfast much lighter and healthier. Try it!<\/p>","protected":false},"featured_media":55973,"comment_status":"closed","ping_status":"closed","template":"","meta":{"_acf_changed":false,"om_disable_all_campaigns":false,"_monsterinsights_skip_tracking":false,"_monsterinsights_sitenote_active":false,"_monsterinsights_sitenote_note":"","_monsterinsights_sitenote_category":0},"etheme_brands":[],"product_brand":[],"product_cat":[85,2132,8817],"product_tag":[203,234,224,4343,69,1878,4715,4339,1615,8515,4920],"class_list":{"0":"post-55972","1":"product","2":"type-product","3":"status-publish","4":"has-post-thumbnail","6":"product_cat-bebidas","7":"product_cat-bebidas-veganas","8":"product_cat-sin-alcohol-veganas","9":"product_tag-argentina","10":"product_tag-argentine","11":"product_tag-argentino","12":"product_tag-gluten-free","13":"product_tag-leche","14":"product_tag-mani","15":"product_tag-milk","16":"product_tag-peanut","17":"product_tag-vegetal","18":"product_tag-vrink","19":"product_tag-without-tacc","21":"first","22":"instock","23":"taxable","24":"shipping-taxable","25":"purchasable","26":"product-type-simple"},"acf":[],"aioseo_notices":[],"_links":{"self":[{"href":"https:\/\/www.argensend.com\/en\/wp-json\/wp\/v2\/product\/55972","targetHints":{"allow":["GET"]}}],"collection":[{"href":"https:\/\/www.argensend.com\/en\/wp-json\/wp\/v2\/product"}],"about":[{"href":"https:\/\/www.argensend.com\/en\/wp-json\/wp\/v2\/types\/product"}],"replies":[{"embeddable":true,"href":"https:\/\/www.argensend.com\/en\/wp-json\/wp\/v2\/comments?post=55972"}],"version-history":[{"count":2,"href":"https:\/\/www.argensend.com\/en\/wp-json\/wp\/v2\/product\/55972\/revisions"}],"predecessor-version":[{"id":106564,"href":"https:\/\/www.argensend.com\/en\/wp-json\/wp\/v2\/product\/55972\/revisions\/106564"}],"wp:featuredmedia":[{"embeddable":true,"href":"https:\/\/www.argensend.com\/en\/wp-json\/wp\/v2\/media\/55973"}],"wp:attachment":[{"href":"https:\/\/www.argensend.com\/en\/wp-json\/wp\/v2\/media?parent=55972"}],"wp:term":[{"taxonomy":"brand","embeddable":true,"href":"https:\/\/www.argensend.com\/en\/wp-json\/wp\/v2\/etheme_brands?post=55972"},{"taxonomy":"product_brand","embeddable":true,"href":"https:\/\/www.argensend.com\/en\/wp-json\/wp\/v2\/product_brand?post=55972"},{"taxonomy":"product_cat","embeddable":true,"href":"https:\/\/www.argensend.com\/en\/wp-json\/wp\/v2\/product_cat?post=55972"},{"taxonomy":"product_tag","embeddable":true,"href":"https:\/\/www.argensend.com\/en\/wp-json\/wp\/v2\/product_tag?post=55972"}],"curies":[{"name":"wp","href":"https:\/\/api.w.org\/{rel}","templated":true}]}}