{"id":56513,"date":"2022-11-18T09:41:11","date_gmt":"2022-11-18T12:41:11","guid":{"rendered":"https:\/\/www.argensend.com\/?post_type=product&#038;p=56513"},"modified":"2024-12-06T16:31:50","modified_gmt":"2024-12-06T19:31:50","slug":"ala-jabon-liquido-ropa-fina-camellito-matic-x-450-mlliquid-soap-camellito-fine-clothes-matic-soap-doypack-x-15-21-fl-oz","status":"publish","type":"product","link":"https:\/\/www.argensend.com\/en\/product\/ala-jabon-liquido-ropa-fina-camellito-matic-x-450-mlliquid-soap-camellito-fine-clothes-matic-soap-doypack-x-15-21-fl-oz\/","title":{"rendered":"Ala &#8211; Jab\u00f3n L\u00edquido Ropa Fina Camellito Matic 450ml"},"content":{"rendered":"","protected":false},"excerpt":{"rendered":"<p>Jab\u00f3n L\u00edquido Ropa Fina ALA Matic Camellito Con Una F\u00f3rmula Ph Neutro Para Brindarle Limpieza Y Cuidado A Tus Prendas Delicadas. Nuestro Jab\u00f3n L\u00edquido Para Ropa Delicada Es Ideal Para La Ropa De Beb\u00e9, Ya Que Es Hipoalerg\u00e9nico, Y Est\u00e1 Dermatol\u00f3gicamente Testeado. Adem\u00e1s, Es Ideal Para Tu Ropa Blanca Y Ropa Negra Delicada. Los Art\u00edculos De Limpieza, Matic Son Ideales Para Lavado En Lavarropas Autom\u00e1tico<\/p>\n<p>EN:<\/p>\n<p>ALA Matic Camellito Fine Linen Liquid Soap With a Neutral Ph Formula To Provide Cleanliness And Care To Your Delicate Garments. Our liquid soap for delicate clothes is ideal for baby clothes, as it is hypoallergenic, and is dermatologically tested. In addition, it is ideal for your white clothes and delicate black clothes. The cleaning articles, Matic are ideal for washing in automatic washing machine.<\/p>\n<p>&nbsp;<\/p>","protected":false},"featured_media":56514,"comment_status":"closed","ping_status":"closed","template":"","meta":{"_acf_changed":false,"om_disable_all_campaigns":false,"_monsterinsights_skip_tracking":false,"_monsterinsights_sitenote_active":false,"_monsterinsights_sitenote_note":"","_monsterinsights_sitenote_category":0},"etheme_brands":[],"product_brand":[],"product_cat":[8820],"product_tag":[1947,3295,1168,6451,6442,8293,1943,6928,9439,9438,9440,9442,1065,9441,4458],"class_list":{"0":"post-56513","1":"product","2":"type-product","3":"status-publish","4":"has-post-thumbnail","6":"product_cat-jabones-y-shampoo","7":"product_tag-ala","8":"product_tag-baby","9":"product_tag-bebe","10":"product_tag-clean","11":"product_tag-easy-cleaning","12":"product_tag-fina","13":"product_tag-jabon","14":"product_tag-jabon-liquido","15":"product_tag-laundry","16":"product_tag-lavanderia","17":"product_tag-limpiez","18":"product_tag-matic","19":"product_tag-ropa","20":"product_tag-ropa-bebe","21":"product_tag-soap","23":"first","24":"instock","25":"taxable","26":"shipping-taxable","27":"purchasable","28":"product-type-simple"},"acf":[],"aioseo_notices":[],"_links":{"self":[{"href":"https:\/\/www.argensend.com\/en\/wp-json\/wp\/v2\/product\/56513","targetHints":{"allow":["GET"]}}],"collection":[{"href":"https:\/\/www.argensend.com\/en\/wp-json\/wp\/v2\/product"}],"about":[{"href":"https:\/\/www.argensend.com\/en\/wp-json\/wp\/v2\/types\/product"}],"replies":[{"embeddable":true,"href":"https:\/\/www.argensend.com\/en\/wp-json\/wp\/v2\/comments?post=56513"}],"version-history":[{"count":3,"href":"https:\/\/www.argensend.com\/en\/wp-json\/wp\/v2\/product\/56513\/revisions"}],"predecessor-version":[{"id":104265,"href":"https:\/\/www.argensend.com\/en\/wp-json\/wp\/v2\/product\/56513\/revisions\/104265"}],"wp:featuredmedia":[{"embeddable":true,"href":"https:\/\/www.argensend.com\/en\/wp-json\/wp\/v2\/media\/56514"}],"wp:attachment":[{"href":"https:\/\/www.argensend.com\/en\/wp-json\/wp\/v2\/media?parent=56513"}],"wp:term":[{"taxonomy":"brand","embeddable":true,"href":"https:\/\/www.argensend.com\/en\/wp-json\/wp\/v2\/etheme_brands?post=56513"},{"taxonomy":"product_brand","embeddable":true,"href":"https:\/\/www.argensend.com\/en\/wp-json\/wp\/v2\/product_brand?post=56513"},{"taxonomy":"product_cat","embeddable":true,"href":"https:\/\/www.argensend.com\/en\/wp-json\/wp\/v2\/product_cat?post=56513"},{"taxonomy":"product_tag","embeddable":true,"href":"https:\/\/www.argensend.com\/en\/wp-json\/wp\/v2\/product_tag?post=56513"}],"curies":[{"name":"wp","href":"https:\/\/api.w.org\/{rel}","templated":true}]}}