{"id":56517,"date":"2022-11-18T09:49:49","date_gmt":"2022-11-18T12:49:49","guid":{"rendered":"https:\/\/www.argensend.com\/?post_type=product&#038;p=56517"},"modified":"2024-12-06T16:31:50","modified_gmt":"2024-12-06T19:31:50","slug":"vivere-suavizante-concentrado-intense-abrazo-apretado-x-1l-intense-tight-hug-softener-concentratex-33-81-fl-oz","status":"publish","type":"product","link":"https:\/\/www.argensend.com\/en\/product\/vivere-suavizante-concentrado-intense-abrazo-apretado-x-1l-intense-tight-hug-softener-concentratex-33-81-fl-oz\/","title":{"rendered":"Vivere &#8211; Suavizante concentrado Intense Abrazo Apretado 1l"},"content":{"rendered":"","protected":false},"excerpt":{"rendered":"<p>Vivere Intense Abrazo Apretado Es Un Suavizante Concentrado.Contiene 3 Veces M\u00e1s Perfume, Una Suavidad Incre\u00edble Y La Nueva Tecnolog\u00eda De Protecci\u00f3n Contra Malos Olores, Que Mantiene Tu Ropa Perfumada Por Mucho M\u00e1s Tiempo. Protege Tu Ropa Y, Al Mismo Tiempo, Brinda 100% M\u00e1s De Frescura Prolongada. VIVERE Contiene Esa M\u00e1gica Sensaci\u00f3n De Estar Al Aire Libre, Para Que Puedas Disfrutar De La Fragancia De Larga Duraci\u00f3n Y De Una Incre\u00edble Suavidad.Los Suavizantes Para La Ropa VIVERE Protegen Suavemente Cada Fibra Y Ayudan A Que Mantengan La Elasticidad; Dejando La Ropa M\u00e1s Suave, Perfumada Y Fresca, Durante M\u00e1s Tiempo.<\/p>\n<p>EN:<\/p>\n<p>Vivere Intense Tight Hug is a concentrated fabric softener that contains 3 times more perfume, incredible softness and new odor protection technology that keeps your clothes scented for much longer. Protects your clothes and, at the same time, provides 100% more prolonged freshness. VIVERE contains that magical feeling of being outdoors, so you can enjoy the long-lasting fragrance and incredible softness.VIVERE fabric softeners gently protect each fiber and help maintain elasticity; leaving clothes softer, scented and fresh, for longer.<\/p>","protected":false},"featured_media":56518,"comment_status":"closed","ping_status":"closed","template":"","meta":{"_acf_changed":false,"om_disable_all_campaigns":false,"_monsterinsights_skip_tracking":false,"_monsterinsights_sitenote_active":false,"_monsterinsights_sitenote_note":"","_monsterinsights_sitenote_category":0},"etheme_brands":[],"product_brand":[],"product_cat":[8820,676],"product_tag":[6199,6442,6833,1943,6928,9439,9438,9440,1065,4458,9443,9444],"class_list":{"0":"post-56517","1":"product","2":"type-product","3":"status-publish","4":"has-post-thumbnail","6":"product_cat-jabones-y-shampoo","7":"product_cat-productos-limpieza","8":"product_tag-dream","9":"product_tag-easy-cleaning","10":"product_tag-hug","11":"product_tag-jabon","12":"product_tag-jabon-liquido","13":"product_tag-laundry","14":"product_tag-lavanderia","15":"product_tag-limpiez","16":"product_tag-ropa","17":"product_tag-soap","18":"product_tag-suavizante","19":"product_tag-vivere","21":"first","22":"outofstock","23":"taxable","24":"shipping-taxable","25":"purchasable","26":"product-type-simple"},"acf":[],"aioseo_notices":[],"_links":{"self":[{"href":"https:\/\/www.argensend.com\/en\/wp-json\/wp\/v2\/product\/56517","targetHints":{"allow":["GET"]}}],"collection":[{"href":"https:\/\/www.argensend.com\/en\/wp-json\/wp\/v2\/product"}],"about":[{"href":"https:\/\/www.argensend.com\/en\/wp-json\/wp\/v2\/types\/product"}],"replies":[{"embeddable":true,"href":"https:\/\/www.argensend.com\/en\/wp-json\/wp\/v2\/comments?post=56517"}],"version-history":[{"count":2,"href":"https:\/\/www.argensend.com\/en\/wp-json\/wp\/v2\/product\/56517\/revisions"}],"predecessor-version":[{"id":104267,"href":"https:\/\/www.argensend.com\/en\/wp-json\/wp\/v2\/product\/56517\/revisions\/104267"}],"wp:featuredmedia":[{"embeddable":true,"href":"https:\/\/www.argensend.com\/en\/wp-json\/wp\/v2\/media\/56518"}],"wp:attachment":[{"href":"https:\/\/www.argensend.com\/en\/wp-json\/wp\/v2\/media?parent=56517"}],"wp:term":[{"taxonomy":"brand","embeddable":true,"href":"https:\/\/www.argensend.com\/en\/wp-json\/wp\/v2\/etheme_brands?post=56517"},{"taxonomy":"product_brand","embeddable":true,"href":"https:\/\/www.argensend.com\/en\/wp-json\/wp\/v2\/product_brand?post=56517"},{"taxonomy":"product_cat","embeddable":true,"href":"https:\/\/www.argensend.com\/en\/wp-json\/wp\/v2\/product_cat?post=56517"},{"taxonomy":"product_tag","embeddable":true,"href":"https:\/\/www.argensend.com\/en\/wp-json\/wp\/v2\/product_tag?post=56517"}],"curies":[{"name":"wp","href":"https:\/\/api.w.org\/{rel}","templated":true}]}}