{"id":57112,"date":"2022-12-07T15:37:58","date_gmt":"2022-12-07T18:37:58","guid":{"rendered":"https:\/\/www.argensend.com\/?post_type=product&#038;p=57112"},"modified":"2024-12-06T16:31:54","modified_gmt":"2024-12-06T19:31:54","slug":"biobellus-tonico-hidratante-y-nutritivo-alantoina-250-ml-biobellus-allantoin-moisturizing-and-nourishing-tonic-250-ml","status":"publish","type":"product","link":"https:\/\/www.argensend.com\/en\/product\/biobellus-tonico-hidratante-y-nutritivo-alantoina-250-ml-biobellus-allantoin-moisturizing-and-nourishing-tonic-250-ml\/","title":{"rendered":"Biobellus &#8211; T\u00f3nico Hidratante y Nutritivo Alantoina 250ml"},"content":{"rendered":"","protected":false},"excerpt":{"rendered":"<p>Biobellus &#8211;\u00a0 T\u00f3nico Hidratante y Nutritivo Alantoina 250 ml<\/p>\n<p>atomizador<\/p>\n<p>La hidrataci\u00f3n y humectaci\u00f3n de la piel puede hacer la diferencia de una piel sana. Por lo cual este t\u00f3nico ayuda a activar la regeneraci\u00f3n celular, descongestiona y tonifica a la vez que higieniza y humecta la piel.<\/p>","protected":false},"featured_media":57113,"comment_status":"closed","ping_status":"closed","template":"","meta":{"_acf_changed":false,"om_disable_all_campaigns":false,"_monsterinsights_skip_tracking":false,"_monsterinsights_sitenote_active":false,"_monsterinsights_sitenote_note":"","_monsterinsights_sitenote_category":0},"etheme_brands":[],"product_brand":[],"product_cat":[8935],"product_tag":[],"class_list":{"0":"post-57112","1":"product","2":"type-product","3":"status-publish","4":"has-post-thumbnail","6":"product_cat-belleza-y-salud","8":"first","9":"instock","10":"taxable","11":"shipping-taxable","12":"purchasable","13":"product-type-simple"},"acf":[],"aioseo_notices":[],"_links":{"self":[{"href":"https:\/\/www.argensend.com\/en\/wp-json\/wp\/v2\/product\/57112","targetHints":{"allow":["GET"]}}],"collection":[{"href":"https:\/\/www.argensend.com\/en\/wp-json\/wp\/v2\/product"}],"about":[{"href":"https:\/\/www.argensend.com\/en\/wp-json\/wp\/v2\/types\/product"}],"replies":[{"embeddable":true,"href":"https:\/\/www.argensend.com\/en\/wp-json\/wp\/v2\/comments?post=57112"}],"version-history":[{"count":2,"href":"https:\/\/www.argensend.com\/en\/wp-json\/wp\/v2\/product\/57112\/revisions"}],"predecessor-version":[{"id":104274,"href":"https:\/\/www.argensend.com\/en\/wp-json\/wp\/v2\/product\/57112\/revisions\/104274"}],"wp:featuredmedia":[{"embeddable":true,"href":"https:\/\/www.argensend.com\/en\/wp-json\/wp\/v2\/media\/57113"}],"wp:attachment":[{"href":"https:\/\/www.argensend.com\/en\/wp-json\/wp\/v2\/media?parent=57112"}],"wp:term":[{"taxonomy":"brand","embeddable":true,"href":"https:\/\/www.argensend.com\/en\/wp-json\/wp\/v2\/etheme_brands?post=57112"},{"taxonomy":"product_brand","embeddable":true,"href":"https:\/\/www.argensend.com\/en\/wp-json\/wp\/v2\/product_brand?post=57112"},{"taxonomy":"product_cat","embeddable":true,"href":"https:\/\/www.argensend.com\/en\/wp-json\/wp\/v2\/product_cat?post=57112"},{"taxonomy":"product_tag","embeddable":true,"href":"https:\/\/www.argensend.com\/en\/wp-json\/wp\/v2\/product_tag?post=57112"}],"curies":[{"name":"wp","href":"https:\/\/api.w.org\/{rel}","templated":true}]}}