{"id":57437,"date":"2022-12-19T14:46:44","date_gmt":"2022-12-19T17:46:44","guid":{"rendered":"https:\/\/www.argensend.com\/?post_type=product&#038;p=57437"},"modified":"2024-12-06T16:31:56","modified_gmt":"2024-12-06T19:31:56","slug":"funko-dibu-martinez-impreso-en-3d-funko-dibu-martinez-printed-in-3d","status":"publish","type":"product","link":"https:\/\/www.argensend.com\/en\/product\/funko-dibu-martinez-impreso-en-3d-funko-dibu-martinez-printed-in-3d\/","title":{"rendered":"Funko &#8211; Dibu Martinez Impreso en 3d"},"content":{"rendered":"","protected":false},"excerpt":{"rendered":"<p>Este producto tiene una demora m\u00e1xima de 7 dias h\u00e1biles de elaboraci\u00f3n.<\/p>\n<p>\u2026\u2026\u2026\u2026\u2026\u2026\u2026\u2026\u2026\u2026\u2026\u2026\u2026\u2026\u2026\u2026\u2026\u2026\u2026\u2026\u2026\u2026\u2026\u2026\u2026\u2026\u2026\u2026<\/p>\n<p>This product has a maximum production delay of 7 working days.<\/p>","protected":false},"featured_media":57438,"comment_status":"closed","ping_status":"closed","template":"","meta":{"_acf_changed":false,"om_disable_all_campaigns":false,"_monsterinsights_skip_tracking":false,"_monsterinsights_sitenote_active":false,"_monsterinsights_sitenote_note":"","_monsterinsights_sitenote_category":0},"etheme_brands":[],"product_brand":[],"product_cat":[3944,1016],"product_tag":[203,234,224,7890,5874,2102,6733,1050,3350,3816,3666,1213,3352,3252,3351],"class_list":{"0":"post-57437","1":"product","2":"type-product","3":"status-publish","4":"has-post-thumbnail","6":"product_cat-articulos-decorativos","7":"product_cat-maradona","8":"product_tag-argentina","9":"product_tag-argentine","10":"product_tag-argentino","11":"product_tag-collection","12":"product_tag-diego-maradona","13":"product_tag-equipo","14":"product_tag-funko","15":"product_tag-futbol","16":"product_tag-muneco","17":"product_tag-nacional","18":"product_tag-national","19":"product_tag-seleccion","20":"product_tag-soccer","21":"product_tag-team","22":"product_tag-toy","24":"first","25":"instock","26":"taxable","27":"shipping-taxable","28":"purchasable","29":"product-type-simple"},"acf":[],"aioseo_notices":[],"_links":{"self":[{"href":"https:\/\/www.argensend.com\/en\/wp-json\/wp\/v2\/product\/57437","targetHints":{"allow":["GET"]}}],"collection":[{"href":"https:\/\/www.argensend.com\/en\/wp-json\/wp\/v2\/product"}],"about":[{"href":"https:\/\/www.argensend.com\/en\/wp-json\/wp\/v2\/types\/product"}],"replies":[{"embeddable":true,"href":"https:\/\/www.argensend.com\/en\/wp-json\/wp\/v2\/comments?post=57437"}],"version-history":[{"count":2,"href":"https:\/\/www.argensend.com\/en\/wp-json\/wp\/v2\/product\/57437\/revisions"}],"predecessor-version":[{"id":101912,"href":"https:\/\/www.argensend.com\/en\/wp-json\/wp\/v2\/product\/57437\/revisions\/101912"}],"wp:featuredmedia":[{"embeddable":true,"href":"https:\/\/www.argensend.com\/en\/wp-json\/wp\/v2\/media\/57438"}],"wp:attachment":[{"href":"https:\/\/www.argensend.com\/en\/wp-json\/wp\/v2\/media?parent=57437"}],"wp:term":[{"taxonomy":"brand","embeddable":true,"href":"https:\/\/www.argensend.com\/en\/wp-json\/wp\/v2\/etheme_brands?post=57437"},{"taxonomy":"product_brand","embeddable":true,"href":"https:\/\/www.argensend.com\/en\/wp-json\/wp\/v2\/product_brand?post=57437"},{"taxonomy":"product_cat","embeddable":true,"href":"https:\/\/www.argensend.com\/en\/wp-json\/wp\/v2\/product_cat?post=57437"},{"taxonomy":"product_tag","embeddable":true,"href":"https:\/\/www.argensend.com\/en\/wp-json\/wp\/v2\/product_tag?post=57437"}],"curies":[{"name":"wp","href":"https:\/\/api.w.org\/{rel}","templated":true}]}}