{"id":57953,"date":"2022-12-29T09:52:20","date_gmt":"2022-12-29T12:52:20","guid":{"rendered":"https:\/\/www.argensend.com\/?post_type=product&#038;p=57953"},"modified":"2025-01-02T12:21:09","modified_gmt":"2025-01-02T15:21:09","slug":"martinez-roca-libro-yolo-aventuras-book-yolo-adventures","status":"publish","type":"product","link":"https:\/\/www.argensend.com\/en\/product\/martinez-roca-libro-yolo-aventuras-book-yolo-adventures\/","title":{"rendered":"Martinez Roca &#8211; Libro Yolo Aventuras"},"content":{"rendered":"","protected":false},"excerpt":{"rendered":"<p>Los Aventureros han recibido unos correos electr\u00f3nicos con una informaci\u00f3n alarmante: alguien esta destruyendo el Amazonas. Como ellos son los youtubers m\u00e1s comprometidos conel cuidado del medioambiente, deciden ir a investigar&#8230; pero no se imaginan lo que encontrar\u00e1n: robots con formas de dinosaurio, esp\u00edritus del bosque, ciudades perdidas y la malvada entidad desconocida que amenaz\u00f3 con destuirlos. Podr\u00e1n Yolo, Mariana, Nando y Panda salvar la selva m\u00e1s importante del mundo?<\/p>\n<p>EN:<br \/>\nThe Adventurers have received some emails with alarming information: someone is destroying the Amazon. As they are the youtubers most committed to the care of the environment, they decide to investigate&#8230; but they can&#8217;t imagine what they will find: dinosaur-shaped robots, forest spirits, lost cities and the evil unknown entity that threatened to destroy them. Will Yolo, Mariana, Nando and Panda be able to save the most important jungle in the world?<\/p>","protected":false},"featured_media":57954,"comment_status":"closed","ping_status":"closed","template":"","meta":{"_acf_changed":false,"om_disable_all_campaigns":false,"_monsterinsights_skip_tracking":false,"_monsterinsights_sitenote_active":false,"_monsterinsights_sitenote_note":"","_monsterinsights_sitenote_category":0},"etheme_brands":[],"product_brand":[],"product_cat":[685,4227,2165],"product_tag":[9466,755,752,675,1058,92,10631,9465],"class_list":{"0":"post-57953","1":"product","2":"type-product","3":"status-publish","4":"has-post-thumbnail","6":"product_cat-libros","7":"product_cat-libros-infantiles-juveniles","8":"product_cat-navidad","9":"product_tag-aventuras","10":"product_tag-book","11":"product_tag-libro","12":"product_tag-navidad","13":"product_tag-ninos","14":"product_tag-regalo","15":"product_tag-xmass24","16":"product_tag-yolo","18":"first","19":"outofstock","20":"taxable","21":"shipping-taxable","22":"purchasable","23":"product-type-simple"},"acf":[],"aioseo_notices":[],"_links":{"self":[{"href":"https:\/\/www.argensend.com\/en\/wp-json\/wp\/v2\/product\/57953","targetHints":{"allow":["GET"]}}],"collection":[{"href":"https:\/\/www.argensend.com\/en\/wp-json\/wp\/v2\/product"}],"about":[{"href":"https:\/\/www.argensend.com\/en\/wp-json\/wp\/v2\/types\/product"}],"replies":[{"embeddable":true,"href":"https:\/\/www.argensend.com\/en\/wp-json\/wp\/v2\/comments?post=57953"}],"version-history":[{"count":1,"href":"https:\/\/www.argensend.com\/en\/wp-json\/wp\/v2\/product\/57953\/revisions"}],"predecessor-version":[{"id":70974,"href":"https:\/\/www.argensend.com\/en\/wp-json\/wp\/v2\/product\/57953\/revisions\/70974"}],"wp:featuredmedia":[{"embeddable":true,"href":"https:\/\/www.argensend.com\/en\/wp-json\/wp\/v2\/media\/57954"}],"wp:attachment":[{"href":"https:\/\/www.argensend.com\/en\/wp-json\/wp\/v2\/media?parent=57953"}],"wp:term":[{"taxonomy":"brand","embeddable":true,"href":"https:\/\/www.argensend.com\/en\/wp-json\/wp\/v2\/etheme_brands?post=57953"},{"taxonomy":"product_brand","embeddable":true,"href":"https:\/\/www.argensend.com\/en\/wp-json\/wp\/v2\/product_brand?post=57953"},{"taxonomy":"product_cat","embeddable":true,"href":"https:\/\/www.argensend.com\/en\/wp-json\/wp\/v2\/product_cat?post=57953"},{"taxonomy":"product_tag","embeddable":true,"href":"https:\/\/www.argensend.com\/en\/wp-json\/wp\/v2\/product_tag?post=57953"}],"curies":[{"name":"wp","href":"https:\/\/api.w.org\/{rel}","templated":true}]}}