{"id":58077,"date":"2022-12-29T13:58:53","date_gmt":"2022-12-29T16:58:53","guid":{"rendered":"https:\/\/www.argensend.com\/?post_type=product&#038;p=58077"},"modified":"2024-12-06T16:32:22","modified_gmt":"2024-12-06T19:32:22","slug":"van-kampenhout-la-sanacion-viene-desde-afuera-alma-lepik","status":"publish","type":"product","link":"https:\/\/www.argensend.com\/en\/product\/van-kampenhout-la-sanacion-viene-desde-afuera-alma-lepik\/","title":{"rendered":"Van Kampenhout &#8211; la Sanaci\u00f3n Viene Desde Afuera &#8211; Alma Lepik"},"content":{"rendered":"","protected":false},"excerpt":{"rendered":"<p>\u2022 Sinopsis:<br \/>\nDaan van Kampenhout y Bert Hellinger tuvieron una correspondencia larga e intensa referente a la relaci\u00f3n entre Chamanismo y Constelaciones Familiares. Las ideas exploradas en esta correspondencia constituyen el fundamento de este libro, en el cual las din\u00e1micas del trabajo sist\u00e9mico de Bert Hellinger se describen cuidadosamente desde el punto de vista del chamanismo tradicional.<br \/>\nEste libro se\u00f1ala los principios espirituales que subyacen, tanto en el fundamento de la pr\u00e1ctica cham\u00e1nica, como de las Constelaciones Familiares. Las explicaciones te\u00f3ricas se concretan en ejemplos de sesiones con clientes y grupos, en experiencias personales del autor, en rituales en reservas ind\u00edgenas de los Estados Unidos y en an\u00e9cdotas de sus estudios con sanadores tradicionales y chamanes.<\/p>","protected":false},"featured_media":58080,"comment_status":"closed","ping_status":"closed","template":"","meta":{"_acf_changed":false,"om_disable_all_campaigns":false,"_monsterinsights_skip_tracking":false,"_monsterinsights_sitenote_active":false,"_monsterinsights_sitenote_note":"","_monsterinsights_sitenote_category":0},"etheme_brands":[],"product_brand":[],"product_cat":[685],"product_tag":[9483,755,9481,9482,4733],"class_list":{"0":"post-58077","1":"product","2":"type-product","3":"status-publish","4":"has-post-thumbnail","6":"product_cat-libros","7":"product_tag-analisis","8":"product_tag-book","9":"product_tag-contelacion","10":"product_tag-familiares","11":"product_tag-libros","13":"first","14":"instock","15":"taxable","16":"shipping-taxable","17":"purchasable","18":"product-type-simple"},"acf":[],"aioseo_notices":[],"_links":{"self":[{"href":"https:\/\/www.argensend.com\/en\/wp-json\/wp\/v2\/product\/58077","targetHints":{"allow":["GET"]}}],"collection":[{"href":"https:\/\/www.argensend.com\/en\/wp-json\/wp\/v2\/product"}],"about":[{"href":"https:\/\/www.argensend.com\/en\/wp-json\/wp\/v2\/types\/product"}],"replies":[{"embeddable":true,"href":"https:\/\/www.argensend.com\/en\/wp-json\/wp\/v2\/comments?post=58077"}],"version-history":[{"count":2,"href":"https:\/\/www.argensend.com\/en\/wp-json\/wp\/v2\/product\/58077\/revisions"}],"predecessor-version":[{"id":107855,"href":"https:\/\/www.argensend.com\/en\/wp-json\/wp\/v2\/product\/58077\/revisions\/107855"}],"wp:featuredmedia":[{"embeddable":true,"href":"https:\/\/www.argensend.com\/en\/wp-json\/wp\/v2\/media\/58080"}],"wp:attachment":[{"href":"https:\/\/www.argensend.com\/en\/wp-json\/wp\/v2\/media?parent=58077"}],"wp:term":[{"taxonomy":"brand","embeddable":true,"href":"https:\/\/www.argensend.com\/en\/wp-json\/wp\/v2\/etheme_brands?post=58077"},{"taxonomy":"product_brand","embeddable":true,"href":"https:\/\/www.argensend.com\/en\/wp-json\/wp\/v2\/product_brand?post=58077"},{"taxonomy":"product_cat","embeddable":true,"href":"https:\/\/www.argensend.com\/en\/wp-json\/wp\/v2\/product_cat?post=58077"},{"taxonomy":"product_tag","embeddable":true,"href":"https:\/\/www.argensend.com\/en\/wp-json\/wp\/v2\/product_tag?post=58077"}],"curies":[{"name":"wp","href":"https:\/\/api.w.org\/{rel}","templated":true}]}}