{"id":58204,"date":"2022-12-30T14:44:06","date_gmt":"2022-12-30T17:44:06","guid":{"rendered":"https:\/\/www.argensend.com\/?post_type=product&#038;p=58204"},"modified":"2024-12-06T16:32:31","modified_gmt":"2024-12-06T19:32:31","slug":"porta-llaves-pared-scaloneta-scaloneta-wall-key-holder","status":"publish","type":"product","link":"https:\/\/www.argensend.com\/en\/product\/porta-llaves-pared-scaloneta-scaloneta-wall-key-holder\/","title":{"rendered":"Porta LLaves Pared Scaloneta"},"content":{"rendered":"","protected":false},"excerpt":{"rendered":"<p>Aclaraci\u00f3n: el producto se encontrar\u00e1 disponible para ser despachado 5 d\u00edas h\u00e1biles despu\u00e9s de su compra.<\/p>\n<p>EN:<\/p>\n<p>Note: The product will be available for shipment 5 days after your purchase.<\/p>","protected":false},"featured_media":58206,"comment_status":"closed","ping_status":"closed","template":"","meta":{"_acf_changed":false,"om_disable_all_campaigns":false,"_monsterinsights_skip_tracking":false,"_monsterinsights_sitenote_active":false,"_monsterinsights_sitenote_note":"","_monsterinsights_sitenote_category":0},"etheme_brands":[],"product_brand":[],"product_cat":[9012,3600],"product_tag":[783,3417,5931,5396,6586,9495,1050,1976,9496,1121,9403,9494],"class_list":{"0":"post-58204","1":"product","2":"type-product","3":"status-publish","4":"has-post-thumbnail","6":"product_cat-argentina-campeon-del-mundo","7":"product_cat-messi","8":"product_tag-783","9":"product_tag-campeon","10":"product_tag-campeones","11":"product_tag-champion","12":"product_tag-copas","13":"product_tag-escaloneta","14":"product_tag-futbol","15":"product_tag-messi","16":"product_tag-mundia","17":"product_tag-qatar","18":"product_tag-scaloneta","19":"product_tag-scalonetta","21":"first","22":"instock","23":"taxable","24":"shipping-taxable","25":"purchasable","26":"product-type-simple"},"acf":[],"aioseo_notices":[],"_links":{"self":[{"href":"https:\/\/www.argensend.com\/en\/wp-json\/wp\/v2\/product\/58204","targetHints":{"allow":["GET"]}}],"collection":[{"href":"https:\/\/www.argensend.com\/en\/wp-json\/wp\/v2\/product"}],"about":[{"href":"https:\/\/www.argensend.com\/en\/wp-json\/wp\/v2\/types\/product"}],"replies":[{"embeddable":true,"href":"https:\/\/www.argensend.com\/en\/wp-json\/wp\/v2\/comments?post=58204"}],"version-history":[{"count":2,"href":"https:\/\/www.argensend.com\/en\/wp-json\/wp\/v2\/product\/58204\/revisions"}],"predecessor-version":[{"id":72657,"href":"https:\/\/www.argensend.com\/en\/wp-json\/wp\/v2\/product\/58204\/revisions\/72657"}],"wp:featuredmedia":[{"embeddable":true,"href":"https:\/\/www.argensend.com\/en\/wp-json\/wp\/v2\/media\/58206"}],"wp:attachment":[{"href":"https:\/\/www.argensend.com\/en\/wp-json\/wp\/v2\/media?parent=58204"}],"wp:term":[{"taxonomy":"brand","embeddable":true,"href":"https:\/\/www.argensend.com\/en\/wp-json\/wp\/v2\/etheme_brands?post=58204"},{"taxonomy":"product_brand","embeddable":true,"href":"https:\/\/www.argensend.com\/en\/wp-json\/wp\/v2\/product_brand?post=58204"},{"taxonomy":"product_cat","embeddable":true,"href":"https:\/\/www.argensend.com\/en\/wp-json\/wp\/v2\/product_cat?post=58204"},{"taxonomy":"product_tag","embeddable":true,"href":"https:\/\/www.argensend.com\/en\/wp-json\/wp\/v2\/product_tag?post=58204"}],"curies":[{"name":"wp","href":"https:\/\/api.w.org\/{rel}","templated":true}]}}