{"id":58340,"date":"2023-01-04T14:43:22","date_gmt":"2023-01-04T17:43:22","guid":{"rendered":"https:\/\/www.argensend.com\/?post_type=product&#038;p=58340"},"modified":"2024-12-06T16:32:33","modified_gmt":"2024-12-06T19:32:33","slug":"pantene-acondicionador-restauracion-pomada-170-ml-conditioner-restoration-ointment-170-ml","status":"publish","type":"product","link":"https:\/\/www.argensend.com\/en\/product\/pantene-acondicionador-restauracion-pomada-170-ml-conditioner-restoration-ointment-170-ml\/","title":{"rendered":"Pantene &#8211; Acondicionador Restauraci\u00f3n Pomada 170ml"},"content":{"rendered":"","protected":false},"excerpt":{"rendered":"<p id=\"txtComentario\" class=\"fichaProductos\">Acondicionador diario Restauraci\u00f3n reforzado con el poder de la ampolla.<\/p>\n<p id=\"txtComentario\" class=\"fichaProductos\">&#8220;Para un pelo fuerte** que luce saludable. Para un pelo m\u00e1s suave y brillante**. Pelo largo y m\u00e1s fuerte hasta las puntas***. Para mayor vitalidad y brillo en tu pelo utiliza toda la l\u00ednea Pantene Pro-V Restauraci\u00f3n. Pantene, la marca n\u00famero 1 en el mundo en Cuidado del Pelo. Fuerza es belleza. Dano al brillo y suavidad.**vs. Shampoo sin ingredientes acondicionadores. **Fuerza contra el da\u00f1o. ***Fuerza contra el da\u00f1o mec\u00e1nico vs. shampoo sin ingredientes acondicionadores.[C\u00e1lculo de P&amp;G basado en data de ventas de Julio 2015 a Junio 2016]&#8221; Despu\u00e9s Del Shampoo, Aplique Sobre El Cabello H\u00famedo, Deje Actuar Por 3 Minutos, Enjuage Bien, Recomendado Para Uso Diario.\u00a0 Ev\u00edtese El Contacto Con Los Ojos, Suspenda Su Uso Si Observa Alguna Reacci\u00f3n Desfavorable, Mant\u00e9ngase Fuera Del Alcance De Los Ni\u00f1os.<\/p>\n<p>EN.<\/p>\n<p>Daily conditioner Restoration reinforced with the power of the ampoule.<br \/>\n&#8220;For strong** hair that looks healthy. For softer, shinier hair**. Longer, stronger hair all the way to the ends***. For more vitality and shine in your hair use the entire Pantene Pro-V Restoration line. Pantene, the world&#8217;s #1 Hair Care brand. Strength is beauty. Damage to shine and softness **vs. Shampoo without conditioning ingredients. **Strength against damage. ***Strength against mechanical damage vs. shampoo without conditioning ingredients.[P&amp;G calculation based on sales data from July 2015 to June 2016]&#8221; After Shampooing, Apply To Damp Hair, Leave On For 3 Minutes, Rinse Well, Recommended For Daily Use. Avoid Eye Contact, Discontinue Use If Any Unfavorable Reaction Is Observed, Keep Out Of Reach Of Children.<\/p>\n<p>&nbsp;<\/p>\n<p>&nbsp;<\/p>\n","protected":false},"featured_media":58342,"comment_status":"closed","ping_status":"closed","template":"","meta":{"_acf_changed":false,"om_disable_all_campaigns":false,"_monsterinsights_skip_tracking":false,"_monsterinsights_sitenote_active":false,"_monsterinsights_sitenote_note":"","_monsterinsights_sitenote_category":0},"etheme_brands":[],"product_brand":[],"product_cat":[8935,8820],"product_tag":[5427,1855,320,4326,6421,6931,6494,3925,9426],"class_list":{"0":"post-58340","1":"product","2":"type-product","3":"status-publish","4":"has-post-thumbnail","6":"product_cat-belleza-y-salud","7":"product_cat-jabones-y-shampoo","8":"product_tag-acondicionador","9":"product_tag-bano","10":"product_tag-coco","11":"product_tag-curcuma","12":"product_tag-dove","13":"product_tag-ducha","14":"product_tag-hidratacion","15":"product_tag-shampoo","16":"product_tag-shower","18":"first","19":"instock","20":"taxable","21":"shipping-taxable","22":"purchasable","23":"product-type-simple"},"acf":[],"aioseo_notices":[],"_links":{"self":[{"href":"https:\/\/www.argensend.com\/en\/wp-json\/wp\/v2\/product\/58340","targetHints":{"allow":["GET"]}}],"collection":[{"href":"https:\/\/www.argensend.com\/en\/wp-json\/wp\/v2\/product"}],"about":[{"href":"https:\/\/www.argensend.com\/en\/wp-json\/wp\/v2\/types\/product"}],"replies":[{"embeddable":true,"href":"https:\/\/www.argensend.com\/en\/wp-json\/wp\/v2\/comments?post=58340"}],"version-history":[{"count":2,"href":"https:\/\/www.argensend.com\/en\/wp-json\/wp\/v2\/product\/58340\/revisions"}],"predecessor-version":[{"id":104347,"href":"https:\/\/www.argensend.com\/en\/wp-json\/wp\/v2\/product\/58340\/revisions\/104347"}],"wp:featuredmedia":[{"embeddable":true,"href":"https:\/\/www.argensend.com\/en\/wp-json\/wp\/v2\/media\/58342"}],"wp:attachment":[{"href":"https:\/\/www.argensend.com\/en\/wp-json\/wp\/v2\/media?parent=58340"}],"wp:term":[{"taxonomy":"brand","embeddable":true,"href":"https:\/\/www.argensend.com\/en\/wp-json\/wp\/v2\/etheme_brands?post=58340"},{"taxonomy":"product_brand","embeddable":true,"href":"https:\/\/www.argensend.com\/en\/wp-json\/wp\/v2\/product_brand?post=58340"},{"taxonomy":"product_cat","embeddable":true,"href":"https:\/\/www.argensend.com\/en\/wp-json\/wp\/v2\/product_cat?post=58340"},{"taxonomy":"product_tag","embeddable":true,"href":"https:\/\/www.argensend.com\/en\/wp-json\/wp\/v2\/product_tag?post=58340"}],"curies":[{"name":"wp","href":"https:\/\/api.w.org\/{rel}","templated":true}]}}