{"id":58404,"date":"2023-01-05T13:21:24","date_gmt":"2023-01-05T16:21:24","guid":{"rendered":"https:\/\/www.argensend.com\/?post_type=product&#038;p=58404"},"modified":"2024-12-06T16:32:37","modified_gmt":"2024-12-06T19:32:37","slug":"pantene-acondicionador-prov-essentials-bambu-400ml-panetene-prov-essentials-bamboo-conditioner-400ml","status":"publish","type":"product","link":"https:\/\/www.argensend.com\/en\/product\/pantene-acondicionador-prov-essentials-bambu-400ml-panetene-prov-essentials-bamboo-conditioner-400ml\/","title":{"rendered":"Pantene &#8211; Acondicionador Prov EssenT\u00edals Bambu 400ml"},"content":{"rendered":"","protected":false},"excerpt":{"rendered":"<p>&#8220;Nuestra l\u00ednea Bamb\u00fa Nutre &amp; Crece tiene el poder de las Pro-Vitaminas, con una tecnolog\u00eda altamente nutritiva para el pelo que necesita ayuda extra.Su f\u00f3rmula con extracto de bamb\u00fa, \u00f3leo de ricino, antioxidante y Pro-Vitaminas deja tu pelo 100% fuerte* y saludable, mientras ayuda a reducir la ca\u00edda del pelo**.<br \/>\nShampoo 0% parabenos?, colorantes.<\/p>\n<p>*Fuerza contra el quiebre vs. shampoo sin ingredientes acondicionadores<br \/>\n**Ca\u00edda debido al quiebre vs shampoo sin ingredientes acondicionadores?Sin parabenos a\u00f1adidos&#8221;<\/p>\n<p>EN.<\/p>\n<p>&#8220;Our Bamboo Nourish &amp; Grow line has the power of Pro-Vitamins, with a highly nourishing technology for hair that needs extra help. Its formula with bamboo extract, castor oil, antioxidant and Pro-Vitamins leaves your hair 100% strong* and healthy, while helping to reduce hair loss**.<br \/>\nShampoo 0% parabens?, colorants.<\/p>\n<p>*Strength against breakage vs. shampoo without conditioning ingredients.<br \/>\n**Hair loss due to breakage vs. shampoo without conditioning ingredients?no added parabens&#8221;.<\/p>","protected":false},"featured_media":58406,"comment_status":"closed","ping_status":"closed","template":"","meta":{"_acf_changed":false,"om_disable_all_campaigns":false,"_monsterinsights_skip_tracking":false,"_monsterinsights_sitenote_active":false,"_monsterinsights_sitenote_note":"","_monsterinsights_sitenote_category":0},"etheme_brands":[],"product_brand":[],"product_cat":[8935,8820],"product_tag":[5427,1855,320,4326,6931,6494,9499,3925,9426],"class_list":{"0":"post-58404","1":"product","2":"type-product","3":"status-publish","4":"has-post-thumbnail","6":"product_cat-belleza-y-salud","7":"product_cat-jabones-y-shampoo","8":"product_tag-acondicionador","9":"product_tag-bano","10":"product_tag-coco","11":"product_tag-curcuma","12":"product_tag-ducha","13":"product_tag-hidratacion","14":"product_tag-pantene","15":"product_tag-shampoo","16":"product_tag-shower","18":"first","19":"instock","20":"taxable","21":"shipping-taxable","22":"purchasable","23":"product-type-simple"},"acf":[],"aioseo_notices":[],"_links":{"self":[{"href":"https:\/\/www.argensend.com\/en\/wp-json\/wp\/v2\/product\/58404","targetHints":{"allow":["GET"]}}],"collection":[{"href":"https:\/\/www.argensend.com\/en\/wp-json\/wp\/v2\/product"}],"about":[{"href":"https:\/\/www.argensend.com\/en\/wp-json\/wp\/v2\/types\/product"}],"replies":[{"embeddable":true,"href":"https:\/\/www.argensend.com\/en\/wp-json\/wp\/v2\/comments?post=58404"}],"version-history":[{"count":2,"href":"https:\/\/www.argensend.com\/en\/wp-json\/wp\/v2\/product\/58404\/revisions"}],"predecessor-version":[{"id":107503,"href":"https:\/\/www.argensend.com\/en\/wp-json\/wp\/v2\/product\/58404\/revisions\/107503"}],"wp:featuredmedia":[{"embeddable":true,"href":"https:\/\/www.argensend.com\/en\/wp-json\/wp\/v2\/media\/58406"}],"wp:attachment":[{"href":"https:\/\/www.argensend.com\/en\/wp-json\/wp\/v2\/media?parent=58404"}],"wp:term":[{"taxonomy":"brand","embeddable":true,"href":"https:\/\/www.argensend.com\/en\/wp-json\/wp\/v2\/etheme_brands?post=58404"},{"taxonomy":"product_brand","embeddable":true,"href":"https:\/\/www.argensend.com\/en\/wp-json\/wp\/v2\/product_brand?post=58404"},{"taxonomy":"product_cat","embeddable":true,"href":"https:\/\/www.argensend.com\/en\/wp-json\/wp\/v2\/product_cat?post=58404"},{"taxonomy":"product_tag","embeddable":true,"href":"https:\/\/www.argensend.com\/en\/wp-json\/wp\/v2\/product_tag?post=58404"}],"curies":[{"name":"wp","href":"https:\/\/api.w.org\/{rel}","templated":true}]}}