{"id":58433,"date":"2023-01-06T08:46:44","date_gmt":"2023-01-06T11:46:44","guid":{"rendered":"https:\/\/www.argensend.com\/?post_type=product&#038;p=58433"},"modified":"2024-12-06T16:32:37","modified_gmt":"2024-12-06T19:32:37","slug":"pantene-shampoo-essentials-hidratacion-750-ml-essentials-moisturizing-shampoo-750-ml","status":"publish","type":"product","link":"https:\/\/www.argensend.com\/en\/product\/pantene-shampoo-essentials-hidratacion-750-ml-essentials-moisturizing-shampoo-750-ml\/","title":{"rendered":"Pantene &#8211; Shampoo EssenT\u00edals Hidrataci\u00f3n 750ml"},"content":{"rendered":"","protected":false},"excerpt":{"rendered":"<p id=\"txtComentario\" class=\"fichaProductos\">&#8220;Nutr\u00ed Tu Pelo Desde La Ra\u00edz Para Que Crezca Largo Y Fuerte Hasta Las Puntas Con La F\u00f3rmula Multivitaminas De PANTENE Pro-V.El Shampoo Hidrataci\u00f3n De PANTENE Pro-V Essentials Tiene Glicerina, \u00d3leo De Coco, Pro-Vitaminas Y Antioxidantes Que Penetran Profundamente La Fibra Capilar, Ayudando A Remover Impurezas Y A Fortalecer El Pelo. Esta Colecci\u00f3n Hidrata Cada Hebra Para Evitar Pelos Rebeldes Y Darle Un Brillo Luminoso.Para Mejores Resultados Us\u00e1 El Sistema De Shampoo Y Acondicionador PANTENE Pro-V Essentials.&#8221;<\/p>\n<p>EN.<br \/>\n&#8220;Nourish your hair from the roots to grow long and strong all the way to the ends with PANTENE Pro-V&#8217;s Multi-Vitamin Formula. PANTENE Pro-V Essentials Moisturizing Shampoo has Glycerin, Coconut Oil, Pro-Vitamins and Antioxidants that deeply penetrate the hair fiber, helping to remove impurities and strengthen the hair. This collection moisturizes every strand to prevent unruly hair and give it a luminous shine. For best results, use the PANTENE Pro-V Essentials Shampoo &amp; Conditioner System.<\/p>","protected":false},"featured_media":58438,"comment_status":"closed","ping_status":"closed","template":"","meta":{"_acf_changed":false,"om_disable_all_campaigns":false,"_monsterinsights_skip_tracking":false,"_monsterinsights_sitenote_active":false,"_monsterinsights_sitenote_note":"","_monsterinsights_sitenote_category":0},"etheme_brands":[],"product_brand":[],"product_cat":[8935,8820],"product_tag":[5427,1855,320,4326,6931,6494,3925,9426],"class_list":{"0":"post-58433","1":"product","2":"type-product","3":"status-publish","4":"has-post-thumbnail","6":"product_cat-belleza-y-salud","7":"product_cat-jabones-y-shampoo","8":"product_tag-acondicionador","9":"product_tag-bano","10":"product_tag-coco","11":"product_tag-curcuma","12":"product_tag-ducha","13":"product_tag-hidratacion","14":"product_tag-shampoo","15":"product_tag-shower","17":"first","18":"instock","19":"taxable","20":"shipping-taxable","21":"purchasable","22":"product-type-simple"},"acf":[],"aioseo_notices":[],"_links":{"self":[{"href":"https:\/\/www.argensend.com\/en\/wp-json\/wp\/v2\/product\/58433","targetHints":{"allow":["GET"]}}],"collection":[{"href":"https:\/\/www.argensend.com\/en\/wp-json\/wp\/v2\/product"}],"about":[{"href":"https:\/\/www.argensend.com\/en\/wp-json\/wp\/v2\/types\/product"}],"replies":[{"embeddable":true,"href":"https:\/\/www.argensend.com\/en\/wp-json\/wp\/v2\/comments?post=58433"}],"version-history":[{"count":3,"href":"https:\/\/www.argensend.com\/en\/wp-json\/wp\/v2\/product\/58433\/revisions"}],"predecessor-version":[{"id":107507,"href":"https:\/\/www.argensend.com\/en\/wp-json\/wp\/v2\/product\/58433\/revisions\/107507"}],"wp:featuredmedia":[{"embeddable":true,"href":"https:\/\/www.argensend.com\/en\/wp-json\/wp\/v2\/media\/58438"}],"wp:attachment":[{"href":"https:\/\/www.argensend.com\/en\/wp-json\/wp\/v2\/media?parent=58433"}],"wp:term":[{"taxonomy":"brand","embeddable":true,"href":"https:\/\/www.argensend.com\/en\/wp-json\/wp\/v2\/etheme_brands?post=58433"},{"taxonomy":"product_brand","embeddable":true,"href":"https:\/\/www.argensend.com\/en\/wp-json\/wp\/v2\/product_brand?post=58433"},{"taxonomy":"product_cat","embeddable":true,"href":"https:\/\/www.argensend.com\/en\/wp-json\/wp\/v2\/product_cat?post=58433"},{"taxonomy":"product_tag","embeddable":true,"href":"https:\/\/www.argensend.com\/en\/wp-json\/wp\/v2\/product_tag?post=58433"}],"curies":[{"name":"wp","href":"https:\/\/api.w.org\/{rel}","templated":true}]}}