{"id":58444,"date":"2023-01-06T09:16:11","date_gmt":"2023-01-06T12:16:11","guid":{"rendered":"https:\/\/www.argensend.com\/?post_type=product&#038;p=58444"},"modified":"2024-12-06T16:32:38","modified_gmt":"2024-12-06T19:32:38","slug":"pantene-shampoo-essentials-liso-extremo-750-ml","status":"publish","type":"product","link":"https:\/\/www.argensend.com\/en\/product\/pantene-shampoo-essentials-liso-extremo-750-ml\/","title":{"rendered":"Pantene &#8211; Shampoo EssenT\u00edals Liso Extremo 750ml"},"content":{"rendered":"","protected":false},"excerpt":{"rendered":"<p id=\"txtComentario\" class=\"fichaProductos\">&#8220;Nutr\u00ed Tu Pelo Desde La Ra\u00edz Para Que Crezca Largo Y Fuerte Hasta Las Puntas Con La F\u00f3rmula Multivitaminas De PANTENE Pro-V.El Shampoo Liso Extremo De PANTENE Pro-V Essentials Con Extracto De Seda, \u00d3leo De Almendras, Pro-Vitaminas Y Antioxidantes Que Penetran Profundamente En La Hebra Capilar, Removiendo Impurezas Y Ayudando A Fortalecer El Pelo.Nuestros Shampoos No Solo Limpian, Sus F\u00f3rmulas Tambi\u00e9n Pueden Brindarle Al Pelo Una Suavidad Y Una Fortaleza Extraordinaria. Esta Colecci\u00f3n Ayuda A Alinear Cada Hebra Para Obtener Un Pelo Con Liso Extremo.Para Mejores Resultados Us\u00e1 El Sistema De Shampoo Y Acondicionador PANTENE Pro-V Essentials.&#8221;<\/p>\n<p>EN.<br \/>\n&#8220;Nourish your hair from the roots to grow long and strong all the way to the ends with PANTENE Pro-V Multi-Vitamin Formula. PANTENE Pro-V Essentials Extreme Smooth Shampoo with Silk Extract, Almond Oil, Pro-Vitamins and Antioxidants that penetrate deep into the hair strand, removing impurities and helping to strengthen hair. Our shampoos not only clean, their formulas can also provide hair with extraordinary softness and strength. This collection helps to align every strand for extremely smooth hair. For best results, use the PANTENE Pro-V Essentials Shampoo and Conditioner System.<\/p>","protected":false},"featured_media":58445,"comment_status":"closed","ping_status":"closed","template":"","meta":{"_acf_changed":false,"om_disable_all_campaigns":false,"_monsterinsights_skip_tracking":false,"_monsterinsights_sitenote_active":false,"_monsterinsights_sitenote_note":"","_monsterinsights_sitenote_category":0},"etheme_brands":[],"product_brand":[],"product_cat":[8935,8820],"product_tag":[5427,1855,320,4326,6931,6494,3925,9426],"class_list":{"0":"post-58444","1":"product","2":"type-product","3":"status-publish","4":"has-post-thumbnail","6":"product_cat-belleza-y-salud","7":"product_cat-jabones-y-shampoo","8":"product_tag-acondicionador","9":"product_tag-bano","10":"product_tag-coco","11":"product_tag-curcuma","12":"product_tag-ducha","13":"product_tag-hidratacion","14":"product_tag-shampoo","15":"product_tag-shower","17":"first","18":"instock","19":"taxable","20":"shipping-taxable","21":"purchasable","22":"product-type-simple"},"acf":[],"aioseo_notices":[],"_links":{"self":[{"href":"https:\/\/www.argensend.com\/en\/wp-json\/wp\/v2\/product\/58444","targetHints":{"allow":["GET"]}}],"collection":[{"href":"https:\/\/www.argensend.com\/en\/wp-json\/wp\/v2\/product"}],"about":[{"href":"https:\/\/www.argensend.com\/en\/wp-json\/wp\/v2\/types\/product"}],"replies":[{"embeddable":true,"href":"https:\/\/www.argensend.com\/en\/wp-json\/wp\/v2\/comments?post=58444"}],"version-history":[{"count":4,"href":"https:\/\/www.argensend.com\/en\/wp-json\/wp\/v2\/product\/58444\/revisions"}],"predecessor-version":[{"id":107510,"href":"https:\/\/www.argensend.com\/en\/wp-json\/wp\/v2\/product\/58444\/revisions\/107510"}],"wp:featuredmedia":[{"embeddable":true,"href":"https:\/\/www.argensend.com\/en\/wp-json\/wp\/v2\/media\/58445"}],"wp:attachment":[{"href":"https:\/\/www.argensend.com\/en\/wp-json\/wp\/v2\/media?parent=58444"}],"wp:term":[{"taxonomy":"brand","embeddable":true,"href":"https:\/\/www.argensend.com\/en\/wp-json\/wp\/v2\/etheme_brands?post=58444"},{"taxonomy":"product_brand","embeddable":true,"href":"https:\/\/www.argensend.com\/en\/wp-json\/wp\/v2\/product_brand?post=58444"},{"taxonomy":"product_cat","embeddable":true,"href":"https:\/\/www.argensend.com\/en\/wp-json\/wp\/v2\/product_cat?post=58444"},{"taxonomy":"product_tag","embeddable":true,"href":"https:\/\/www.argensend.com\/en\/wp-json\/wp\/v2\/product_tag?post=58444"}],"curies":[{"name":"wp","href":"https:\/\/api.w.org\/{rel}","templated":true}]}}