{"id":58465,"date":"2023-01-06T11:46:34","date_gmt":"2023-01-06T14:46:34","guid":{"rendered":"https:\/\/www.argensend.com\/?post_type=product&#038;p=58465"},"modified":"2024-12-06T16:32:39","modified_gmt":"2024-12-06T19:32:39","slug":"pantene-shampoo-essentials-rizos-definidos-400-ml","status":"publish","type":"product","link":"https:\/\/www.argensend.com\/en\/product\/pantene-shampoo-essentials-rizos-definidos-400-ml\/","title":{"rendered":"Pantene &#8211; Shampoo EssenT\u00edals Rizos Definidos 400ml"},"content":{"rendered":"","protected":false},"excerpt":{"rendered":"<p id=\"txtComentario\" class=\"fichaProductos\">&#8220;Nutr\u00ed Tu Pelo Desde La Ra\u00edz Para Que Crezca Largo Y Fuerte Hasta Las Puntas Con La F\u00f3rmula Multivitaminas De Pantene.El Shampoo Rizos Definidos De PANTENE Pro-V Essentials Con \u00d3leo De Coco, Omega 9, Antioxidante Y Pro-Vitaminas Mantiene La Estructura De Tus Rizos Para Que Queden Definidos Tanto De D\u00eda Como De Noche.Nuestros Shampoos No Solo Limpian, Sus F\u00f3rmulas Tambi\u00e9n Pueden Brindarle Al Pelo Una Suavidad Y Una Fortaleza Extraordinaria.Para Mejores Resultados Us\u00e1 El Sistema De Shampoo Y Acondicionador PANTENE Pro-V Essentials.&#8221;<\/p>\n<p>EN.<br \/>\n&#8220;Nourish your hair from the root to grow long and strong to the tips with Pantene&#8217;s Multi-Vitamin Formula.PANTENE Pro-V Essentials Defined Curls Shampoo with Coconut Oil, Omega 9, Antioxidant and Pro-Vitamins maintains the structure of your curls so they stay defined both day and night. Our shampoos not only cleanse, their formulas can also give your hair extraordinary softness and strength. For best results, use the PANTENE Pro-V Essentials Shampoo &amp; Conditioner System.<\/p>","protected":false},"featured_media":58466,"comment_status":"closed","ping_status":"closed","template":"","meta":{"_acf_changed":false,"om_disable_all_campaigns":false,"_monsterinsights_skip_tracking":false,"_monsterinsights_sitenote_active":false,"_monsterinsights_sitenote_note":"","_monsterinsights_sitenote_category":0},"etheme_brands":[],"product_brand":[],"product_cat":[8935,8820],"product_tag":[5427,1855,320,4326,6931,6494,3925,9426],"class_list":{"0":"post-58465","1":"product","2":"type-product","3":"status-publish","4":"has-post-thumbnail","6":"product_cat-belleza-y-salud","7":"product_cat-jabones-y-shampoo","8":"product_tag-acondicionador","9":"product_tag-bano","10":"product_tag-coco","11":"product_tag-curcuma","12":"product_tag-ducha","13":"product_tag-hidratacion","14":"product_tag-shampoo","15":"product_tag-shower","17":"first","18":"instock","19":"taxable","20":"shipping-taxable","21":"purchasable","22":"product-type-simple"},"acf":[],"aioseo_notices":[],"_links":{"self":[{"href":"https:\/\/www.argensend.com\/en\/wp-json\/wp\/v2\/product\/58465","targetHints":{"allow":["GET"]}}],"collection":[{"href":"https:\/\/www.argensend.com\/en\/wp-json\/wp\/v2\/product"}],"about":[{"href":"https:\/\/www.argensend.com\/en\/wp-json\/wp\/v2\/types\/product"}],"replies":[{"embeddable":true,"href":"https:\/\/www.argensend.com\/en\/wp-json\/wp\/v2\/comments?post=58465"}],"version-history":[{"count":4,"href":"https:\/\/www.argensend.com\/en\/wp-json\/wp\/v2\/product\/58465\/revisions"}],"predecessor-version":[{"id":107513,"href":"https:\/\/www.argensend.com\/en\/wp-json\/wp\/v2\/product\/58465\/revisions\/107513"}],"wp:featuredmedia":[{"embeddable":true,"href":"https:\/\/www.argensend.com\/en\/wp-json\/wp\/v2\/media\/58466"}],"wp:attachment":[{"href":"https:\/\/www.argensend.com\/en\/wp-json\/wp\/v2\/media?parent=58465"}],"wp:term":[{"taxonomy":"brand","embeddable":true,"href":"https:\/\/www.argensend.com\/en\/wp-json\/wp\/v2\/etheme_brands?post=58465"},{"taxonomy":"product_brand","embeddable":true,"href":"https:\/\/www.argensend.com\/en\/wp-json\/wp\/v2\/product_brand?post=58465"},{"taxonomy":"product_cat","embeddable":true,"href":"https:\/\/www.argensend.com\/en\/wp-json\/wp\/v2\/product_cat?post=58465"},{"taxonomy":"product_tag","embeddable":true,"href":"https:\/\/www.argensend.com\/en\/wp-json\/wp\/v2\/product_tag?post=58465"}],"curies":[{"name":"wp","href":"https:\/\/api.w.org\/{rel}","templated":true}]}}