{"id":58469,"date":"2023-01-06T12:00:46","date_gmt":"2023-01-06T15:00:46","guid":{"rendered":"https:\/\/www.argensend.com\/?post_type=product&#038;p=58469"},"modified":"2024-12-06T16:32:39","modified_gmt":"2024-12-06T19:32:39","slug":"pantene-acondicionador-essentials-fuerza-y-reconstruccion-750-ml","status":"publish","type":"product","link":"https:\/\/www.argensend.com\/en\/product\/pantene-acondicionador-essentials-fuerza-y-reconstruccion-750-ml\/","title":{"rendered":"Pantene &#8211; Acondicionador EssenT\u00edals Fuerza y Reconstrucci\u00f3n 750ml"},"content":{"rendered":"","protected":false},"excerpt":{"rendered":"<p id=\"txtComentario\" class=\"fichaProductos\">&#8220;Nutr\u00ed Tu Pelo Desde La Ra\u00edz Para Que Crezca Largo Y Fuerte Hasta Las Puntas Con La F\u00f3rmula Multivitaminas De PANTENE Pro-V.La F\u00f3rmula De El Acondicionador Sin Sal&#8217; Fuerza Y Reconstrucci\u00f3n De PANTENE Pro-V Essentials Con Prote\u00edna, Omega 9, Antioxidante Y Pro-Vitaminas Penetra Profundamente En El Pelo Para Dejarlo Fuerte* Desde Adentro Hacia Afuera. Para Mejores Resultados Us\u00e1 El Sistema De Shampoo Y Acondicionador PANTENE Pro-V Essentials.&#8217;Sin Adici\u00f3n De Nacl&#8221;<\/p>\n<p>EN.<br \/>\n&#8220;Nourish your hair from the roots to grow long and strong all the way to the ends with PANTENE Pro-V&#8217;s Multi-Vitamin Formula. PANTENE Pro-V Essentials&#8217; Salt-Free Conditioner Strength &amp; Reconstruction Formula with Protein, Omega 9, Antioxidant and Pro-Vitamins penetrates deep into the hair to leave it strong* from the inside out. For Best Results Use The PANTENE Pro-V Essentials Shampoo &amp; Conditioner System &#8216;No Added Nacl&#8221;.<\/p>","protected":false},"featured_media":58470,"comment_status":"closed","ping_status":"closed","template":"","meta":{"_acf_changed":false,"om_disable_all_campaigns":false,"_monsterinsights_skip_tracking":false,"_monsterinsights_sitenote_active":false,"_monsterinsights_sitenote_note":"","_monsterinsights_sitenote_category":0},"etheme_brands":[],"product_brand":[],"product_cat":[8935,8820],"product_tag":[5427,1855,320,4326,6931,6494,3925,9426],"class_list":{"0":"post-58469","1":"product","2":"type-product","3":"status-publish","4":"has-post-thumbnail","6":"product_cat-belleza-y-salud","7":"product_cat-jabones-y-shampoo","8":"product_tag-acondicionador","9":"product_tag-bano","10":"product_tag-coco","11":"product_tag-curcuma","12":"product_tag-ducha","13":"product_tag-hidratacion","14":"product_tag-shampoo","15":"product_tag-shower","17":"first","18":"instock","19":"taxable","20":"shipping-taxable","21":"purchasable","22":"product-type-simple"},"acf":[],"aioseo_notices":[],"_links":{"self":[{"href":"https:\/\/www.argensend.com\/en\/wp-json\/wp\/v2\/product\/58469","targetHints":{"allow":["GET"]}}],"collection":[{"href":"https:\/\/www.argensend.com\/en\/wp-json\/wp\/v2\/product"}],"about":[{"href":"https:\/\/www.argensend.com\/en\/wp-json\/wp\/v2\/types\/product"}],"replies":[{"embeddable":true,"href":"https:\/\/www.argensend.com\/en\/wp-json\/wp\/v2\/comments?post=58469"}],"version-history":[{"count":3,"href":"https:\/\/www.argensend.com\/en\/wp-json\/wp\/v2\/product\/58469\/revisions"}],"predecessor-version":[{"id":107515,"href":"https:\/\/www.argensend.com\/en\/wp-json\/wp\/v2\/product\/58469\/revisions\/107515"}],"wp:featuredmedia":[{"embeddable":true,"href":"https:\/\/www.argensend.com\/en\/wp-json\/wp\/v2\/media\/58470"}],"wp:attachment":[{"href":"https:\/\/www.argensend.com\/en\/wp-json\/wp\/v2\/media?parent=58469"}],"wp:term":[{"taxonomy":"brand","embeddable":true,"href":"https:\/\/www.argensend.com\/en\/wp-json\/wp\/v2\/etheme_brands?post=58469"},{"taxonomy":"product_brand","embeddable":true,"href":"https:\/\/www.argensend.com\/en\/wp-json\/wp\/v2\/product_brand?post=58469"},{"taxonomy":"product_cat","embeddable":true,"href":"https:\/\/www.argensend.com\/en\/wp-json\/wp\/v2\/product_cat?post=58469"},{"taxonomy":"product_tag","embeddable":true,"href":"https:\/\/www.argensend.com\/en\/wp-json\/wp\/v2\/product_tag?post=58469"}],"curies":[{"name":"wp","href":"https:\/\/api.w.org\/{rel}","templated":true}]}}