{"id":58473,"date":"2023-01-06T12:07:45","date_gmt":"2023-01-06T15:07:45","guid":{"rendered":"https:\/\/www.argensend.com\/?post_type=product&#038;p=58473"},"modified":"2024-12-06T16:32:39","modified_gmt":"2024-12-06T19:32:39","slug":"pantene-acondicionador-essentials-restauracion-750-ml","status":"publish","type":"product","link":"https:\/\/www.argensend.com\/en\/product\/pantene-acondicionador-essentials-restauracion-750-ml\/","title":{"rendered":"Pantene &#8211; Acondicionador EssenT\u00edals Restauraci\u00f3n 750ml"},"content":{"rendered":"","protected":false},"excerpt":{"rendered":"<p id=\"txtComentario\" class=\"fichaProductos\">&#8220;Nutr\u00ed Tu Pelo Desde La Ra\u00edz Para Que Crezca Largo Y Fuerte Hasta Las Puntas Con La F\u00f3rmula Multivitaminas De Pantene. El Acondicionador Restauraci\u00f3n De PANTENE Pro-V Essentials Est\u00e1 Formulado Con Omega 9, \u00d3leo De Arg\u00e1n, Antioxidante Y Pro-Vitaminas, Ayuda A Reducir La P\u00e9rdida De Prote\u00ednas** Y A Reparar Las Cut\u00edculas Para Prevenir Las Puntas Abiertas.Para Mejores Resultados Us\u00e1 El Sistema De Shampoo Y Acondicionador PANTENE Pro-V Essentials.**P\u00e9rdida De Prote\u00edna Debido Al Quiebre Usando El Sistema PANTENE Versus Shampoo Sin Ingredientes Acondicionadores&#8221;<\/p>\n<p>EN.<br \/>\n&#8220;Nourish your hair from the roots to grow long and strong to the ends with Pantene&#8217;s Multi-Vitamin Formula. PANTENE Pro-V Essentials Restoration Shampoo is formulated with Omega 9, Argan Oil, Antioxidant and Pro-Vitamins, helps reduce protein loss** and repair cuticles to prevent split ends. For Best Results Use The PANTENE Pro-V Essentials Shampoo &amp; Conditioner System** Protein Loss Due To Breakage Using The PANTENE System Versus Shampoo Without Conditioning Ingredients&#8221;.<\/p>","protected":false},"featured_media":58474,"comment_status":"closed","ping_status":"closed","template":"","meta":{"_acf_changed":false,"om_disable_all_campaigns":false,"_monsterinsights_skip_tracking":false,"_monsterinsights_sitenote_active":false,"_monsterinsights_sitenote_note":"","_monsterinsights_sitenote_category":0},"etheme_brands":[],"product_brand":[],"product_cat":[8935,8820],"product_tag":[5427,1855,320,4326,6931,6494,3925,9426],"class_list":{"0":"post-58473","1":"product","2":"type-product","3":"status-publish","4":"has-post-thumbnail","6":"product_cat-belleza-y-salud","7":"product_cat-jabones-y-shampoo","8":"product_tag-acondicionador","9":"product_tag-bano","10":"product_tag-coco","11":"product_tag-curcuma","12":"product_tag-ducha","13":"product_tag-hidratacion","14":"product_tag-shampoo","15":"product_tag-shower","17":"first","18":"instock","19":"taxable","20":"shipping-taxable","21":"purchasable","22":"product-type-simple"},"acf":[],"aioseo_notices":[],"_links":{"self":[{"href":"https:\/\/www.argensend.com\/en\/wp-json\/wp\/v2\/product\/58473","targetHints":{"allow":["GET"]}}],"collection":[{"href":"https:\/\/www.argensend.com\/en\/wp-json\/wp\/v2\/product"}],"about":[{"href":"https:\/\/www.argensend.com\/en\/wp-json\/wp\/v2\/types\/product"}],"replies":[{"embeddable":true,"href":"https:\/\/www.argensend.com\/en\/wp-json\/wp\/v2\/comments?post=58473"}],"version-history":[{"count":3,"href":"https:\/\/www.argensend.com\/en\/wp-json\/wp\/v2\/product\/58473\/revisions"}],"predecessor-version":[{"id":107517,"href":"https:\/\/www.argensend.com\/en\/wp-json\/wp\/v2\/product\/58473\/revisions\/107517"}],"wp:featuredmedia":[{"embeddable":true,"href":"https:\/\/www.argensend.com\/en\/wp-json\/wp\/v2\/media\/58474"}],"wp:attachment":[{"href":"https:\/\/www.argensend.com\/en\/wp-json\/wp\/v2\/media?parent=58473"}],"wp:term":[{"taxonomy":"brand","embeddable":true,"href":"https:\/\/www.argensend.com\/en\/wp-json\/wp\/v2\/etheme_brands?post=58473"},{"taxonomy":"product_brand","embeddable":true,"href":"https:\/\/www.argensend.com\/en\/wp-json\/wp\/v2\/product_brand?post=58473"},{"taxonomy":"product_cat","embeddable":true,"href":"https:\/\/www.argensend.com\/en\/wp-json\/wp\/v2\/product_cat?post=58473"},{"taxonomy":"product_tag","embeddable":true,"href":"https:\/\/www.argensend.com\/en\/wp-json\/wp\/v2\/product_tag?post=58473"}],"curies":[{"name":"wp","href":"https:\/\/api.w.org\/{rel}","templated":true}]}}