{"id":58486,"date":"2023-01-06T15:56:09","date_gmt":"2023-01-06T18:56:09","guid":{"rendered":"https:\/\/www.argensend.com\/?post_type=product&#038;p=58486"},"modified":"2024-12-06T16:32:40","modified_gmt":"2024-12-06T19:32:40","slug":"pantene-acondicionador-prov-essentials-micelar-400ml","status":"publish","type":"product","link":"https:\/\/www.argensend.com\/en\/product\/pantene-acondicionador-prov-essentials-micelar-400ml\/","title":{"rendered":"Pantene &#8211; Acondicionador Prov EssenT\u00edals Micelar 200ml"},"content":{"rendered":"","protected":false},"excerpt":{"rendered":"<p id=\"txtComentario\" class=\"fichaProductos\">&#8220;Nutr\u00ed Tu Pelo Desde La Ra\u00edz Para Que Crezca Largo Y Fuerte Hasta Las Puntas Con La F\u00f3rmula Multivitaminas De Pantene.El Acondicionador Micelar Purifica &amp; Hidrata De PANTENE Pro-V Essentials No Contiene Silicona, Su F\u00f3rmula Con Micelas, Vitamina E, Antioxidante Y Pro-Vitaminas Purifica Las Ra\u00edces Para Un Pelo Liviano.Las Micelas Son Mol\u00e9culas Limpiadoras Que Atraen Las Impurezas Como Un Im\u00e1n, Para Obtener Una Purificaci\u00f3n Delicada. PANTENE Pro-V Essentials Micelar Purifica &amp; Hidrata Ayuda A Lograr Un Pelo Fuerte* Sin Sensaci\u00f3n Pesada.Para Mejores Resultados Us\u00e1 El Sistema De Shampoo Y Acondicionador PANTENE Pro-V Essentials.*Fuerza Contra El Da\u00f1o Mec\u00e1nico, Usando Sistema Pantene&#8221;<\/p>","protected":false},"featured_media":80676,"comment_status":"closed","ping_status":"closed","template":"","meta":{"_acf_changed":false,"om_disable_all_campaigns":false,"_monsterinsights_skip_tracking":false,"_monsterinsights_sitenote_active":false,"_monsterinsights_sitenote_note":"","_monsterinsights_sitenote_category":0},"etheme_brands":[],"product_brand":[],"product_cat":[8935,8820],"product_tag":[5427,9978,1855,320,6931,6494,9499,3925,9426],"class_list":{"0":"post-58486","1":"product","2":"type-product","3":"status-publish","4":"has-post-thumbnail","6":"product_cat-belleza-y-salud","7":"product_cat-jabones-y-shampoo","8":"product_tag-acondicionador","9":"product_tag-acondicionador-pantene","10":"product_tag-bano","11":"product_tag-coco","12":"product_tag-ducha","13":"product_tag-hidratacion","14":"product_tag-pantene","15":"product_tag-shampoo","16":"product_tag-shower","18":"first","19":"instock","20":"taxable","21":"shipping-taxable","22":"purchasable","23":"product-type-simple"},"acf":[],"aioseo_notices":[],"_links":{"self":[{"href":"https:\/\/www.argensend.com\/en\/wp-json\/wp\/v2\/product\/58486","targetHints":{"allow":["GET"]}}],"collection":[{"href":"https:\/\/www.argensend.com\/en\/wp-json\/wp\/v2\/product"}],"about":[{"href":"https:\/\/www.argensend.com\/en\/wp-json\/wp\/v2\/types\/product"}],"replies":[{"embeddable":true,"href":"https:\/\/www.argensend.com\/en\/wp-json\/wp\/v2\/comments?post=58486"}],"version-history":[{"count":4,"href":"https:\/\/www.argensend.com\/en\/wp-json\/wp\/v2\/product\/58486\/revisions"}],"predecessor-version":[{"id":107519,"href":"https:\/\/www.argensend.com\/en\/wp-json\/wp\/v2\/product\/58486\/revisions\/107519"}],"wp:featuredmedia":[{"embeddable":true,"href":"https:\/\/www.argensend.com\/en\/wp-json\/wp\/v2\/media\/80676"}],"wp:attachment":[{"href":"https:\/\/www.argensend.com\/en\/wp-json\/wp\/v2\/media?parent=58486"}],"wp:term":[{"taxonomy":"brand","embeddable":true,"href":"https:\/\/www.argensend.com\/en\/wp-json\/wp\/v2\/etheme_brands?post=58486"},{"taxonomy":"product_brand","embeddable":true,"href":"https:\/\/www.argensend.com\/en\/wp-json\/wp\/v2\/product_brand?post=58486"},{"taxonomy":"product_cat","embeddable":true,"href":"https:\/\/www.argensend.com\/en\/wp-json\/wp\/v2\/product_cat?post=58486"},{"taxonomy":"product_tag","embeddable":true,"href":"https:\/\/www.argensend.com\/en\/wp-json\/wp\/v2\/product_tag?post=58486"}],"curies":[{"name":"wp","href":"https:\/\/api.w.org\/{rel}","templated":true}]}}