{"id":58600,"date":"2023-01-09T16:45:42","date_gmt":"2023-01-09T19:45:42","guid":{"rendered":"https:\/\/www.argensend.com\/?post_type=product&#038;p=58600"},"modified":"2024-12-06T16:32:45","modified_gmt":"2024-12-06T19:32:45","slug":"reservoir-libro-macanudo-por-liniers-macanudo-book-by-liniers","status":"publish","type":"product","link":"https:\/\/www.argensend.com\/en\/product\/reservoir-libro-macanudo-por-liniers-macanudo-book-by-liniers\/","title":{"rendered":"Reservoir &#8211; Libro Macanudo Por Liniers"},"content":{"rendered":"","protected":false},"excerpt":{"rendered":"<p>Cualquiera puede dibujar un gato; cualquiera puede dibujar una nena o un hombre con sombrero; pero no cualquiera puede hacer que ese gato, esa nena o ese hombre con sombrero sean diferentes a todos los que hab\u00edamos visto antes y pasen a formar parte del mundo como si los conoci\u00e9ramos. Liniers dibuja personajes, y sus personajes son macanudos. Y los dibuja tan bien que son todos lindos; hasta los feos son tan perfectamente feos que son bellos. Solitarios, con una inocencia pop a veces algo perversa, se mueven con elegancia entre la tristeza y el asombro, como actores an\u00f3nimos de peque\u00f1as pel\u00edculas artesanales de clase B. L\u00e1pices, tintas y acuarelas confluyen virtuosas con la poes\u00eda y el absurdo en un mundo lleno de sorpresas. Cualquier cosa puede pasar en Macanudo. Maitena <\/p>\n<p>EN:<br \/>\nAnyone can draw a cat; anyone can draw a girl or a man with a hat; but not anyone can make that cat, that girl or that man with a hat different from all the ones we had seen before and become part of the world as if we knew them. Liniers draws characters, and his characters are great. And he draws them so well that they are all cute; even the ugly ones are so perfectly ugly that they are beautiful. Lonely, with a sometimes somewhat perverse pop innocence, they move elegantly between sadness and amazement, like anonymous actors in small, handmade B movies. Pencils, inks and watercolors converge virtuously with poetry and absurdity in a world full of surprises. Anything can happen in Macanudo. Maitena<\/p>","protected":false},"featured_media":58601,"comment_status":"closed","ping_status":"closed","template":"","meta":{"_acf_changed":false,"om_disable_all_campaigns":false,"_monsterinsights_skip_tracking":false,"_monsterinsights_sitenote_active":false,"_monsterinsights_sitenote_note":"","_monsterinsights_sitenote_category":0},"etheme_brands":[],"product_brand":[],"product_cat":[685,4227],"product_tag":[203,755,4732,752,4733,9511,9512],"class_list":{"0":"post-58600","1":"product","2":"type-product","3":"status-publish","4":"has-post-thumbnail","6":"product_cat-libros","7":"product_cat-libros-infantiles-juveniles","8":"product_tag-argentina","9":"product_tag-book","10":"product_tag-books","11":"product_tag-libro","12":"product_tag-libros","13":"product_tag-liniers","14":"product_tag-macanudo","16":"first","17":"instock","18":"taxable","19":"shipping-taxable","20":"purchasable","21":"product-type-simple"},"acf":[],"aioseo_notices":[],"_links":{"self":[{"href":"https:\/\/www.argensend.com\/en\/wp-json\/wp\/v2\/product\/58600","targetHints":{"allow":["GET"]}}],"collection":[{"href":"https:\/\/www.argensend.com\/en\/wp-json\/wp\/v2\/product"}],"about":[{"href":"https:\/\/www.argensend.com\/en\/wp-json\/wp\/v2\/types\/product"}],"replies":[{"embeddable":true,"href":"https:\/\/www.argensend.com\/en\/wp-json\/wp\/v2\/comments?post=58600"}],"version-history":[{"count":1,"href":"https:\/\/www.argensend.com\/en\/wp-json\/wp\/v2\/product\/58600\/revisions"}],"predecessor-version":[{"id":70915,"href":"https:\/\/www.argensend.com\/en\/wp-json\/wp\/v2\/product\/58600\/revisions\/70915"}],"wp:featuredmedia":[{"embeddable":true,"href":"https:\/\/www.argensend.com\/en\/wp-json\/wp\/v2\/media\/58601"}],"wp:attachment":[{"href":"https:\/\/www.argensend.com\/en\/wp-json\/wp\/v2\/media?parent=58600"}],"wp:term":[{"taxonomy":"brand","embeddable":true,"href":"https:\/\/www.argensend.com\/en\/wp-json\/wp\/v2\/etheme_brands?post=58600"},{"taxonomy":"product_brand","embeddable":true,"href":"https:\/\/www.argensend.com\/en\/wp-json\/wp\/v2\/product_brand?post=58600"},{"taxonomy":"product_cat","embeddable":true,"href":"https:\/\/www.argensend.com\/en\/wp-json\/wp\/v2\/product_cat?post=58600"},{"taxonomy":"product_tag","embeddable":true,"href":"https:\/\/www.argensend.com\/en\/wp-json\/wp\/v2\/product_tag?post=58600"}],"curies":[{"name":"wp","href":"https:\/\/api.w.org\/{rel}","templated":true}]}}