{"id":58864,"date":"2023-01-12T12:47:52","date_gmt":"2023-01-12T15:47:52","guid":{"rendered":"https:\/\/www.argensend.com\/?post_type=product&#038;p=58864"},"modified":"2024-12-06T16:32:48","modified_gmt":"2024-12-06T19:32:48","slug":"puck-libro-reino-de-carne-y-fuego-kingdom-of-flesh-and-fire-book","status":"publish","type":"product","link":"https:\/\/www.argensend.com\/en\/product\/puck-libro-reino-de-carne-y-fuego-kingdom-of-flesh-and-fire-book\/","title":{"rendered":"Libro Reino de carne y fuego"},"content":{"rendered":"","protected":false},"excerpt":{"rendered":"<p>\u00bfEs el amor m\u00e1s fuerte que la venganza? UNA TRAICI\u00d3N\u00bf Todo lo que ha cre\u00eddo Poppy es mentira; incluido el hombre del que se estaba enamorando. Rodeada de pronto por gente que la ve como un s\u00edmbolo de un reino monstruoso; apenas sabe qui\u00e9n es; sin el velo de la Doncella. Pero lo que s\u00ed sabe es que nada es tan peligroso para ella como \u00e9l. El Se\u00f1or Oscuro. El pr\u00edncipe de Atlantia. UNA ELECCI\u00d3N\u00bf A Casteel Da\u00bfNeer se lo conoce por muchos nombres y muchas caras. Sus mentiras son tan seductoras comosus manos. Sus verdades; tan sensuales como su mordisco. Poppy sabe que no debe confiar en \u00e9l. Y Casteel la necesita viva para lograr sus objetivos. Pero \u00e9l tambi\u00e9n es la \u00fanica v\u00eda para que ella consiga lo que quiere:encontrar a su hermano Ian. UN SECRETO\u00bf El malestar crece en Atlantia mientras esperan el regreso de su pr\u00edncipe. Los rumores de guerra se est\u00e1n extendiendo; y Poppy est\u00e1 en el centro de todo ello. El rey quiere utilizarla para enviar un mensaje. Los Descendentes quieren verla muerta. Los wolven se est\u00e1n volviendo m\u00e1s impredecibles. Hay secretos oscuros en juego; secretos llenos de los pecados manchados de sangre de dos reinos que har\u00edan cualquier cosa por mantener la verdad oculta.<\/p>\n<p>EN:Is love stronger than revenge? A BETRAYAL\u00bf Everything Poppy has believed is a lie; including the man she was falling in love with. Suddenly surrounded by people who see her as a symbol of a monstrous realm; she barely knows who she is; without the Maiden&#8217;s veil. But what she does know is that nothing is as dangerous to her as he is. The Dark Lord. The prince of Atlantia. A CHOICE\u00bf Casteel Da\u00bfNeer is known by many names and many faces. His lies are as seductive as his hands. His truths; as sensual as his bite. Poppy knows not to trust him. And Casteel needs her alive to achieve his goals. But he is also the only way for her to get what she wants: to find her brother Ian. A SECRET\u00bf Unrest is growing in Atlantia as they await the return of their prince. Rumors of war are spreading; and Poppy is at the center of it all. The king wants to use her to send a message. The Descendants want her dead. The Wolven are becoming more unpredictable. There are dark secrets at stake; secrets filled with the bloodstained sins of two kingdoms that would do anything to keep the truth hidden.<\/p>","protected":false},"featured_media":58867,"comment_status":"closed","ping_status":"closed","template":"","meta":{"_acf_changed":false,"om_disable_all_campaigns":false,"_monsterinsights_skip_tracking":false,"_monsterinsights_sitenote_active":false,"_monsterinsights_sitenote_note":"","_monsterinsights_sitenote_category":0},"etheme_brands":[],"product_brand":[],"product_cat":[685],"product_tag":[755,752,4724,9527],"class_list":{"0":"post-58864","1":"product","2":"type-product","3":"status-publish","4":"has-post-thumbnail","6":"product_cat-libros","7":"product_tag-book","8":"product_tag-libro","9":"product_tag-read","10":"product_tag-reino-de-carne-y-fuego","12":"first","13":"instock","14":"taxable","15":"shipping-taxable","16":"purchasable","17":"product-type-simple"},"acf":[],"aioseo_notices":[],"_links":{"self":[{"href":"https:\/\/www.argensend.com\/en\/wp-json\/wp\/v2\/product\/58864","targetHints":{"allow":["GET"]}}],"collection":[{"href":"https:\/\/www.argensend.com\/en\/wp-json\/wp\/v2\/product"}],"about":[{"href":"https:\/\/www.argensend.com\/en\/wp-json\/wp\/v2\/types\/product"}],"replies":[{"embeddable":true,"href":"https:\/\/www.argensend.com\/en\/wp-json\/wp\/v2\/comments?post=58864"}],"version-history":[{"count":1,"href":"https:\/\/www.argensend.com\/en\/wp-json\/wp\/v2\/product\/58864\/revisions"}],"predecessor-version":[{"id":70911,"href":"https:\/\/www.argensend.com\/en\/wp-json\/wp\/v2\/product\/58864\/revisions\/70911"}],"wp:featuredmedia":[{"embeddable":true,"href":"https:\/\/www.argensend.com\/en\/wp-json\/wp\/v2\/media\/58867"}],"wp:attachment":[{"href":"https:\/\/www.argensend.com\/en\/wp-json\/wp\/v2\/media?parent=58864"}],"wp:term":[{"taxonomy":"brand","embeddable":true,"href":"https:\/\/www.argensend.com\/en\/wp-json\/wp\/v2\/etheme_brands?post=58864"},{"taxonomy":"product_brand","embeddable":true,"href":"https:\/\/www.argensend.com\/en\/wp-json\/wp\/v2\/product_brand?post=58864"},{"taxonomy":"product_cat","embeddable":true,"href":"https:\/\/www.argensend.com\/en\/wp-json\/wp\/v2\/product_cat?post=58864"},{"taxonomy":"product_tag","embeddable":true,"href":"https:\/\/www.argensend.com\/en\/wp-json\/wp\/v2\/product_tag?post=58864"}],"curies":[{"name":"wp","href":"https:\/\/api.w.org\/{rel}","templated":true}]}}