{"id":58873,"date":"2023-01-12T13:04:57","date_gmt":"2023-01-12T16:04:57","guid":{"rendered":"https:\/\/www.argensend.com\/?post_type=product&#038;p=58873"},"modified":"2024-12-06T16:32:49","modified_gmt":"2024-12-06T19:32:49","slug":"puck-libro-la-guerra-de-dos-reinas-the-war-of-two-queens-book","status":"publish","type":"product","link":"https:\/\/www.argensend.com\/en\/product\/puck-libro-la-guerra-de-dos-reinas-the-war-of-two-queens-book\/","title":{"rendered":"Libro &#8211; &#8220;La guerra de las dos reinas&#8221; &#8211; Jennifer L. Armentrout"},"content":{"rendered":"","protected":false},"excerpt":{"rendered":"<p>La guerra es solo el principio&#8230; De la autora best seller del New York Times Jennifer L. Armentrout llega el cuarto libro de su saga De sangre y cenizas. Desde la desesperaci\u00f3n de coronas doradas&#8230; Casteel Da\u00bfNeer sabe demasiado bien que pocos son tan astutos o despiadados como la Reina de Sangre; pero nadie; ni siquiera \u00e9l; pudo haberse preparado para esas sobrecogedoras revelaciones. La magnitud de que lo que la Reina de Sangre ha hecho es casi impensable. Y nacido de carne mortal&#8230; Nada podr\u00e1 evitar que Poppy libere a su Rey y destruya todo lo que la Corona de Sangre representa. Con la fuerza de los guardias y el apoyo de los wolven; Poppy debe convencer a los generales de Atlantia de luchar a su manera; porque esta vez no puede haber retirada. No si ella mantiene la esperanza de construir un futuro en el que los dos reinos puedan convivir en paz. Un gran poder primitivo se alza&#8230; Juntos; Poppy y Casteel deben aceptar antiguas y nuevas tradiciones para salvaguardar a quienes aman y para proteger a los que no pueden defenderse. Pero la guerra es solo el principio. Poderes ancestrales y primitivos ya se han avivado; revelando el horror de lo que comenz\u00f3 hace eones. Para terminar lo que la Reina de Sangre ha empezado; quiz\u00e1 Poppy tenga que convertirse en lo que hab\u00edan profetizado que ser\u00eda; en lo que m\u00e1s teme. Como la portadora de Muerte y Destrucci\u00f3n.<\/p>\n<p>EN: War is just the beginning&#8230; From New York Times bestselling author Jennifer L. Armentrout comes the fourth book in her saga Of Blood and Ashes. From the despair of golden crowns&#8230; Casteel Da\u00bfNeer knows all too well that few are as cunning or ruthless as the Blood Queen; but no one; not even he; could have prepared for those overpowering revelations. The magnitude of what the Blood Queen has done is almost unthinkable. And born of mortal flesh&#8230; Nothing can stop Poppy from freeing her King and destroying everything the Blood Crown stands for. With the strength of the guards and the support of the Wolven; Poppy must convince the generals of Atlantia to fight her way; for this time there can be no retreat. Not if she holds out hope of building a future in which the two kingdoms can live together in peace. A great primal power rises&#8230;. Together; Poppy and Casteel must embrace old and new traditions to safeguard those they love and to protect those who cannot defend themselves. But war is only the beginning. Ancient and primal powers have already been stirred; revealing the horror of what began eons ago. To finish what the Blood Queen has started; Poppy may have to become what they had prophesied she would be; what she fears most. As the bringer of Death and Destruction.<\/p>","protected":false},"featured_media":58879,"comment_status":"closed","ping_status":"closed","template":"","meta":{"_acf_changed":false,"om_disable_all_campaigns":false,"_monsterinsights_skip_tracking":false,"_monsterinsights_sitenote_active":false,"_monsterinsights_sitenote_note":"","_monsterinsights_sitenote_category":0},"etheme_brands":[],"product_brand":[],"product_cat":[685],"product_tag":[755,9528,752,4724],"class_list":{"0":"post-58873","1":"product","2":"type-product","3":"status-publish","4":"has-post-thumbnail","6":"product_cat-libros","7":"product_tag-book","8":"product_tag-la-guerra-de-dos-reinas","9":"product_tag-libro","10":"product_tag-read","12":"first","13":"instock","14":"taxable","15":"shipping-taxable","16":"purchasable","17":"product-type-simple"},"acf":[],"aioseo_notices":[],"_links":{"self":[{"href":"https:\/\/www.argensend.com\/en\/wp-json\/wp\/v2\/product\/58873","targetHints":{"allow":["GET"]}}],"collection":[{"href":"https:\/\/www.argensend.com\/en\/wp-json\/wp\/v2\/product"}],"about":[{"href":"https:\/\/www.argensend.com\/en\/wp-json\/wp\/v2\/types\/product"}],"replies":[{"embeddable":true,"href":"https:\/\/www.argensend.com\/en\/wp-json\/wp\/v2\/comments?post=58873"}],"version-history":[{"count":3,"href":"https:\/\/www.argensend.com\/en\/wp-json\/wp\/v2\/product\/58873\/revisions"}],"predecessor-version":[{"id":116486,"href":"https:\/\/www.argensend.com\/en\/wp-json\/wp\/v2\/product\/58873\/revisions\/116486"}],"wp:featuredmedia":[{"embeddable":true,"href":"https:\/\/www.argensend.com\/en\/wp-json\/wp\/v2\/media\/58879"}],"wp:attachment":[{"href":"https:\/\/www.argensend.com\/en\/wp-json\/wp\/v2\/media?parent=58873"}],"wp:term":[{"taxonomy":"brand","embeddable":true,"href":"https:\/\/www.argensend.com\/en\/wp-json\/wp\/v2\/etheme_brands?post=58873"},{"taxonomy":"product_brand","embeddable":true,"href":"https:\/\/www.argensend.com\/en\/wp-json\/wp\/v2\/product_brand?post=58873"},{"taxonomy":"product_cat","embeddable":true,"href":"https:\/\/www.argensend.com\/en\/wp-json\/wp\/v2\/product_cat?post=58873"},{"taxonomy":"product_tag","embeddable":true,"href":"https:\/\/www.argensend.com\/en\/wp-json\/wp\/v2\/product_tag?post=58873"}],"curies":[{"name":"wp","href":"https:\/\/api.w.org\/{rel}","templated":true}]}}