{"id":58882,"date":"2023-01-12T13:17:34","date_gmt":"2023-01-12T16:17:34","guid":{"rendered":"https:\/\/www.argensend.com\/?post_type=product&#038;p=58882"},"modified":"2024-12-06T16:32:49","modified_gmt":"2024-12-06T19:32:49","slug":"vrya-libro-heartstopper","status":"publish","type":"product","link":"https:\/\/www.argensend.com\/en\/product\/vrya-libro-heartstopper\/","title":{"rendered":"Libro &#8211; &#8220;Heartstopper&#8221; &#8211; Alice Oseman"},"content":{"rendered":"","protected":false},"excerpt":{"rendered":"<p>Charlie y Nick van al mismo colegio; aunque nunca se hab\u00edan cruzado hasta el d\u00eda en que los hacen sentarse juntos en su grupo de estudio. Muy pronto se vuelven amigos y m\u00e1s pronto a\u00fan Charlie comienza a sentir cosas por Nick; aunque sabe que es un imposible. Pero el amor obra de formas inesperadas; y Nick est\u00e1 m\u00e1s interesado en Charlie de lo que ninguno de los dos puede llegar a creer.<\/p>\n<p>EN: Charlie and Nick go to the same school; although they had never crossed paths until the day they are made to sit together in their study group. Soon enough they become friends and even sooner Charlie begins to have feelings for Nick; even though he knows it&#8217;s an impossibility. But love works in unexpected ways; and Nick is more interested in Charlie than either of them can ever believe.<\/p>","protected":false},"featured_media":58883,"comment_status":"closed","ping_status":"closed","template":"","meta":{"_acf_changed":false,"om_disable_all_campaigns":false,"_monsterinsights_skip_tracking":false,"_monsterinsights_sitenote_active":false,"_monsterinsights_sitenote_note":"","_monsterinsights_sitenote_category":0},"etheme_brands":[],"product_brand":[],"product_cat":[685],"product_tag":[755,9531,4727,752,4724],"class_list":{"0":"post-58882","1":"product","2":"type-product","3":"status-publish","4":"has-post-thumbnail","6":"product_cat-libros","7":"product_tag-book","8":"product_tag-heartstopper","9":"product_tag-leer","10":"product_tag-libro","11":"product_tag-read","13":"first","14":"instock","15":"taxable","16":"shipping-taxable","17":"purchasable","18":"product-type-simple"},"acf":[],"aioseo_notices":[],"_links":{"self":[{"href":"https:\/\/www.argensend.com\/en\/wp-json\/wp\/v2\/product\/58882","targetHints":{"allow":["GET"]}}],"collection":[{"href":"https:\/\/www.argensend.com\/en\/wp-json\/wp\/v2\/product"}],"about":[{"href":"https:\/\/www.argensend.com\/en\/wp-json\/wp\/v2\/types\/product"}],"replies":[{"embeddable":true,"href":"https:\/\/www.argensend.com\/en\/wp-json\/wp\/v2\/comments?post=58882"}],"version-history":[{"count":3,"href":"https:\/\/www.argensend.com\/en\/wp-json\/wp\/v2\/product\/58882\/revisions"}],"predecessor-version":[{"id":116485,"href":"https:\/\/www.argensend.com\/en\/wp-json\/wp\/v2\/product\/58882\/revisions\/116485"}],"wp:featuredmedia":[{"embeddable":true,"href":"https:\/\/www.argensend.com\/en\/wp-json\/wp\/v2\/media\/58883"}],"wp:attachment":[{"href":"https:\/\/www.argensend.com\/en\/wp-json\/wp\/v2\/media?parent=58882"}],"wp:term":[{"taxonomy":"brand","embeddable":true,"href":"https:\/\/www.argensend.com\/en\/wp-json\/wp\/v2\/etheme_brands?post=58882"},{"taxonomy":"product_brand","embeddable":true,"href":"https:\/\/www.argensend.com\/en\/wp-json\/wp\/v2\/product_brand?post=58882"},{"taxonomy":"product_cat","embeddable":true,"href":"https:\/\/www.argensend.com\/en\/wp-json\/wp\/v2\/product_cat?post=58882"},{"taxonomy":"product_tag","embeddable":true,"href":"https:\/\/www.argensend.com\/en\/wp-json\/wp\/v2\/product_tag?post=58882"}],"curies":[{"name":"wp","href":"https:\/\/api.w.org\/{rel}","templated":true}]}}