{"id":58888,"date":"2023-01-12T13:25:42","date_gmt":"2023-01-12T16:25:42","guid":{"rendered":"https:\/\/www.argensend.com\/?post_type=product&#038;p=58888"},"modified":"2024-12-06T16:32:49","modified_gmt":"2024-12-06T19:32:49","slug":"vrya-libro-heartstopper-3","status":"publish","type":"product","link":"https:\/\/www.argensend.com\/en\/product\/vrya-libro-heartstopper-3\/","title":{"rendered":"Libro &#8211; &#8220;Heartstopper 3&#8221; &#8211; Alice Oseman"},"content":{"rendered":"","protected":false},"excerpt":{"rendered":"<p>El colegio organiza una excursi\u00f3n a Par\u00eds!<br \/>\nNick y Charlie van a aprovechar su visita a la ciudad del amor para contarles a sus compa\u00f1eros<br \/>\nsobre su relaci\u00f3n; pero \u00bfse animar\u00e1n?<br \/>\nCharlie tiene terror de que Nick sufra el mismo bullying que le hicieron a \u00e9l un a\u00f1o atr\u00e1s al salir<br \/>\ndel armario. Y Nick est\u00e1 preocupado porque sospecha que algo le ocurre a Charlie y no sabe qu\u00e9<br \/>\nhacer. \u00bfEs normal que coma tan poco? \u00bfDeber\u00eda hablar con \u00e9l?<br \/>\nMientras tanto; Tao y Elle tendr\u00e1n que hacerle frente a sus sentimientos; y Tara y Darcy van a contar<br \/>\nsu historia de amor para que Nick y Charlie se animen a compartir la suya con el mundo.<br \/>\n\u00a1Bienvenue al tercer tomo de Heartstopper!<\/p>\n<p>EN: The school is organizing a trip to Paris!<br \/>\nNick and Charlie are going to take advantage of their visit to the city of love to tell their classmates about their relationship.<br \/>\nabout their relationship, but will they go for it?<br \/>\nCharlie is terrified that Nick will suffer the same bullying he was subjected to a year ago when he came out of the closet.<br \/>\nout of the closet. And Nick is worried because he suspects something is wrong with Charlie and he doesn&#8217;t know what to do.<br \/>\nIs it normal for him to eat so little? Should I talk to him?<br \/>\nMeanwhile; Tao and Elle will have to confront their feelings; and Tara and Darcy are going to tell<br \/>\ntheir love story so that Nick and Charlie will be encouraged to share theirs with the world.<br \/>\nWelcome to the third volume of Heartstopper!<\/p>","protected":false},"featured_media":58889,"comment_status":"closed","ping_status":"closed","template":"","meta":{"_acf_changed":false,"om_disable_all_campaigns":false,"_monsterinsights_skip_tracking":false,"_monsterinsights_sitenote_active":false,"_monsterinsights_sitenote_note":"","_monsterinsights_sitenote_category":0},"etheme_brands":[],"product_brand":[],"product_cat":[685],"product_tag":[755,9531,752],"class_list":{"0":"post-58888","1":"product","2":"type-product","3":"status-publish","4":"has-post-thumbnail","6":"product_cat-libros","7":"product_tag-book","8":"product_tag-heartstopper","9":"product_tag-libro","11":"first","12":"instock","13":"taxable","14":"shipping-taxable","15":"purchasable","16":"product-type-simple"},"acf":[],"aioseo_notices":[],"_links":{"self":[{"href":"https:\/\/www.argensend.com\/en\/wp-json\/wp\/v2\/product\/58888","targetHints":{"allow":["GET"]}}],"collection":[{"href":"https:\/\/www.argensend.com\/en\/wp-json\/wp\/v2\/product"}],"about":[{"href":"https:\/\/www.argensend.com\/en\/wp-json\/wp\/v2\/types\/product"}],"replies":[{"embeddable":true,"href":"https:\/\/www.argensend.com\/en\/wp-json\/wp\/v2\/comments?post=58888"}],"version-history":[{"count":3,"href":"https:\/\/www.argensend.com\/en\/wp-json\/wp\/v2\/product\/58888\/revisions"}],"predecessor-version":[{"id":116483,"href":"https:\/\/www.argensend.com\/en\/wp-json\/wp\/v2\/product\/58888\/revisions\/116483"}],"wp:featuredmedia":[{"embeddable":true,"href":"https:\/\/www.argensend.com\/en\/wp-json\/wp\/v2\/media\/58889"}],"wp:attachment":[{"href":"https:\/\/www.argensend.com\/en\/wp-json\/wp\/v2\/media?parent=58888"}],"wp:term":[{"taxonomy":"brand","embeddable":true,"href":"https:\/\/www.argensend.com\/en\/wp-json\/wp\/v2\/etheme_brands?post=58888"},{"taxonomy":"product_brand","embeddable":true,"href":"https:\/\/www.argensend.com\/en\/wp-json\/wp\/v2\/product_brand?post=58888"},{"taxonomy":"product_cat","embeddable":true,"href":"https:\/\/www.argensend.com\/en\/wp-json\/wp\/v2\/product_cat?post=58888"},{"taxonomy":"product_tag","embeddable":true,"href":"https:\/\/www.argensend.com\/en\/wp-json\/wp\/v2\/product_tag?post=58888"}],"curies":[{"name":"wp","href":"https:\/\/api.w.org\/{rel}","templated":true}]}}