{"id":58892,"date":"2023-01-12T13:30:11","date_gmt":"2023-01-12T16:30:11","guid":{"rendered":"https:\/\/www.argensend.com\/?post_type=product&#038;p=58892"},"modified":"2024-12-06T16:32:49","modified_gmt":"2024-12-06T19:32:49","slug":"vrya-heartstopper-4","status":"publish","type":"product","link":"https:\/\/www.argensend.com\/en\/product\/vrya-heartstopper-4\/","title":{"rendered":"Libro &#8211; &#8220;Heartstopper 4&#8221;  &#8211; Alice Oseman"},"content":{"rendered":"","protected":false},"excerpt":{"rendered":"<p>En el cuarto libro de la saga, Charlie y Nick no solo son novios, sino que Charlie cree estar listo para declararle su amor.<\/p>\n<p>Y Nick siente lo mismo, pero&#8230; tiene tantas cosas en la cabeza. Salir del cl\u00f3set con su pap\u00e1 y el hecho de que Charlie quiz\u00e1 tenga un desorden alimenticio. Cuando el verano se vuelva oto\u00f1o y un nuevo a\u00f1o escolar comience, Nick y Charlie aprender\u00e1n lo que significa realmente amar.<\/p>\n<p>EN: In the fourth book of the saga, Charlie and Nick are not only sweethearts, but Charlie thinks he&#8217;s ready to declare his love for her.<\/p>\n<p>And Nick feels the same way, but&#8230; he&#8217;s got so much on his mind. Coming out to his dad and the fact that Charlie may have an eating disorder. As summer turns to fall and a new school year begins, Nick and Charlie will learn what it means to really love.<\/p>","protected":false},"featured_media":58895,"comment_status":"closed","ping_status":"closed","template":"","meta":{"_acf_changed":false,"om_disable_all_campaigns":false,"_monsterinsights_skip_tracking":false,"_monsterinsights_sitenote_active":false,"_monsterinsights_sitenote_note":"","_monsterinsights_sitenote_category":0},"etheme_brands":[],"product_brand":[],"product_cat":[685],"product_tag":[755,9531,752],"class_list":{"0":"post-58892","1":"product","2":"type-product","3":"status-publish","4":"has-post-thumbnail","6":"product_cat-libros","7":"product_tag-book","8":"product_tag-heartstopper","9":"product_tag-libro","11":"first","12":"instock","13":"taxable","14":"shipping-taxable","15":"purchasable","16":"product-type-simple"},"acf":[],"aioseo_notices":[],"_links":{"self":[{"href":"https:\/\/www.argensend.com\/en\/wp-json\/wp\/v2\/product\/58892","targetHints":{"allow":["GET"]}}],"collection":[{"href":"https:\/\/www.argensend.com\/en\/wp-json\/wp\/v2\/product"}],"about":[{"href":"https:\/\/www.argensend.com\/en\/wp-json\/wp\/v2\/types\/product"}],"replies":[{"embeddable":true,"href":"https:\/\/www.argensend.com\/en\/wp-json\/wp\/v2\/comments?post=58892"}],"version-history":[{"count":3,"href":"https:\/\/www.argensend.com\/en\/wp-json\/wp\/v2\/product\/58892\/revisions"}],"predecessor-version":[{"id":116482,"href":"https:\/\/www.argensend.com\/en\/wp-json\/wp\/v2\/product\/58892\/revisions\/116482"}],"wp:featuredmedia":[{"embeddable":true,"href":"https:\/\/www.argensend.com\/en\/wp-json\/wp\/v2\/media\/58895"}],"wp:attachment":[{"href":"https:\/\/www.argensend.com\/en\/wp-json\/wp\/v2\/media?parent=58892"}],"wp:term":[{"taxonomy":"brand","embeddable":true,"href":"https:\/\/www.argensend.com\/en\/wp-json\/wp\/v2\/etheme_brands?post=58892"},{"taxonomy":"product_brand","embeddable":true,"href":"https:\/\/www.argensend.com\/en\/wp-json\/wp\/v2\/product_brand?post=58892"},{"taxonomy":"product_cat","embeddable":true,"href":"https:\/\/www.argensend.com\/en\/wp-json\/wp\/v2\/product_cat?post=58892"},{"taxonomy":"product_tag","embeddable":true,"href":"https:\/\/www.argensend.com\/en\/wp-json\/wp\/v2\/product_tag?post=58892"}],"curies":[{"name":"wp","href":"https:\/\/api.w.org\/{rel}","templated":true}]}}