{"id":58901,"date":"2023-01-12T13:40:57","date_gmt":"2023-01-12T16:40:57","guid":{"rendered":"https:\/\/www.argensend.com\/?post_type=product&#038;p=58901"},"modified":"2024-12-06T16:32:49","modified_gmt":"2024-12-06T19:32:49","slug":"tusquets-libro-personas-decentes-decent-persons-book","status":"publish","type":"product","link":"https:\/\/www.argensend.com\/en\/product\/tusquets-libro-personas-decentes-decent-persons-book\/","title":{"rendered":"TUSQUETS &#8211; Libro Personas Decentes"},"content":{"rendered":"","protected":false},"excerpt":{"rendered":"<p>La Habana; 2016. Varios acontecimientos hist\u00f3ricos van a sacudir Cuba y poner patas arriba el ritmo de la isla: la visita de Barack Obama en lo que se ha llamado el \u00abDeshielo cubano\u00bb; un concierto de los Rolling Stones y un desfile de Chanel. Por eso; cuando un exdirigente del Gobierno cubano aparece asesinado y mutilado en su departamento; la polic\u00eda; desbordada por la visita presidencial; recurre a Mario Conde para que les d\u00e9 una mano. Conde recordar\u00e1 que el muerto; un hombre d\u00e9spota y cruel; hab\u00eda ejercido en el pasado de censor y extorsionado a los artistas para que no se desviaran de las consignas de la Revoluci\u00f3n. Cuando unos d\u00edas despu\u00e9s se encuentre un segundo cad\u00e1ver asesinado en parecidas circunstancias; sonar\u00e1n todas las alarmas. Paralela a esa trama; se suma una historia situada un siglo antes; cuando La Habana era la Niza del Caribe y se viv\u00eda desenfrenadamente bajo la amenaza del cometa Halley. Para sorpresa de Mario Conde; presente y pasado tendr\u00e1n unos v\u00ednculos insospechados.<br \/>\nEN: Havana; 2016. Several historical events are going to shake Cuba and turn upside down the rhythm of the island: the visit of Barack Obama in what has been called the &#8220;Cuban Thaw&#8221;; a Rolling Stones concert and a Chanel fashion show. So when a former Cuban government leader is found murdered and mutilated in his apartment, the police, overwhelmed by the presidential visit, turn to Mario Conde to give them a hand. Conde will remember that the dead man, a despot and cruel man, had in the past acted as a censor and extorted artists so that they would not deviate from the slogans of the Revolution. When a few days later a second corpse is found murdered in similar circumstances, all the alarms will sound. Parallel to this plot, there is a story set a century before, when Havana was the Nice of the Caribbean and lived wildly under the threat of Halley&#8217;s comet. To Mario Conde&#8217;s surprise, present and past will have unsuspected links.<\/p>","protected":false},"featured_media":58904,"comment_status":"closed","ping_status":"closed","template":"","meta":{"_acf_changed":false,"om_disable_all_campaigns":false,"_monsterinsights_skip_tracking":false,"_monsterinsights_sitenote_active":false,"_monsterinsights_sitenote_note":"","_monsterinsights_sitenote_category":0},"etheme_brands":[],"product_brand":[],"product_cat":[685],"product_tag":[755,752,9534],"class_list":{"0":"post-58901","1":"product","2":"type-product","3":"status-publish","4":"has-post-thumbnail","6":"product_cat-libros","7":"product_tag-book","8":"product_tag-libro","9":"product_tag-personas-decentes","11":"first","12":"instock","13":"taxable","14":"shipping-taxable","15":"purchasable","16":"product-type-simple"},"acf":[],"aioseo_notices":[],"_links":{"self":[{"href":"https:\/\/www.argensend.com\/en\/wp-json\/wp\/v2\/product\/58901","targetHints":{"allow":["GET"]}}],"collection":[{"href":"https:\/\/www.argensend.com\/en\/wp-json\/wp\/v2\/product"}],"about":[{"href":"https:\/\/www.argensend.com\/en\/wp-json\/wp\/v2\/types\/product"}],"replies":[{"embeddable":true,"href":"https:\/\/www.argensend.com\/en\/wp-json\/wp\/v2\/comments?post=58901"}],"version-history":[{"count":1,"href":"https:\/\/www.argensend.com\/en\/wp-json\/wp\/v2\/product\/58901\/revisions"}],"predecessor-version":[{"id":69921,"href":"https:\/\/www.argensend.com\/en\/wp-json\/wp\/v2\/product\/58901\/revisions\/69921"}],"wp:featuredmedia":[{"embeddable":true,"href":"https:\/\/www.argensend.com\/en\/wp-json\/wp\/v2\/media\/58904"}],"wp:attachment":[{"href":"https:\/\/www.argensend.com\/en\/wp-json\/wp\/v2\/media?parent=58901"}],"wp:term":[{"taxonomy":"brand","embeddable":true,"href":"https:\/\/www.argensend.com\/en\/wp-json\/wp\/v2\/etheme_brands?post=58901"},{"taxonomy":"product_brand","embeddable":true,"href":"https:\/\/www.argensend.com\/en\/wp-json\/wp\/v2\/product_brand?post=58901"},{"taxonomy":"product_cat","embeddable":true,"href":"https:\/\/www.argensend.com\/en\/wp-json\/wp\/v2\/product_cat?post=58901"},{"taxonomy":"product_tag","embeddable":true,"href":"https:\/\/www.argensend.com\/en\/wp-json\/wp\/v2\/product_tag?post=58901"}],"curies":[{"name":"wp","href":"https:\/\/api.w.org\/{rel}","templated":true}]}}