{"id":58906,"date":"2023-01-12T13:48:07","date_gmt":"2023-01-12T16:48:07","guid":{"rendered":"https:\/\/www.argensend.com\/?post_type=product&#038;p=58906"},"modified":"2024-12-06T16:32:50","modified_gmt":"2024-12-06T19:32:50","slug":"el-ateneo-libro-mi-planta-de-naranja-lima-my-lime-orange-plant-book","status":"publish","type":"product","link":"https:\/\/www.argensend.com\/en\/product\/el-ateneo-libro-mi-planta-de-naranja-lima-my-lime-orange-plant-book\/","title":{"rendered":"Libro Mi planta de naranja lima"},"content":{"rendered":"","protected":false},"excerpt":{"rendered":"<p>Mi planta de naranja lima relata la historia de un ni\u00f1o que un d\u00eda, de pronto, descubre el dolor y se hace adulto precozmente. Las enso\u00f1aciones, la picard\u00eda, el sufrimiento y la ternura del protagonista atraer\u00e1n al lector desde las primeras p\u00e1ginas. Es un retrato del Brasil de la pobreza m\u00e1s absoluta, pero, tambi\u00e9n, una novela llena de poes\u00eda. Como todas las obras de Vasconcelos, perdura en el tiempo porque su historia y sus personajes tocan el alma y constituye una lectura entretenida y apasionante que, al mismo tiempo, ense\u00f1a valores. Es una de las m\u00e1s importantes novelas de la nueva literatura brasile\u00f1a. Ha sido traducida a m\u00e1s de treinta y dos idiomas, y adaptada para el cine y la televisi\u00f3n en cinco oportunidades. Se han vendido m\u00e1s de diez millones de ejemplares en todo el mundo. Desde su primera edici\u00f3n en 1968, se gan\u00f3 un merecido lugar entre las obras m\u00e1s entra\u00f1ables y queridas de Am\u00e9rica latina y del mundo. Un verdadero cl\u00e1sico.<br \/>\nEN: Mi planta de naranja lima tells the story of a child who one day, suddenly, discovers pain and becomes a precocious adult. The protagonist&#8217;s daydreams, mischievousness, suffering and tenderness will attract the reader from the very first pages. It is a portrait of Brazil&#8217;s most absolute poverty, but also a novel full of poetry. Like all of Vasconcelos&#8217; works, it endures over time because its story and characters touch the soul and it is an entertaining and exciting read that, at the same time, teaches values. It is one of the most important novels of the new Brazilian literature. It has been translated into more than thirty-two languages and has been adapted for cinema and television five times. It has sold more than ten million copies worldwide. Since its first edition in 1968, it has earned a well-deserved place among the most beloved works of Latin America and the world. A true classic.<\/p>","protected":false},"featured_media":59421,"comment_status":"closed","ping_status":"closed","template":"","meta":{"_acf_changed":false,"om_disable_all_campaigns":false,"_monsterinsights_skip_tracking":false,"_monsterinsights_sitenote_active":false,"_monsterinsights_sitenote_note":"","_monsterinsights_sitenote_category":0},"etheme_brands":[],"product_brand":[],"product_cat":[685],"product_tag":[755,752,9535],"class_list":{"0":"post-58906","1":"product","2":"type-product","3":"status-publish","4":"has-post-thumbnail","6":"product_cat-libros","7":"product_tag-book","8":"product_tag-libro","9":"product_tag-mi-planta-de-naranja-lima","11":"first","12":"instock","13":"taxable","14":"shipping-taxable","15":"purchasable","16":"product-type-simple"},"acf":[],"aioseo_notices":[],"_links":{"self":[{"href":"https:\/\/www.argensend.com\/en\/wp-json\/wp\/v2\/product\/58906","targetHints":{"allow":["GET"]}}],"collection":[{"href":"https:\/\/www.argensend.com\/en\/wp-json\/wp\/v2\/product"}],"about":[{"href":"https:\/\/www.argensend.com\/en\/wp-json\/wp\/v2\/types\/product"}],"replies":[{"embeddable":true,"href":"https:\/\/www.argensend.com\/en\/wp-json\/wp\/v2\/comments?post=58906"}],"version-history":[{"count":1,"href":"https:\/\/www.argensend.com\/en\/wp-json\/wp\/v2\/product\/58906\/revisions"}],"predecessor-version":[{"id":69922,"href":"https:\/\/www.argensend.com\/en\/wp-json\/wp\/v2\/product\/58906\/revisions\/69922"}],"wp:featuredmedia":[{"embeddable":true,"href":"https:\/\/www.argensend.com\/en\/wp-json\/wp\/v2\/media\/59421"}],"wp:attachment":[{"href":"https:\/\/www.argensend.com\/en\/wp-json\/wp\/v2\/media?parent=58906"}],"wp:term":[{"taxonomy":"brand","embeddable":true,"href":"https:\/\/www.argensend.com\/en\/wp-json\/wp\/v2\/etheme_brands?post=58906"},{"taxonomy":"product_brand","embeddable":true,"href":"https:\/\/www.argensend.com\/en\/wp-json\/wp\/v2\/product_brand?post=58906"},{"taxonomy":"product_cat","embeddable":true,"href":"https:\/\/www.argensend.com\/en\/wp-json\/wp\/v2\/product_cat?post=58906"},{"taxonomy":"product_tag","embeddable":true,"href":"https:\/\/www.argensend.com\/en\/wp-json\/wp\/v2\/product_tag?post=58906"}],"curies":[{"name":"wp","href":"https:\/\/api.w.org\/{rel}","templated":true}]}}