{"id":58909,"date":"2023-01-12T13:53:50","date_gmt":"2023-01-12T16:53:50","guid":{"rendered":"https:\/\/www.argensend.com\/?post_type=product&#038;p=58909"},"modified":"2024-12-06T16:32:50","modified_gmt":"2024-12-06T19:32:50","slug":"planeta-libro-decididas","status":"publish","type":"product","link":"https:\/\/www.argensend.com\/en\/product\/planeta-libro-decididas\/","title":{"rendered":"Libro Decididas"},"content":{"rendered":"","protected":false},"excerpt":{"rendered":"<p>\u00bfEstamos decididas a transformar la historia. No hay vuelta atr\u00e1s\u00bf.<\/p>\n<p>Si con sus libros anteriores Mar\u00eda Florencia Freijo compuso una radiograf\u00eda sagaz y esclarecedora del presente que vivimos las mujeres e investig\u00f3 las ra\u00edces hist\u00f3ricas de c\u00f3mo se lleg\u00f3 a esa instancia; en Decididas analiza no s\u00f3lo los temas m\u00e1s problem\u00e1ticos a los cuales nos enfrentamos las mujeres sino que adem\u00e1s toma esa informaci\u00f3n para proponer herramientas hacia un futuro m\u00e1s igualitario y justo para todas.<\/p>\n<p>\u00bfDecididas es sin duda mi sello sobre un compromiso irrenunciable a seguir difundiendo a autoras potentes; avances cient\u00edficos; y datos; muchos datos\u00bf; dice la escritora y polit\u00f3loga. \u00bfInsisto con esto para erradicar a partir de pruebas contundentes un sentido com\u00fan que a\u00fan nos lleva a lugares en donde no estamos consideradas\u00bf.<\/p>\n<p>Dividido en tres grandes ejes \u00bfamor; sexo y dinero\u00bf Decididas introduce nuevos conocimientos desde la neurociencia y la investigaci\u00f3n de datos para examinar el lugar social de desmedro de las mujeres y por qu\u00e9 nos exponemos en nombre del amor a perder nuestra capacidad de decisi\u00f3n; analiza c\u00f3mo ser decididas si a\u00fan no tomamos las riendas de nuestras pr\u00e1cticas sexuales; de lo que deseamos y nos genera bienestar; y esclarece la mala relaci\u00f3n hist\u00f3rica que las mujeres tenemos con el dinero: las limitaciones; la falta de informaci\u00f3n; las barreras subjetivas en nuestras creencias que tambi\u00e9n nos limitan.<\/p>\n<p>Despu\u00e9s de (Mal) Educadas; que gener\u00f3 un fen\u00f3meno de ventas y cr\u00edtica en toda Hispanoam\u00e9rica; Mar\u00eda Florencia Freijo ofrece con Decididas un ensayo tan potente y l\u00facido como intimista y sincero; riguroso; a veces inc\u00f3modo; una herramienta fundamental para acompa\u00f1ar este tiempo hist\u00f3rico de cambios profundos; donde debemos discutir c\u00f3mo queremos seguir adelante para ser verdaderamente protagonistas.<\/p>\n<p>EN: We are determined to transform history. There is no turning back\u00bf.<\/p>\n<p>If with her previous books Mar\u00eda Florencia Freijo composed an astute and enlightening x-ray of the present that women live in and investigated the historical roots of how we reached this point, in Decididas she analyzes not only the most problematic issues that women face but also takes this information to propose tools for a more egalitarian and just future for all of us.<\/p>\n<p>Decididas is undoubtedly my stamp on an unwavering commitment to continue disseminating powerful authors, scientific advances, and data, lots of data\u00bf; says the writer and political scientist, \u00bfI insist on this to eradicate, based on convincing evidence, a common sense that still takes us to places where we are not considered.<\/p>\n<p>Divided into three main axes \u00bflove, sex and money\u00bf Decididas introduces new knowledge from neuroscience and data research to examine the social place of women\u00bfs disregard and why we expose ourselves in the name of love to lose our capacity to make decisions; it analyzes how to be decisive if we still do not take control of our sexual practices; of what we desire and what generates well-being; and it clarifies the bad historical relationship that women have with money: the limitations; the lack of information; the subjective barriers in our beliefs that also limit us.<\/p>\n<p>After (Mal) Educadas, which generated a phenomenon of sales and criticism throughout Latin America, Mar\u00eda Florencia Freijo offers with Decididas an essay as powerful and lucid as it is intimate and sincere; rigorous; sometimes uncomfortable; a fundamental tool to accompany this historical time of profound changes; where we must discuss how we want to move forward to be truly protagonists.<\/p>","protected":false},"featured_media":58911,"comment_status":"closed","ping_status":"closed","template":"","meta":{"_acf_changed":false,"om_disable_all_campaigns":false,"_monsterinsights_skip_tracking":false,"_monsterinsights_sitenote_active":false,"_monsterinsights_sitenote_note":"","_monsterinsights_sitenote_category":0},"etheme_brands":[],"product_brand":[],"product_cat":[685],"product_tag":[755,9536,752],"class_list":{"0":"post-58909","1":"product","2":"type-product","3":"status-publish","4":"has-post-thumbnail","6":"product_cat-libros","7":"product_tag-book","8":"product_tag-decididas","9":"product_tag-libro","11":"first","12":"instock","13":"taxable","14":"shipping-taxable","15":"purchasable","16":"product-type-simple"},"acf":[],"aioseo_notices":[],"_links":{"self":[{"href":"https:\/\/www.argensend.com\/en\/wp-json\/wp\/v2\/product\/58909","targetHints":{"allow":["GET"]}}],"collection":[{"href":"https:\/\/www.argensend.com\/en\/wp-json\/wp\/v2\/product"}],"about":[{"href":"https:\/\/www.argensend.com\/en\/wp-json\/wp\/v2\/types\/product"}],"replies":[{"embeddable":true,"href":"https:\/\/www.argensend.com\/en\/wp-json\/wp\/v2\/comments?post=58909"}],"version-history":[{"count":2,"href":"https:\/\/www.argensend.com\/en\/wp-json\/wp\/v2\/product\/58909\/revisions"}],"predecessor-version":[{"id":77627,"href":"https:\/\/www.argensend.com\/en\/wp-json\/wp\/v2\/product\/58909\/revisions\/77627"}],"wp:featuredmedia":[{"embeddable":true,"href":"https:\/\/www.argensend.com\/en\/wp-json\/wp\/v2\/media\/58911"}],"wp:attachment":[{"href":"https:\/\/www.argensend.com\/en\/wp-json\/wp\/v2\/media?parent=58909"}],"wp:term":[{"taxonomy":"brand","embeddable":true,"href":"https:\/\/www.argensend.com\/en\/wp-json\/wp\/v2\/etheme_brands?post=58909"},{"taxonomy":"product_brand","embeddable":true,"href":"https:\/\/www.argensend.com\/en\/wp-json\/wp\/v2\/product_brand?post=58909"},{"taxonomy":"product_cat","embeddable":true,"href":"https:\/\/www.argensend.com\/en\/wp-json\/wp\/v2\/product_cat?post=58909"},{"taxonomy":"product_tag","embeddable":true,"href":"https:\/\/www.argensend.com\/en\/wp-json\/wp\/v2\/product_tag?post=58909"}],"curies":[{"name":"wp","href":"https:\/\/api.w.org\/{rel}","templated":true}]}}