{"id":58913,"date":"2023-01-12T13:58:32","date_gmt":"2023-01-12T16:58:32","guid":{"rendered":"https:\/\/www.argensend.com\/?post_type=product&#038;p=58913"},"modified":"2024-12-06T16:32:50","modified_gmt":"2024-12-06T19:32:50","slug":"grupo-zeta-libro-las-buenas-chicas-the-good-girls-book","status":"publish","type":"product","link":"https:\/\/www.argensend.com\/en\/product\/grupo-zeta-libro-las-buenas-chicas-the-good-girls-book\/","title":{"rendered":"Libro las buenas chicas"},"content":{"rendered":"","protected":false},"excerpt":{"rendered":"<p>Atwater es un exclusivo internado femenino de Nueva Inglaterra; cuna de intelectuales feministas y de pensamiento moderno. Sus alumnas son brillantes; decididas y sofisticadas; pero en el fondo no dejan de ser tambi\u00e9n adolescentes que buscan su propio camino; exploran sus ambiciones y se enfrentan a sus miedos. Al comienzo del curso; sale a la luz una alarmante noticia: una de las alumnas ha puesto una denuncia contra un profesor por conducta sexual inapropiada y el centro pretende silenciar el esc\u00e1ndalo. A medida que pasan las semanas; las nueve extraordinarias protagonistas -cuyas voces se van alternando en esta inteligente novela- se dar\u00e1n cuenta de que los adultos quiz\u00e1 no puedan protegerlas como ellas cre\u00edan. La cr\u00edtica dijo&#8230; \u00abLas p\u00e1ginas vuelan. Las protagonistas; descritas con infinita ternura; son complejas y cautivadoras. Layden retrata de manera sublime los detalles cotidianos de la vida en un internado\u00bb. The New York Times \u00abIncisiva; aguda&#8230; Layden logra convertir las consecuencias del silencio institucional en un intenso alivio\u00bb. Publishers Weekly \u00abLos lectores se descubrir\u00e1n pensando en estos personajes; v\u00edvidos y construidos con compasi\u00f3n; mucho despu\u00e9s de haber terminado el libro&#8230; Reg\u00e1laselo a los fans adultos de Gossip Girl y a los lectores de Emma Straub\u00bb. The Booklist \u00abUna interpretaci\u00f3n crucial de la sexualidad y el movimiento #MeToo desde la perspectiva de las m\u00e1s j\u00f3venes\u00bb. Library Journal \u00abUna historia que captura de manera sagaz la claustrofobia y la t\u00f3xica cultura de la conformidad entre las adolescentes\u00bb. The Observer \u00abSumergi\u00e9ndose en el infierno de la adolescencia; Layden crea un espacio para conversar sobre feminismo y la olvidada dificultad de sobrevivir en un mundo dominado por los hombres. Inteligente; evocadora y emp\u00e1tica\u00bb. Kirkus Reviews \u00abGustar\u00e1 a las lectoras de Sally Rooney\u00bb. St. Martin&#8217;s Press<\/p>\n<p>EN: Atwater is an exclusive boarding school for girls in New England, a cradle of feminist intellectuals and modern thinking. Its students are brilliant; determined and sophisticated; but deep down they are also teenagers looking for their own way; exploring their ambitions and facing their fears. At the beginning of the school year, alarming news comes to light: one of the students has filed a complaint against a teacher for sexual misconduct and the school intends to hush up the scandal. As the weeks go by, the nine extraordinary protagonists -whose voices alternate in this intelligent novel- will realize that adults may not be able to protect them as they thought. The reviewer said. &#8220;The pages fly. The protagonists; described with infinite tenderness; are complex and captivating. Layden sublimely portrays the everyday details of boarding school life.&#8221; The New York Times &#8220;Incisive; sharp&#8230;. Layden succeeds in turning the consequences of institutional silence into intense relief.&#8221; Publishers Weekly &#8220;Readers will find themselves thinking about these characters; vivid and compassionately constructed; long after they&#8217;ve finished the book&#8230;. Gift it to adult fans of Gossip Girl and readers of Emma Straub.&#8221; The Booklist &#8220;A crucial interpretation of sexuality and the #MeToo movement from the perspective of younger women.&#8221; Library Journal &#8220;A story that shrewdly captures the claustrophobia and toxic culture of conformity among teenage girls.&#8221; The Observer &#8220;Diving into the hell of adolescence; Layden creates a space for conversation about feminism and the forgotten difficulty of surviving in a male-dominated world. Smart; evocative and empathetic.&#8221; Kirkus Reviews &#8220;Will appeal to readers of Sally Rooney.&#8221; St. Martin&#8217;s Press<\/p>","protected":false},"featured_media":58914,"comment_status":"closed","ping_status":"closed","template":"","meta":{"_acf_changed":false,"om_disable_all_campaigns":false,"_monsterinsights_skip_tracking":false,"_monsterinsights_sitenote_active":false,"_monsterinsights_sitenote_note":"","_monsterinsights_sitenote_category":0},"etheme_brands":[],"product_brand":[],"product_cat":[685],"product_tag":[755,9537,752],"class_list":{"0":"post-58913","1":"product","2":"type-product","3":"status-publish","4":"has-post-thumbnail","6":"product_cat-libros","7":"product_tag-book","8":"product_tag-las-buenas-chicas","9":"product_tag-libro","11":"first","12":"instock","13":"taxable","14":"shipping-taxable","15":"purchasable","16":"product-type-simple"},"acf":[],"aioseo_notices":[],"_links":{"self":[{"href":"https:\/\/www.argensend.com\/en\/wp-json\/wp\/v2\/product\/58913","targetHints":{"allow":["GET"]}}],"collection":[{"href":"https:\/\/www.argensend.com\/en\/wp-json\/wp\/v2\/product"}],"about":[{"href":"https:\/\/www.argensend.com\/en\/wp-json\/wp\/v2\/types\/product"}],"replies":[{"embeddable":true,"href":"https:\/\/www.argensend.com\/en\/wp-json\/wp\/v2\/comments?post=58913"}],"version-history":[{"count":2,"href":"https:\/\/www.argensend.com\/en\/wp-json\/wp\/v2\/product\/58913\/revisions"}],"predecessor-version":[{"id":107311,"href":"https:\/\/www.argensend.com\/en\/wp-json\/wp\/v2\/product\/58913\/revisions\/107311"}],"wp:featuredmedia":[{"embeddable":true,"href":"https:\/\/www.argensend.com\/en\/wp-json\/wp\/v2\/media\/58914"}],"wp:attachment":[{"href":"https:\/\/www.argensend.com\/en\/wp-json\/wp\/v2\/media?parent=58913"}],"wp:term":[{"taxonomy":"brand","embeddable":true,"href":"https:\/\/www.argensend.com\/en\/wp-json\/wp\/v2\/etheme_brands?post=58913"},{"taxonomy":"product_brand","embeddable":true,"href":"https:\/\/www.argensend.com\/en\/wp-json\/wp\/v2\/product_brand?post=58913"},{"taxonomy":"product_cat","embeddable":true,"href":"https:\/\/www.argensend.com\/en\/wp-json\/wp\/v2\/product_cat?post=58913"},{"taxonomy":"product_tag","embeddable":true,"href":"https:\/\/www.argensend.com\/en\/wp-json\/wp\/v2\/product_tag?post=58913"}],"curies":[{"name":"wp","href":"https:\/\/api.w.org\/{rel}","templated":true}]}}