{"id":58984,"date":"2023-01-13T10:31:58","date_gmt":"2023-01-13T13:31:58","guid":{"rendered":"https:\/\/www.argensend.com\/?post_type=product&#038;p=58984"},"modified":"2024-12-06T16:32:50","modified_gmt":"2024-12-06T19:32:50","slug":"planeta-libro-punto-ciego-blind-spot-book","status":"publish","type":"product","link":"https:\/\/www.argensend.com\/en\/product\/planeta-libro-punto-ciego-blind-spot-book\/","title":{"rendered":"Libro Punto ciego"},"content":{"rendered":"","protected":false},"excerpt":{"rendered":"<p>Paula Hawkins; autora de La chica del tren; un fen\u00f3meno mundial con m\u00e1s de 27 millones de lectores en 50 pa\u00edses.<\/p>\n<p>Desde que son ni\u00f1os Edie; Jake y Ryan han sido inseparables. Ellos tres contra el mundo. Edie pensaba que su amistad podr\u00eda con todo; as\u00ed que cuando su marido Jake es brutalmente asesinado y su mejor amigo; Ryan; acusado del crimen; su mundo se desmorona.<\/p>\n<p>Edie est\u00e1 sola por primera vez en muchos a\u00f1os en la casa del acantilado que compart\u00eda con Jake. Est\u00e1 en pleno duelo y tiene miedo; y no le falta raz\u00f3n para tenerlo; pues alguien la est\u00e1 vigilando; alguien que ha estado esperando este momento. Ahora que Edie es vulnerable; el pasado del que ha intentado huir desesperadamente est\u00e1 a punto de llamar a su puerta.<\/p>\n<p>Paula Hawkins; la autora de La chica del tren; nos ofrece una novela apasionante en la que descubriremos que hasta el acto mejor intencionado puede tener tr\u00e1gicas consecuencias. Una historia llena de giros y tensi\u00f3n magn\u00edficamente escrita por la reina indiscutible del suspense.<\/p>\n<p>EN: Paula Hawkins; author of The Girl on the Train; a worldwide phenomenon with over 27 million readers in 50 countries.<\/p>\n<p>Since they were children Edie; Jake and Ryan have been inseparable. The three of them against the world. Edie thought their friendship could handle anything; so when her husband Jake is brutally murdered and her best friend; Ryan; accused of the crime; her world falls apart.<\/p>\n<p>Edie is alone for the first time in many years in the cliff house she shared with Jake. She is in the throes of grief and she is afraid; and she has no reason to be; for someone is watching her; someone who has been waiting for this moment. Now that Edie is vulnerable; the past she has been desperately trying to run from is about to come knocking at her door.<\/p>\n<p>Paula Hawkins; the author of The Girl on the Train; offers us a gripping novel in which we will discover that even the best intentioned act can have tragic consequences. A story full of twists and turns and tension magnificently written by the undisputed queen of suspense.<\/p>","protected":false},"featured_media":58986,"comment_status":"closed","ping_status":"closed","template":"","meta":{"_acf_changed":false,"om_disable_all_campaigns":false,"_monsterinsights_skip_tracking":false,"_monsterinsights_sitenote_active":false,"_monsterinsights_sitenote_note":"","_monsterinsights_sitenote_category":0},"etheme_brands":[],"product_brand":[],"product_cat":[685],"product_tag":[755,4727,752,9541,4724],"class_list":{"0":"post-58984","1":"product","2":"type-product","3":"status-publish","4":"has-post-thumbnail","6":"product_cat-libros","7":"product_tag-book","8":"product_tag-leer","9":"product_tag-libro","10":"product_tag-punto-ciego","11":"product_tag-read","13":"first","14":"instock","15":"taxable","16":"shipping-taxable","17":"purchasable","18":"product-type-simple"},"acf":[],"aioseo_notices":[],"_links":{"self":[{"href":"https:\/\/www.argensend.com\/en\/wp-json\/wp\/v2\/product\/58984","targetHints":{"allow":["GET"]}}],"collection":[{"href":"https:\/\/www.argensend.com\/en\/wp-json\/wp\/v2\/product"}],"about":[{"href":"https:\/\/www.argensend.com\/en\/wp-json\/wp\/v2\/types\/product"}],"replies":[{"embeddable":true,"href":"https:\/\/www.argensend.com\/en\/wp-json\/wp\/v2\/comments?post=58984"}],"version-history":[{"count":1,"href":"https:\/\/www.argensend.com\/en\/wp-json\/wp\/v2\/product\/58984\/revisions"}],"predecessor-version":[{"id":70906,"href":"https:\/\/www.argensend.com\/en\/wp-json\/wp\/v2\/product\/58984\/revisions\/70906"}],"wp:featuredmedia":[{"embeddable":true,"href":"https:\/\/www.argensend.com\/en\/wp-json\/wp\/v2\/media\/58986"}],"wp:attachment":[{"href":"https:\/\/www.argensend.com\/en\/wp-json\/wp\/v2\/media?parent=58984"}],"wp:term":[{"taxonomy":"brand","embeddable":true,"href":"https:\/\/www.argensend.com\/en\/wp-json\/wp\/v2\/etheme_brands?post=58984"},{"taxonomy":"product_brand","embeddable":true,"href":"https:\/\/www.argensend.com\/en\/wp-json\/wp\/v2\/product_brand?post=58984"},{"taxonomy":"product_cat","embeddable":true,"href":"https:\/\/www.argensend.com\/en\/wp-json\/wp\/v2\/product_cat?post=58984"},{"taxonomy":"product_tag","embeddable":true,"href":"https:\/\/www.argensend.com\/en\/wp-json\/wp\/v2\/product_tag?post=58984"}],"curies":[{"name":"wp","href":"https:\/\/api.w.org\/{rel}","templated":true}]}}