{"id":58987,"date":"2023-01-13T10:38:47","date_gmt":"2023-01-13T13:38:47","guid":{"rendered":"https:\/\/www.argensend.com\/?post_type=product&#038;p=58987"},"modified":"2024-12-06T16:32:50","modified_gmt":"2024-12-06T19:32:50","slug":"hwarang-libro-nos-sale-bien-pedir-perdon-we-are-good-at-apologizing-book","status":"publish","type":"product","link":"https:\/\/www.argensend.com\/en\/product\/hwarang-libro-nos-sale-bien-pedir-perdon-we-are-good-at-apologizing-book\/","title":{"rendered":"Libro Nos sale bien pedir perd\u00f3n"},"content":{"rendered":"","protected":false},"excerpt":{"rendered":"<p>Una instituci\u00f3n psiqui\u00e1trica cierra luego de un esc\u00e1ndalo de corrupci\u00f3n. Dos pacientes que vivieron toda su vida hospitalizados intentan reincorporarse a la sociedad sin \u00e9xito y su mera existencia empieza a desquiciar a todos a su alrededor. Nos sale bien pedir perd\u00f3n es una historia s\u00f3rdida donde las miserias humanas se esconden detr\u00e1s de los actos absurdos de los protagonistas y los conceptos de culpa; pecado y redenci\u00f3n se materializan en las peque\u00f1as acciones del d\u00eda a d\u00eda.<\/p>\n<p>EM: A psychiatric institution closes after a corruption scandal. Two patients who have been hospitalized their whole lives try to rejoin society without success and their mere existence begins to unsettle everyone around them. Nos sale bien pedir perd\u00f3n is a sordid story where human miseries hide behind the absurd acts of the protagonists and the concepts of guilt, sin and redemption materialize in the small actions of everyday life.<\/p>","protected":false},"featured_media":58988,"comment_status":"closed","ping_status":"closed","template":"","meta":{"_acf_changed":false,"om_disable_all_campaigns":false,"_monsterinsights_skip_tracking":false,"_monsterinsights_sitenote_active":false,"_monsterinsights_sitenote_note":"","_monsterinsights_sitenote_category":0},"etheme_brands":[],"product_brand":[],"product_cat":[685],"product_tag":[755,752,9542],"class_list":{"0":"post-58987","1":"product","2":"type-product","3":"status-publish","4":"has-post-thumbnail","6":"product_cat-libros","7":"product_tag-book","8":"product_tag-libro","9":"product_tag-nos-ale-bien-pedir-perdon","11":"first","12":"instock","13":"taxable","14":"shipping-taxable","15":"purchasable","16":"product-type-simple"},"acf":[],"aioseo_notices":[],"_links":{"self":[{"href":"https:\/\/www.argensend.com\/en\/wp-json\/wp\/v2\/product\/58987","targetHints":{"allow":["GET"]}}],"collection":[{"href":"https:\/\/www.argensend.com\/en\/wp-json\/wp\/v2\/product"}],"about":[{"href":"https:\/\/www.argensend.com\/en\/wp-json\/wp\/v2\/types\/product"}],"replies":[{"embeddable":true,"href":"https:\/\/www.argensend.com\/en\/wp-json\/wp\/v2\/comments?post=58987"}],"version-history":[{"count":1,"href":"https:\/\/www.argensend.com\/en\/wp-json\/wp\/v2\/product\/58987\/revisions"}],"predecessor-version":[{"id":70905,"href":"https:\/\/www.argensend.com\/en\/wp-json\/wp\/v2\/product\/58987\/revisions\/70905"}],"wp:featuredmedia":[{"embeddable":true,"href":"https:\/\/www.argensend.com\/en\/wp-json\/wp\/v2\/media\/58988"}],"wp:attachment":[{"href":"https:\/\/www.argensend.com\/en\/wp-json\/wp\/v2\/media?parent=58987"}],"wp:term":[{"taxonomy":"brand","embeddable":true,"href":"https:\/\/www.argensend.com\/en\/wp-json\/wp\/v2\/etheme_brands?post=58987"},{"taxonomy":"product_brand","embeddable":true,"href":"https:\/\/www.argensend.com\/en\/wp-json\/wp\/v2\/product_brand?post=58987"},{"taxonomy":"product_cat","embeddable":true,"href":"https:\/\/www.argensend.com\/en\/wp-json\/wp\/v2\/product_cat?post=58987"},{"taxonomy":"product_tag","embeddable":true,"href":"https:\/\/www.argensend.com\/en\/wp-json\/wp\/v2\/product_tag?post=58987"}],"curies":[{"name":"wp","href":"https:\/\/api.w.org\/{rel}","templated":true}]}}