{"id":58992,"date":"2023-01-13T11:17:55","date_gmt":"2023-01-13T14:17:55","guid":{"rendered":"https:\/\/www.argensend.com\/?post_type=product&#038;p=58992"},"modified":"2024-12-06T16:32:50","modified_gmt":"2024-12-06T19:32:50","slug":"grijalbo-libro-las-huellas-del-mal-the-traces-of-evil-book","status":"publish","type":"product","link":"https:\/\/www.argensend.com\/en\/product\/grijalbo-libro-las-huellas-del-mal-the-traces-of-evil-book\/","title":{"rendered":"Libro las huellas del mal"},"content":{"rendered":"","protected":false},"excerpt":{"rendered":"<p>Corre el a\u00f1o 1892. Argentina es una naci\u00f3n joven; pero se encuentra entre las m\u00e1s pujantes y desarrolladas del mundo. Dos misteriosos agentes de la polic\u00eda federal llegan al pueblo de Quequ\u00e9n; en la costa atl\u00e1ntica; para ayudar a resolver un crimen. Dos ni\u00f1os han sido degollados y su madre; viva; aunque en estado catat\u00f3nico; es la \u00fanica testigo del hecho. Uno de los agentes es Juan Vucetich; un inmigrante de origen croata que trae un m\u00e9todo innovador: la dactiloscopia; una disciplina que permite identificar inequ\u00edvocamente a una persona por el relieve \u00fanico de las crestas capilares de los dedos de la mano. Si lograran resolver un crimen tan horroroso gracias a este procedimiento; Argentina tomar\u00eda la delantera geopol\u00edtica con un logro revolucionario para la administraci\u00f3n de los pa\u00edses. Con gran capacidad narrativa y una afinada precisi\u00f3n para describir el clima turbulento; expectante e innovador que se viv\u00eda a las puertas del siglo XX; Federico Andahazi cre\u00f3 una historia oscura y atrapante que indaga en personajes tan fr\u00e1giles y complejos como valientes. Persecuciones; corrupci\u00f3n; intrigas internacionales y bandidos revolucionarios recorren las p\u00e1ginas de esta novela en la que se amalgaman de forma erudita y delicada; el disfrute y la reflexi\u00f3n.<\/p>\n<p>EN: The year is 1892. Argentina is a young nation; but it is among the most thriving and developed in the world. Two mysterious federal police agents arrive in the town of Quequ\u00e9n, on the Atlantic coast, to help solve a crime. Two children have had their throats slit and their mother, alive but in a catatonic state, is the only witness to the crime. One of the agents is Juan Vucetich; an immigrant of Croatian origin who brings an innovative method: dactyloscopy; a discipline that allows the unequivocal identification of a person by the unique relief of the capillary ridges of the fingers of the hand. If they were able to solve such a horrific crime thanks to this procedure, Argentina would take the geopolitical lead with a revolutionary achievement for the administration of countries. With great narrative ability and a fine-tuned precision to describe the turbulent, expectant and innovative climate that was lived at the gates of the twentieth century; Federico Andahazi created a dark and enthralling story that explores characters as fragile and complex as they are brave. Persecutions; corruption; international intrigues and revolutionary bandits run through the pages of this novel in which enjoyment and reflection are amalgamated in an erudite and delicate way.<\/p>","protected":false},"featured_media":58993,"comment_status":"closed","ping_status":"closed","template":"","meta":{"_acf_changed":false,"om_disable_all_campaigns":false,"_monsterinsights_skip_tracking":false,"_monsterinsights_sitenote_active":false,"_monsterinsights_sitenote_note":"","_monsterinsights_sitenote_category":0},"etheme_brands":[],"product_brand":[],"product_cat":[685],"product_tag":[755,9544,752,4724],"class_list":{"0":"post-58992","1":"product","2":"type-product","3":"status-publish","4":"has-post-thumbnail","6":"product_cat-libros","7":"product_tag-book","8":"product_tag-las-huellas-del-mal","9":"product_tag-libro","10":"product_tag-read","12":"first","13":"instock","14":"taxable","15":"shipping-taxable","16":"purchasable","17":"product-type-simple"},"acf":[],"aioseo_notices":[],"_links":{"self":[{"href":"https:\/\/www.argensend.com\/en\/wp-json\/wp\/v2\/product\/58992","targetHints":{"allow":["GET"]}}],"collection":[{"href":"https:\/\/www.argensend.com\/en\/wp-json\/wp\/v2\/product"}],"about":[{"href":"https:\/\/www.argensend.com\/en\/wp-json\/wp\/v2\/types\/product"}],"replies":[{"embeddable":true,"href":"https:\/\/www.argensend.com\/en\/wp-json\/wp\/v2\/comments?post=58992"}],"version-history":[{"count":2,"href":"https:\/\/www.argensend.com\/en\/wp-json\/wp\/v2\/product\/58992\/revisions"}],"predecessor-version":[{"id":107313,"href":"https:\/\/www.argensend.com\/en\/wp-json\/wp\/v2\/product\/58992\/revisions\/107313"}],"wp:featuredmedia":[{"embeddable":true,"href":"https:\/\/www.argensend.com\/en\/wp-json\/wp\/v2\/media\/58993"}],"wp:attachment":[{"href":"https:\/\/www.argensend.com\/en\/wp-json\/wp\/v2\/media?parent=58992"}],"wp:term":[{"taxonomy":"brand","embeddable":true,"href":"https:\/\/www.argensend.com\/en\/wp-json\/wp\/v2\/etheme_brands?post=58992"},{"taxonomy":"product_brand","embeddable":true,"href":"https:\/\/www.argensend.com\/en\/wp-json\/wp\/v2\/product_brand?post=58992"},{"taxonomy":"product_cat","embeddable":true,"href":"https:\/\/www.argensend.com\/en\/wp-json\/wp\/v2\/product_cat?post=58992"},{"taxonomy":"product_tag","embeddable":true,"href":"https:\/\/www.argensend.com\/en\/wp-json\/wp\/v2\/product_tag?post=58992"}],"curies":[{"name":"wp","href":"https:\/\/api.w.org\/{rel}","templated":true}]}}