{"id":58995,"date":"2023-01-13T11:25:19","date_gmt":"2023-01-13T14:25:19","guid":{"rendered":"https:\/\/www.argensend.com\/?post_type=product&#038;p=58995"},"modified":"2024-12-06T16:32:51","modified_gmt":"2024-12-06T19:32:51","slug":"el-ateneo-libro-messi-el-genio-completo-the-complete-genius-book","status":"publish","type":"product","link":"https:\/\/www.argensend.com\/en\/product\/el-ateneo-libro-messi-el-genio-completo-the-complete-genius-book\/","title":{"rendered":"Libro Messi el genio completo"},"content":{"rendered":"","protected":false},"excerpt":{"rendered":"<p>\u00bfPor qu\u00e9 un genio como Messi no consigui\u00f3 por a\u00f1os lo que muchos otros; no tan geniales; s\u00ed hab\u00edan conseguido? En este libro est\u00e1n las respuestas. El experimentado periodista Ariel Senosiain hizo 73 entrevistas y consigui\u00f3 lo que nadie pudo: que hablasen hasta el padre del propio Messi; el DT Alejandro Sabella y el ex presidente de la FIFA Joseph Blatter. La recreaci\u00f3n v\u00edvida de las jugadas clave son un regalo para los amantes del f\u00fatbol y el agudo an\u00e1lisis conquista a todos los lectores. Una lectura atrapante. Un relato \u00e9pico. Un largo camino desde las l\u00e1grimas de dolor hasta las de emoci\u00f3n. \u00bfClaramente uno de los mejores libros sobre Messi\u00bf Ezequiel Fern\u00e1ndez Moore<\/p>\n<p>EN: Why didn&#8217;t a genius like Messi achieve for years what many others, not so great, had achieved? In this book are the answers. Experienced journalist Ariel Senosiain conducted 73 interviews and managed to do what no one else could: get even Messi&#8217;s own father, coach Alejandro Sabella and former FIFA president Joseph Blatter to talk. The vivid recreation of the key plays are a gift for soccer lovers and the sharp analysis conquers all readers. A gripping read. An epic tale. A long way from tears of pain to tears of emotion. Clearly one of the best books on Messi\u00bf Ezequiel Fern\u00e1ndez Moore<\/p>","protected":false},"featured_media":58996,"comment_status":"closed","ping_status":"closed","template":"","meta":{"_acf_changed":false,"om_disable_all_campaigns":false,"_monsterinsights_skip_tracking":false,"_monsterinsights_sitenote_active":false,"_monsterinsights_sitenote_note":"","_monsterinsights_sitenote_category":0},"etheme_brands":[],"product_brand":[],"product_cat":[685],"product_tag":[9546,9547,9545,1976],"class_list":{"0":"post-58995","1":"product","2":"type-product","3":"status-publish","4":"has-post-thumbnail","6":"product_cat-libros","7":"product_tag-book-messi","8":"product_tag-el-genio-completo","9":"product_tag-libro-messi","10":"product_tag-messi","12":"first","13":"instock","14":"taxable","15":"shipping-taxable","16":"purchasable","17":"product-type-simple"},"acf":[],"aioseo_notices":[],"_links":{"self":[{"href":"https:\/\/www.argensend.com\/en\/wp-json\/wp\/v2\/product\/58995","targetHints":{"allow":["GET"]}}],"collection":[{"href":"https:\/\/www.argensend.com\/en\/wp-json\/wp\/v2\/product"}],"about":[{"href":"https:\/\/www.argensend.com\/en\/wp-json\/wp\/v2\/types\/product"}],"replies":[{"embeddable":true,"href":"https:\/\/www.argensend.com\/en\/wp-json\/wp\/v2\/comments?post=58995"}],"version-history":[{"count":1,"href":"https:\/\/www.argensend.com\/en\/wp-json\/wp\/v2\/product\/58995\/revisions"}],"predecessor-version":[{"id":70902,"href":"https:\/\/www.argensend.com\/en\/wp-json\/wp\/v2\/product\/58995\/revisions\/70902"}],"wp:featuredmedia":[{"embeddable":true,"href":"https:\/\/www.argensend.com\/en\/wp-json\/wp\/v2\/media\/58996"}],"wp:attachment":[{"href":"https:\/\/www.argensend.com\/en\/wp-json\/wp\/v2\/media?parent=58995"}],"wp:term":[{"taxonomy":"brand","embeddable":true,"href":"https:\/\/www.argensend.com\/en\/wp-json\/wp\/v2\/etheme_brands?post=58995"},{"taxonomy":"product_brand","embeddable":true,"href":"https:\/\/www.argensend.com\/en\/wp-json\/wp\/v2\/product_brand?post=58995"},{"taxonomy":"product_cat","embeddable":true,"href":"https:\/\/www.argensend.com\/en\/wp-json\/wp\/v2\/product_cat?post=58995"},{"taxonomy":"product_tag","embeddable":true,"href":"https:\/\/www.argensend.com\/en\/wp-json\/wp\/v2\/product_tag?post=58995"}],"curies":[{"name":"wp","href":"https:\/\/api.w.org\/{rel}","templated":true}]}}