{"id":58997,"date":"2023-01-13T11:31:26","date_gmt":"2023-01-13T14:31:26","guid":{"rendered":"https:\/\/www.argensend.com\/?post_type=product&#038;p=58997"},"modified":"2024-12-06T16:32:51","modified_gmt":"2024-12-06T19:32:51","slug":"tusquets-libro-todo-va-a-mejorar-everything-will-get-better-book","status":"publish","type":"product","link":"https:\/\/www.argensend.com\/en\/product\/tusquets-libro-todo-va-a-mejorar-everything-will-get-better-book\/","title":{"rendered":"Libro &#8211; Todo va a mejorar"},"content":{"rendered":"","protected":false},"excerpt":{"rendered":"<p>Espa\u00f1a en un futuro pr\u00f3ximo. Un nuevo partido pol\u00edtico llamado Movimiento Ciudadano \u00a1Soluciones Ya! ha arrasado en las elecciones. Quien lo dirige en la sombra es un empresario de \u00e9xito que propugna que el Consejo de Ministros funcione como un consejo de administraci\u00f3n; y que tiene proyectos ambiciosos para arreglar el pa\u00eds. Tras la alarma de una ola de vandalismo; formar\u00e1 un nuevo cuerpo de Vigilantes; tras un Gran Apag\u00f3n crear\u00e1 un acceso limitado a internet; y; ante las dificultades; estimular\u00e1 la libertad de compras y consumo. Todas ellas ser\u00e1n medidas extraordinarias porque el pa\u00eds se enfrenta a nuevas formas de pandemia que exigen velar ante todo por la seguridad. \u00abLa seguridad es salud. La salud es vida. La vida es seguridad.\u00bb<\/p>\n<p>S\u00f3lo un grupo de mujeres y hombres corrientes se atrever\u00e1n a desmontar las mentiras del nuevo r\u00e9gimen en el que todo aparenta mejorar; cuando en realidad se vive bajo los abusos de poderosos sin escr\u00fapulos.<\/p>\n<p>Novela coral de anticipaci\u00f3n pol\u00edtica que tiene lo mejor de Los besos en el pan y la intriga de los resistentes de los &#8216;Episodios de una Guerra Interminable&#8217;; la \u00faltima novela de Almudena Grandes es sobre todo una galer\u00eda inolvidable de personajes; que van contando su experiencia de adaptaci\u00f3n a un pa\u00eds que ha sufrido fuertes sacudidas y en el que no quieren resignarse. El legado de una gran narradora que logra de nuevo emocionarnos y despertar conciencias.<\/p>\n<p>EN: Spain in the near future. A new political party called Movimiento Ciudadano \u00a1Soluciones Ya! has swept the elections. The shadow leader is a successful businessman who advocates that the Council of Ministers should function as a board of directors; and who has ambitious projects to fix the country. After the alarm of a wave of vandalism; he will form a new Vigilante corps; after a Great Blackout he will create limited internet access; and; in the face of hardship; he will stimulate freedom of shopping and consumption. All of these will be extraordinary measures because the country is facing new forms of pandemics that require ensuring security first and foremost. &#8220;Safety is health. Health is life. Life is safety.&#8221;<\/p>\n<p>Only a group of ordinary women and men will dare to dismantle the lies of the new regime in which everything appears to be improving; when in reality they live under the abuses of unscrupulous powerful people.<\/p>\n<p>A choral novel of political anticipation that has the best of Los besos en el pan and the intrigue of &#8216;Episodios de una Guerra Interminable&#8217;; the last novel by Almudena Grandes is above all an unforgettable gallery of characters; who tell their experience of adaptation to a country that has suffered strong shocks and in which they do not want to resign themselves. The legacy of a great storyteller who once again manages to move us and awaken our consciences.<\/p>","protected":false},"featured_media":58998,"comment_status":"closed","ping_status":"closed","template":"","meta":{"_acf_changed":false,"om_disable_all_campaigns":false,"_monsterinsights_skip_tracking":false,"_monsterinsights_sitenote_active":false,"_monsterinsights_sitenote_note":"","_monsterinsights_sitenote_category":0},"etheme_brands":[],"product_brand":[],"product_cat":[685],"product_tag":[755,752,9548],"class_list":{"0":"post-58997","1":"product","2":"type-product","3":"status-publish","4":"has-post-thumbnail","6":"product_cat-libros","7":"product_tag-book","8":"product_tag-libro","9":"product_tag-todo-va-a-mejorar","11":"first","12":"instock","13":"taxable","14":"shipping-taxable","15":"purchasable","16":"product-type-simple"},"acf":[],"aioseo_notices":[],"_links":{"self":[{"href":"https:\/\/www.argensend.com\/en\/wp-json\/wp\/v2\/product\/58997","targetHints":{"allow":["GET"]}}],"collection":[{"href":"https:\/\/www.argensend.com\/en\/wp-json\/wp\/v2\/product"}],"about":[{"href":"https:\/\/www.argensend.com\/en\/wp-json\/wp\/v2\/types\/product"}],"replies":[{"embeddable":true,"href":"https:\/\/www.argensend.com\/en\/wp-json\/wp\/v2\/comments?post=58997"}],"version-history":[{"count":2,"href":"https:\/\/www.argensend.com\/en\/wp-json\/wp\/v2\/product\/58997\/revisions"}],"predecessor-version":[{"id":70901,"href":"https:\/\/www.argensend.com\/en\/wp-json\/wp\/v2\/product\/58997\/revisions\/70901"}],"wp:featuredmedia":[{"embeddable":true,"href":"https:\/\/www.argensend.com\/en\/wp-json\/wp\/v2\/media\/58998"}],"wp:attachment":[{"href":"https:\/\/www.argensend.com\/en\/wp-json\/wp\/v2\/media?parent=58997"}],"wp:term":[{"taxonomy":"brand","embeddable":true,"href":"https:\/\/www.argensend.com\/en\/wp-json\/wp\/v2\/etheme_brands?post=58997"},{"taxonomy":"product_brand","embeddable":true,"href":"https:\/\/www.argensend.com\/en\/wp-json\/wp\/v2\/product_brand?post=58997"},{"taxonomy":"product_cat","embeddable":true,"href":"https:\/\/www.argensend.com\/en\/wp-json\/wp\/v2\/product_cat?post=58997"},{"taxonomy":"product_tag","embeddable":true,"href":"https:\/\/www.argensend.com\/en\/wp-json\/wp\/v2\/product_tag?post=58997"}],"curies":[{"name":"wp","href":"https:\/\/api.w.org\/{rel}","templated":true}]}}