{"id":59097,"date":"2023-01-16T10:25:44","date_gmt":"2023-01-16T13:25:44","guid":{"rendered":"https:\/\/www.argensend.com\/?post_type=product&#038;p=59097"},"modified":"2024-12-06T16:32:51","modified_gmt":"2024-12-06T19:32:51","slug":"gaturro-mundial-qatar-2022-gaturro-world-cup-qatar-2022","status":"publish","type":"product","link":"https:\/\/www.argensend.com\/en\/product\/gaturro-mundial-qatar-2022-gaturro-world-cup-qatar-2022\/","title":{"rendered":"Gaturro Mundial Qatar 2022"},"content":{"rendered":"","protected":false},"excerpt":{"rendered":"<div class=\"ui-pdp-qadb\">\u00a1Gaturro va al mundial y lo quiere compartir con vos! En este comic encontr\u00e1 39 tiras in\u00e9ditas, datos y curiosidades de los 32 pa\u00edses que participar\u00e1n del Mundial Qatar. Informaci\u00f3n sobre los jugadores estrella y contenido exclusivo sobre los estadios incre\u00edbles donde tendr\u00e1n lugar los partidos.<br \/>\n\u00a1Los mejores chistes de Mundial, jugadores de los 32 pa\u00edses participantes, datos curiosos, los 8 estadios y mucho m\u00e1s!<\/div>\n<div class=\"ui-pdp-qadb\">EN:<\/div>\n<div class=\"ui-pdp-qadb\">Gaturro is going to the World Cup and he wants to share it with you! In this comic you will find 39 unpublished strips, facts and curiosities about the 32 countries that will participate in the Qatar World Cup. Information about the star players and exclusive content about the incredible stadiums where the matches will take place.The best World Cup jokes, players from the 32 participating countries, curious facts, the 8 stadiums and much more!<\/div>","protected":false},"featured_media":59098,"comment_status":"closed","ping_status":"closed","template":"","meta":{"_acf_changed":false,"om_disable_all_campaigns":false,"_monsterinsights_skip_tracking":false,"_monsterinsights_sitenote_active":false,"_monsterinsights_sitenote_note":"","_monsterinsights_sitenote_category":0},"etheme_brands":[],"product_brand":[],"product_cat":[9012,685,4227,1212],"product_tag":[3423,755,9177,752,3370,1121],"class_list":{"0":"post-59097","1":"product","2":"type-product","3":"status-publish","4":"has-post-thumbnail","6":"product_cat-argentina-campeon-del-mundo","7":"product_cat-libros","8":"product_cat-libros-infantiles-juveniles","9":"product_cat-seleccion-argentina","10":"product_tag-3423","11":"product_tag-book","12":"product_tag-gaturro","13":"product_tag-libro","14":"product_tag-mundial","15":"product_tag-qatar","17":"first","18":"instock","19":"taxable","20":"shipping-taxable","21":"purchasable","22":"product-type-simple"},"acf":[],"aioseo_notices":[],"_links":{"self":[{"href":"https:\/\/www.argensend.com\/en\/wp-json\/wp\/v2\/product\/59097","targetHints":{"allow":["GET"]}}],"collection":[{"href":"https:\/\/www.argensend.com\/en\/wp-json\/wp\/v2\/product"}],"about":[{"href":"https:\/\/www.argensend.com\/en\/wp-json\/wp\/v2\/types\/product"}],"replies":[{"embeddable":true,"href":"https:\/\/www.argensend.com\/en\/wp-json\/wp\/v2\/comments?post=59097"}],"version-history":[{"count":1,"href":"https:\/\/www.argensend.com\/en\/wp-json\/wp\/v2\/product\/59097\/revisions"}],"predecessor-version":[{"id":70900,"href":"https:\/\/www.argensend.com\/en\/wp-json\/wp\/v2\/product\/59097\/revisions\/70900"}],"wp:featuredmedia":[{"embeddable":true,"href":"https:\/\/www.argensend.com\/en\/wp-json\/wp\/v2\/media\/59098"}],"wp:attachment":[{"href":"https:\/\/www.argensend.com\/en\/wp-json\/wp\/v2\/media?parent=59097"}],"wp:term":[{"taxonomy":"brand","embeddable":true,"href":"https:\/\/www.argensend.com\/en\/wp-json\/wp\/v2\/etheme_brands?post=59097"},{"taxonomy":"product_brand","embeddable":true,"href":"https:\/\/www.argensend.com\/en\/wp-json\/wp\/v2\/product_brand?post=59097"},{"taxonomy":"product_cat","embeddable":true,"href":"https:\/\/www.argensend.com\/en\/wp-json\/wp\/v2\/product_cat?post=59097"},{"taxonomy":"product_tag","embeddable":true,"href":"https:\/\/www.argensend.com\/en\/wp-json\/wp\/v2\/product_tag?post=59097"}],"curies":[{"name":"wp","href":"https:\/\/api.w.org\/{rel}","templated":true}]}}