{"id":59099,"date":"2023-01-16T10:26:50","date_gmt":"2023-01-16T13:26:50","guid":{"rendered":"https:\/\/www.argensend.com\/?post_type=product&#038;p=59099"},"modified":"2024-12-06T16:32:51","modified_gmt":"2024-12-06T19:32:51","slug":"libro-gran-desafio-gaturro-y-lio-book-great-challenge-gaturro-and-lio","status":"publish","type":"product","link":"https:\/\/www.argensend.com\/en\/product\/libro-gran-desafio-gaturro-y-lio-book-great-challenge-gaturro-and-lio\/","title":{"rendered":"Libro gran Desafio Gaturro y Lio"},"content":{"rendered":"","protected":false},"excerpt":{"rendered":"<p>El campito del barrio est\u00e1 en peligro. \u00a1Las topadoras de Vito Tecnoli amenazan con destruirlo! Los chicos ya no podr\u00e1n jugar al f\u00fatbol y los vecinos perder\u00e1n su lugar de encuentro favorito. \u00bfQu\u00e9 podr\u00e1n hacer Gaturro y su familia para salvarlo? \u00a1Emprender un viaje fascinante para ir a buscar a la \u00fanica persona en el mundo que puede ayudarlos!\u00a0 Lio y Gaturro deber\u00e1n unirse para enfrentar juntos un gran desaf\u00edo: \u00a1\u00a1jugar el partido de f\u00fatbol de sus vidas y salvar el campito!! \u00bfPodr\u00e1n lograrlo? \u00bfDerrotar\u00e1n al superequipo de Vito?\u00a0 \u00a0 Acompa\u00f1a a Lio, Gaturro y sus amigos en esta incre\u00edble aventura llena de humor, color y diversi\u00f3n.<\/p>\n<p>EN:<\/p>\n<p>The neighborhood&#8217;s playground is in danger: Vito Tecnoli&#8217;s bulldozers threaten to destroy it! The kids will no longer be able to play soccer and the neighbors will lose their favorite meeting place. What can Gaturro and his family do to save it? Embark on a fascinating journey to find the only person in the world who can help them! Lio and Gaturro must unite to face a great challenge together: play the soccer game of their lives and save the little camp!!! Can they do it? Can they defeat Vito&#8217;s superteam? Join Lio, Gaturro and their friends in this incredible adventure full of humor, color and fun.<\/p>","protected":false},"featured_media":59100,"comment_status":"closed","ping_status":"closed","template":"","meta":{"_acf_changed":false,"om_disable_all_campaigns":false,"_monsterinsights_skip_tracking":false,"_monsterinsights_sitenote_active":false,"_monsterinsights_sitenote_note":"","_monsterinsights_sitenote_category":0},"etheme_brands":[],"product_brand":[],"product_cat":[9012,685,4227,1212],"product_tag":[3423,755,5931,5396,9177,752,1976,3370,1121],"class_list":{"0":"post-59099","1":"product","2":"type-product","3":"status-publish","4":"has-post-thumbnail","6":"product_cat-argentina-campeon-del-mundo","7":"product_cat-libros","8":"product_cat-libros-infantiles-juveniles","9":"product_cat-seleccion-argentina","10":"product_tag-3423","11":"product_tag-book","12":"product_tag-campeones","13":"product_tag-champion","14":"product_tag-gaturro","15":"product_tag-libro","16":"product_tag-messi","17":"product_tag-mundial","18":"product_tag-qatar","20":"first","21":"instock","22":"taxable","23":"shipping-taxable","24":"purchasable","25":"product-type-simple"},"acf":[],"aioseo_notices":[],"_links":{"self":[{"href":"https:\/\/www.argensend.com\/en\/wp-json\/wp\/v2\/product\/59099","targetHints":{"allow":["GET"]}}],"collection":[{"href":"https:\/\/www.argensend.com\/en\/wp-json\/wp\/v2\/product"}],"about":[{"href":"https:\/\/www.argensend.com\/en\/wp-json\/wp\/v2\/types\/product"}],"replies":[{"embeddable":true,"href":"https:\/\/www.argensend.com\/en\/wp-json\/wp\/v2\/comments?post=59099"}],"version-history":[{"count":2,"href":"https:\/\/www.argensend.com\/en\/wp-json\/wp\/v2\/product\/59099\/revisions"}],"predecessor-version":[{"id":103019,"href":"https:\/\/www.argensend.com\/en\/wp-json\/wp\/v2\/product\/59099\/revisions\/103019"}],"wp:featuredmedia":[{"embeddable":true,"href":"https:\/\/www.argensend.com\/en\/wp-json\/wp\/v2\/media\/59100"}],"wp:attachment":[{"href":"https:\/\/www.argensend.com\/en\/wp-json\/wp\/v2\/media?parent=59099"}],"wp:term":[{"taxonomy":"brand","embeddable":true,"href":"https:\/\/www.argensend.com\/en\/wp-json\/wp\/v2\/etheme_brands?post=59099"},{"taxonomy":"product_brand","embeddable":true,"href":"https:\/\/www.argensend.com\/en\/wp-json\/wp\/v2\/product_brand?post=59099"},{"taxonomy":"product_cat","embeddable":true,"href":"https:\/\/www.argensend.com\/en\/wp-json\/wp\/v2\/product_cat?post=59099"},{"taxonomy":"product_tag","embeddable":true,"href":"https:\/\/www.argensend.com\/en\/wp-json\/wp\/v2\/product_tag?post=59099"}],"curies":[{"name":"wp","href":"https:\/\/api.w.org\/{rel}","templated":true}]}}