{"id":59111,"date":"2023-01-16T11:52:52","date_gmt":"2023-01-16T14:52:52","guid":{"rendered":"https:\/\/www.argensend.com\/?post_type=product&#038;p=59111"},"modified":"2025-11-05T08:57:35","modified_gmt":"2025-11-05T11:57:35","slug":"jorgito-alfajor-mini-fruta-caja-24-pack-fruit-box-of-24-units","status":"publish","type":"product","link":"https:\/\/www.argensend.com\/en\/product\/jorgito-alfajor-mini-fruta-caja-24-pack-fruit-box-of-24-units\/","title":{"rendered":"Jorgito &#8211; Caja Alfajor Mini Chocolate 18 pack"},"content":{"rendered":"","protected":false},"excerpt":{"rendered":"<p>EL CL\u00c1SICo JoRGITo PERo EN UN TAMA\u00d1o M\u00c1S PEQUE\u00d1o El paquete contiene 6 bocaditos de alfajores Jorgito tradicionales Chocolate negro (Caja viene de 18 packs)<\/p>\n<p>THE CLASSIC JoRGITo BUT IN A SMALLER SIZE The package contains 6 bites of traditional Jorgito alfajores Black Chocolate.(Box comes with 18 packs)<\/p>","protected":false},"featured_media":59119,"comment_status":"closed","ping_status":"closed","template":"","meta":{"_acf_changed":false,"om_disable_all_campaigns":false,"_monsterinsights_skip_tracking":false,"_monsterinsights_sitenote_active":false,"_monsterinsights_sitenote_note":"","_monsterinsights_sitenote_category":0},"etheme_brands":[],"product_brand":[],"product_cat":[83,2111],"product_tag":[156,224,162,159,158,60,285,10663,1304],"class_list":{"0":"post-59111","1":"product","2":"type-product","3":"status-publish","4":"has-post-thumbnail","6":"product_cat-alfajores-conitos","7":"product_cat-proveeduria","8":"product_tag-alfajor","9":"product_tag-argentino","10":"product_tag-blanco","11":"product_tag-chocolate","12":"product_tag-clasico","13":"product_tag-dulce-de-leche","14":"product_tag-jorgito","15":"product_tag-jorgitotag","16":"product_tag-mini","18":"first","19":"instock","20":"taxable","21":"shipping-taxable","22":"purchasable","23":"product-type-simple"},"acf":[],"aioseo_notices":[],"_links":{"self":[{"href":"https:\/\/www.argensend.com\/en\/wp-json\/wp\/v2\/product\/59111","targetHints":{"allow":["GET"]}}],"collection":[{"href":"https:\/\/www.argensend.com\/en\/wp-json\/wp\/v2\/product"}],"about":[{"href":"https:\/\/www.argensend.com\/en\/wp-json\/wp\/v2\/types\/product"}],"replies":[{"embeddable":true,"href":"https:\/\/www.argensend.com\/en\/wp-json\/wp\/v2\/comments?post=59111"}],"version-history":[{"count":5,"href":"https:\/\/www.argensend.com\/en\/wp-json\/wp\/v2\/product\/59111\/revisions"}],"predecessor-version":[{"id":114140,"href":"https:\/\/www.argensend.com\/en\/wp-json\/wp\/v2\/product\/59111\/revisions\/114140"}],"wp:featuredmedia":[{"embeddable":true,"href":"https:\/\/www.argensend.com\/en\/wp-json\/wp\/v2\/media\/59119"}],"wp:attachment":[{"href":"https:\/\/www.argensend.com\/en\/wp-json\/wp\/v2\/media?parent=59111"}],"wp:term":[{"taxonomy":"brand","embeddable":true,"href":"https:\/\/www.argensend.com\/en\/wp-json\/wp\/v2\/etheme_brands?post=59111"},{"taxonomy":"product_brand","embeddable":true,"href":"https:\/\/www.argensend.com\/en\/wp-json\/wp\/v2\/product_brand?post=59111"},{"taxonomy":"product_cat","embeddable":true,"href":"https:\/\/www.argensend.com\/en\/wp-json\/wp\/v2\/product_cat?post=59111"},{"taxonomy":"product_tag","embeddable":true,"href":"https:\/\/www.argensend.com\/en\/wp-json\/wp\/v2\/product_tag?post=59111"}],"curies":[{"name":"wp","href":"https:\/\/api.w.org\/{rel}","templated":true}]}}