{"id":59264,"date":"2023-01-17T10:30:43","date_gmt":"2023-01-17T13:30:43","guid":{"rendered":"https:\/\/www.argensend.com\/?post_type=product&#038;p=59264"},"modified":"2024-12-06T16:32:59","modified_gmt":"2024-12-06T19:32:59","slug":"messi-cartel-chapa-argentina-campeon-del-mundo-plate-poster-argentina-world-champion","status":"publish","type":"product","link":"https:\/\/www.argensend.com\/en\/product\/messi-cartel-chapa-argentina-campeon-del-mundo-plate-poster-argentina-world-champion\/","title":{"rendered":"Messi &#8211; Cartel Chapa Argentina Campe\u00f3n Del Mundo"},"content":{"rendered":"","protected":false},"excerpt":{"rendered":"<p>Aclaraci\u00f3n: el producto se encontrar\u00e1 disponible para ser despachado 5 d\u00edas h\u00e1biles\u00a0 despu\u00e9s de su compra.<\/p>\n<p>Medidas 40x30cm<br \/>\nEspesor: 0,5mm<br \/>\nNo es vinilo, esta estampado sobre la chapa, lo que le da una terminaci\u00f3n mas rustica y artesanal.<\/p>\n<p>EN:<\/p>\n<p>Note: The product will be available for shipment 15 days after your purchase.<br \/>\nMeasurements: 40x30cm<br \/>\nThickness: 0,5mm<br \/>\nIt is not vinyl, it is stamped on the veneer, which gives it a more rustic and handmade finish.<\/p>","protected":false},"featured_media":59261,"comment_status":"closed","ping_status":"closed","template":"","meta":{"_acf_changed":false,"om_disable_all_campaigns":false,"_monsterinsights_skip_tracking":false,"_monsterinsights_sitenote_active":false,"_monsterinsights_sitenote_note":"","_monsterinsights_sitenote_category":0},"etheme_brands":[],"product_brand":[],"product_cat":[9012,606],"product_tag":[203,234,224,3471,202,3417,5786,1007,3488,342,5249,1976,7629,353,9403],"class_list":{"0":"post-59264","1":"product","2":"type-product","3":"status-publish","4":"has-post-thumbnail","6":"product_cat-argentina-campeon-del-mundo","7":"product_cat-cocina-deco-bazar","8":"product_tag-argentina","9":"product_tag-argentine","10":"product_tag-argentino","11":"product_tag-bandera","12":"product_tag-buenos-aires","13":"product_tag-campeon","14":"product_tag-cartel","15":"product_tag-chapa","16":"product_tag-flag","17":"product_tag-grande","18":"product_tag-large","19":"product_tag-messi","20":"product_tag-placa","21":"product_tag-plate","22":"product_tag-scaloneta","24":"first","25":"instock","26":"taxable","27":"shipping-taxable","28":"purchasable","29":"product-type-simple"},"acf":[],"aioseo_notices":[],"_links":{"self":[{"href":"https:\/\/www.argensend.com\/en\/wp-json\/wp\/v2\/product\/59264","targetHints":{"allow":["GET"]}}],"collection":[{"href":"https:\/\/www.argensend.com\/en\/wp-json\/wp\/v2\/product"}],"about":[{"href":"https:\/\/www.argensend.com\/en\/wp-json\/wp\/v2\/types\/product"}],"replies":[{"embeddable":true,"href":"https:\/\/www.argensend.com\/en\/wp-json\/wp\/v2\/comments?post=59264"}],"version-history":[{"count":2,"href":"https:\/\/www.argensend.com\/en\/wp-json\/wp\/v2\/product\/59264\/revisions"}],"predecessor-version":[{"id":72540,"href":"https:\/\/www.argensend.com\/en\/wp-json\/wp\/v2\/product\/59264\/revisions\/72540"}],"wp:featuredmedia":[{"embeddable":true,"href":"https:\/\/www.argensend.com\/en\/wp-json\/wp\/v2\/media\/59261"}],"wp:attachment":[{"href":"https:\/\/www.argensend.com\/en\/wp-json\/wp\/v2\/media?parent=59264"}],"wp:term":[{"taxonomy":"brand","embeddable":true,"href":"https:\/\/www.argensend.com\/en\/wp-json\/wp\/v2\/etheme_brands?post=59264"},{"taxonomy":"product_brand","embeddable":true,"href":"https:\/\/www.argensend.com\/en\/wp-json\/wp\/v2\/product_brand?post=59264"},{"taxonomy":"product_cat","embeddable":true,"href":"https:\/\/www.argensend.com\/en\/wp-json\/wp\/v2\/product_cat?post=59264"},{"taxonomy":"product_tag","embeddable":true,"href":"https:\/\/www.argensend.com\/en\/wp-json\/wp\/v2\/product_tag?post=59264"}],"curies":[{"name":"wp","href":"https:\/\/api.w.org\/{rel}","templated":true}]}}